{"id":10495,"date":"2024-12-10T10:14:54","date_gmt":"2024-12-10T10:14:54","guid":{"rendered":"https:\/\/ozuecem.net\/?page_id=10495"},"modified":"2025-12-01T16:02:14","modified_gmt":"2025-12-01T16:02:14","slug":"tusiad","status":"publish","type":"page","link":"https:\/\/ozuecem.net\/en\/industrial-collaborations\/tusiad\/","title":{"rendered":"T\u00dcS\u0130AD"},"content":{"rendered":"\t\t<div data-elementor-type=\"wp-page\" data-elementor-id=\"10495\" class=\"elementor elementor-10495 elementor-10494\" data-elementor-post-type=\"page\">\n\t\t\t\t\t\t<section class=\"elementor-section elementor-top-section elementor-element elementor-element-6bf5cab elementor-section-boxed elementor-section-height-default elementor-section-height-default\" data-id=\"6bf5cab\" data-element_type=\"section\">\n\t\t\t\t\t\t<div class=\"elementor-container elementor-column-gap-default\">\n\t\t\t\t\t<div class=\"elementor-column elementor-col-50 elementor-top-column elementor-element elementor-element-f9cdcb7\" data-id=\"f9cdcb7\" data-element_type=\"column\">\n\t\t\t<div class=\"elementor-widget-wrap elementor-element-populated\">\n\t\t\t\t\t\t<div class=\"elementor-element elementor-element-457d58f elementor-widget elementor-widget-text-editor\" data-id=\"457d58f\" data-element_type=\"widget\" data-settings=\"{&quot;ekit_we_effect_on&quot;:&quot;none&quot;}\" data-widget_type=\"text-editor.default\">\n\t\t\t\t<div class=\"elementor-widget-container\">\n\t\t\t\t\t\t\t\t\t<p><strong>Project Duration:<\/strong> 09\/2023 \u2013 12\/2024<\/p><p><strong>Project Team:<\/strong> M. P\u0131nar Meng\u00fc\u00e7, Kaan G\u00fcrel (E\u00c7EM)<\/p><p><strong>Project Partners:<\/strong> T\u00dcS\u0130AD, \u00d6zye\u011fin University \u2013 E\u00c7EM<\/p><p>The Turkish Industry and Business Association (T\u00dcS\u0130AD) and \u00d6zye\u011fin University&#8217;s Center for Energy, Environment, and Economy (CEEE) collaborated to develop the &#8220;Turkey&#8217;s Industrial Energy Efficiency Outlook Project,&#8221; which kicked started on September 13, 2023. The project&#8217;s goal is to evaluate the energy efficiency and savings potential of Turkey&#8217;s top industrial sectors in comparison to national and international standards. The project&#8217;s primary goals are to raise awareness of energy efficiency, provide a comprehensive overview of Turkey&#8217;s industrial energy efficiency landscape, contribute to the best possible implementation of energy efficiency potential in the industry, and provide guidance for transitioning from energy savings to energy efficiency.<\/p><p>\u00a0<\/p><p style=\"text-align: center;\"><span style=\"font-size: 14pt;\"><strong><span style=\"color: #3366ff;\"><a style=\"color: #3366ff;\" href=\"https:\/\/ozuecem.net\/wp-content\/uploads\/2025\/12\/Sektorler-Raporu-Turkiyenin-Sanayide-Enerji-Verimliligi-Gorunumu-Projesi.pdf\">T\u00fcrkiye\u2019s Industrial Energy Efficiency Outlook Project: The Sectoral Outlook Report is Completed!<\/a><\/span><\/strong><\/span><\/p>\t\t\t\t\t\t\t\t<\/div>\n\t\t\t\t<\/div>\n\t\t\t\t\t<\/div>\n\t\t<\/div>\n\t\t\t\t<div class=\"elementor-column elementor-col-50 elementor-top-column elementor-element elementor-element-027c0fa\" data-id=\"027c0fa\" data-element_type=\"column\">\n\t\t\t<div class=\"elementor-widget-wrap elementor-element-populated\">\n\t\t\t\t\t\t<section class=\"elementor-section elementor-inner-section elementor-element elementor-element-e513000 elementor-section-boxed elementor-section-height-default elementor-section-height-default\" data-id=\"e513000\" data-element_type=\"section\">\n\t\t\t\t\t\t<div class=\"elementor-container elementor-column-gap-default\">\n\t\t\t\t\t<div class=\"elementor-column elementor-col-100 elementor-inner-column elementor-element elementor-element-4ea9f10\" data-id=\"4ea9f10\" data-element_type=\"column\">\n\t\t\t<div class=\"elementor-widget-wrap elementor-element-populated\">\n\t\t\t\t\t\t<div class=\"elementor-element elementor-element-5d84b2e elementor-widget elementor-widget-image\" data-id=\"5d84b2e\" data-element_type=\"widget\" data-settings=\"{&quot;ekit_we_effect_on&quot;:&quot;none&quot;}\" data-widget_type=\"image.default\">\n\t\t\t\t<div class=\"elementor-widget-container\">\n\t\t\t\t\t\t\t\t\t\t\t\t\t\t\t<img decoding=\"async\" src=\"https:\/\/ozuecem.net\/wp-content\/uploads\/elementor\/thumbs\/tusiad-qyar1k3qcibk2jfc1ukl09klshvca1x43md9wbkqv4.png\" title=\"t\u00fcsiad\" alt=\"t\u00fcsiad\" loading=\"lazy\" \/>\t\t\t\t\t\t\t\t\t\t\t\t\t\t\t<\/div>\n\t\t\t\t<\/div>\n\t\t\t\t\t<\/div>\n\t\t<\/div>\n\t\t\t\t\t<\/div>\n\t\t<\/section>\n\t\t\t\t\t<\/div>\n\t\t<\/div>\n\t\t\t\t\t<\/div>\n\t\t<\/section>\n\t\t\t\t<\/div>\n\t\t","protected":false},"excerpt":{"rendered":"<p>Project Duration: 09\/2023 \u2013 12\/2024 Project Team: M. P\u0131nar Meng\u00fc\u00e7, Kaan G\u00fcrel (E\u00c7EM) Project Partners: T\u00dcS\u0130AD, \u00d6zye\u011fin University \u2013 E\u00c7EM The Turkish Industry and Business Association (T\u00dcS\u0130AD) and \u00d6zye\u011fin University&#8217;s Center for Energy, Environment, and Economy (CEEE) collaborated to develop the &#8220;Turkey&#8217;s Industrial Energy Efficiency Outlook Project,&#8221; which kicked started on September 13, 2023. The [&hellip;]<\/p>\n","protected":false},"author":1,"featured_media":0,"parent":6869,"menu_order":0,"comment_status":"closed","ping_status":"closed","template":"template\/full-width-template.php","meta":{"footnotes":""},"class_list":["post-10495","page","type-page","status-publish","hentry"],"_links":{"self":[{"href":"https:\/\/ozuecem.net\/en\/wp-json\/wp\/v2\/pages\/10495","targetHints":{"allow":["GET"]}}],"collection":[{"href":"https:\/\/ozuecem.net\/en\/wp-json\/wp\/v2\/pages"}],"about":[{"href":"https:\/\/ozuecem.net\/en\/wp-json\/wp\/v2\/types\/page"}],"author":[{"embeddable":true,"href":"https:\/\/ozuecem.net\/en\/wp-json\/wp\/v2\/users\/1"}],"replies":[{"embeddable":true,"href":"https:\/\/ozuecem.net\/en\/wp-json\/wp\/v2\/comments?post=10495"}],"version-history":[{"count":10,"href":"https:\/\/ozuecem.net\/en\/wp-json\/wp\/v2\/pages\/10495\/revisions"}],"predecessor-version":[{"id":11489,"href":"https:\/\/ozuecem.net\/en\/wp-json\/wp\/v2\/pages\/10495\/revisions\/11489"}],"up":[{"embeddable":true,"href":"https:\/\/ozuecem.net\/en\/wp-json\/wp\/v2\/pages\/6869"}],"wp:attachment":[{"href":"https:\/\/ozuecem.net\/en\/wp-json\/wp\/v2\/media?parent=10495"}],"curies":[{"name":"wp","href":"https:\/\/api.w.org\/{rel}","templated":true}]}}