{"id":10498,"date":"2024-12-10T10:15:07","date_gmt":"2024-12-10T10:15:07","guid":{"rendered":"https:\/\/ozuecem.net\/?page_id=10498"},"modified":"2024-12-12T09:54:16","modified_gmt":"2024-12-12T09:54:16","slug":"borcelik","status":"publish","type":"page","link":"https:\/\/ozuecem.net\/en\/industrial-collaborations\/borcelik\/","title":{"rendered":"BOR\u00c7EL\u0130K"},"content":{"rendered":"\t\t<div data-elementor-type=\"wp-page\" data-elementor-id=\"10498\" class=\"elementor elementor-10498 elementor-10497\" data-elementor-post-type=\"page\">\n\t\t\t\t\t\t<section class=\"elementor-section elementor-top-section elementor-element elementor-element-6bf5cab elementor-section-boxed elementor-section-height-default elementor-section-height-default\" data-id=\"6bf5cab\" data-element_type=\"section\">\n\t\t\t\t\t\t<div class=\"elementor-container elementor-column-gap-default\">\n\t\t\t\t\t<div class=\"elementor-column elementor-col-50 elementor-top-column elementor-element elementor-element-f9cdcb7\" data-id=\"f9cdcb7\" data-element_type=\"column\">\n\t\t\t<div class=\"elementor-widget-wrap elementor-element-populated\">\n\t\t\t\t\t\t<div class=\"elementor-element elementor-element-457d58f elementor-widget elementor-widget-text-editor\" data-id=\"457d58f\" data-element_type=\"widget\" data-settings=\"{&quot;ekit_we_effect_on&quot;:&quot;none&quot;}\" data-widget_type=\"text-editor.default\">\n\t\t\t\t<div class=\"elementor-widget-container\">\n\t\t\t\t\t\t\t\t\t<p><strong>Project Duration:<\/strong> 01\/12\/2023 \u2013 18\/01\/2024<\/p><p><strong>Project Team:<\/strong> M. P\u0131nar Meng\u00fc\u00e7, Kaan G\u00fcrel (CEEE)<\/p><p><strong>Project Partners:<\/strong> Bor\u00e7elik, \u00d6zye\u011fin University \u2013 CEEE<\/p><p>\u00a0<\/p><p>Bor\u00e7elik, one of Turkey&#8217;s top steel manufacturers, partnered with M. P\u0131nar Meng\u00fc\u00e7 and CEEE Specialist Kaan G\u00fcrel on a comprehensive project to improve energy efficiency. Phase 0, the first stage of the project, was successfully completed with a site visit to Bor\u00e7elik&#8217;s production facility in Gemlik. The facility&#8217;s energy efficiency procedures were thoroughly examined during Phase 0, and a thorough report was written based on the results. Furthermore, CEEE presented Bor\u00e7elik&#8217;s management with a thorough plan for Phase 1, the following stage. An important step in achieving Bor\u00e7elik&#8217;s sustainability objectives, this phase will concentrate on putting energy efficiency projects into action and optimizing them.<\/p>\t\t\t\t\t\t\t\t<\/div>\n\t\t\t\t<\/div>\n\t\t\t\t\t<\/div>\n\t\t<\/div>\n\t\t\t\t<div class=\"elementor-column elementor-col-50 elementor-top-column elementor-element elementor-element-027c0fa\" data-id=\"027c0fa\" data-element_type=\"column\">\n\t\t\t<div class=\"elementor-widget-wrap elementor-element-populated\">\n\t\t\t\t\t\t<section class=\"elementor-section elementor-inner-section elementor-element elementor-element-e513000 elementor-section-boxed elementor-section-height-default elementor-section-height-default\" data-id=\"e513000\" data-element_type=\"section\">\n\t\t\t\t\t\t<div class=\"elementor-container elementor-column-gap-default\">\n\t\t\t\t\t<div class=\"elementor-column elementor-col-100 elementor-inner-column elementor-element elementor-element-4ea9f10\" data-id=\"4ea9f10\" data-element_type=\"column\">\n\t\t\t<div class=\"elementor-widget-wrap elementor-element-populated\">\n\t\t\t\t\t\t<div class=\"elementor-element elementor-element-5d84b2e elementor-widget elementor-widget-image\" data-id=\"5d84b2e\" data-element_type=\"widget\" data-settings=\"{&quot;ekit_we_effect_on&quot;:&quot;none&quot;}\" data-widget_type=\"image.default\">\n\t\t\t\t<div class=\"elementor-widget-container\">\n\t\t\t\t\t\t\t\t\t\t\t\t\t\t\t<img decoding=\"async\" src=\"https:\/\/ozuecem.net\/wp-content\/uploads\/elementor\/thumbs\/borcelik-qyar1mx8x0ff1db8ldsgpquzknhfx58b40bqc5gkcg.png\" title=\"borcelik\" alt=\"borcelik\" loading=\"lazy\" \/>\t\t\t\t\t\t\t\t\t\t\t\t\t\t\t<\/div>\n\t\t\t\t<\/div>\n\t\t\t\t\t<\/div>\n\t\t<\/div>\n\t\t\t\t\t<\/div>\n\t\t<\/section>\n\t\t\t\t\t<\/div>\n\t\t<\/div>\n\t\t\t\t\t<\/div>\n\t\t<\/section>\n\t\t\t\t<\/div>\n\t\t","protected":false},"excerpt":{"rendered":"<p>Project Duration: 01\/12\/2023 \u2013 18\/01\/2024 Project Team: M. P\u0131nar Meng\u00fc\u00e7, Kaan G\u00fcrel (CEEE) Project Partners: Bor\u00e7elik, \u00d6zye\u011fin University \u2013 CEEE \u00a0 Bor\u00e7elik, one of Turkey&#8217;s top steel manufacturers, partnered with M. P\u0131nar Meng\u00fc\u00e7 and CEEE Specialist Kaan G\u00fcrel on a comprehensive project to improve energy efficiency. Phase 0, the first stage of the project, was [&hellip;]<\/p>\n","protected":false},"author":1,"featured_media":0,"parent":6869,"menu_order":0,"comment_status":"closed","ping_status":"closed","template":"template\/full-width-template.php","meta":{"footnotes":""},"class_list":["post-10498","page","type-page","status-publish","hentry"],"_links":{"self":[{"href":"https:\/\/ozuecem.net\/en\/wp-json\/wp\/v2\/pages\/10498","targetHints":{"allow":["GET"]}}],"collection":[{"href":"https:\/\/ozuecem.net\/en\/wp-json\/wp\/v2\/pages"}],"about":[{"href":"https:\/\/ozuecem.net\/en\/wp-json\/wp\/v2\/types\/page"}],"author":[{"embeddable":true,"href":"https:\/\/ozuecem.net\/en\/wp-json\/wp\/v2\/users\/1"}],"replies":[{"embeddable":true,"href":"https:\/\/ozuecem.net\/en\/wp-json\/wp\/v2\/comments?post=10498"}],"version-history":[{"count":7,"href":"https:\/\/ozuecem.net\/en\/wp-json\/wp\/v2\/pages\/10498\/revisions"}],"predecessor-version":[{"id":10550,"href":"https:\/\/ozuecem.net\/en\/wp-json\/wp\/v2\/pages\/10498\/revisions\/10550"}],"up":[{"embeddable":true,"href":"https:\/\/ozuecem.net\/en\/wp-json\/wp\/v2\/pages\/6869"}],"wp:attachment":[{"href":"https:\/\/ozuecem.net\/en\/wp-json\/wp\/v2\/media?parent=10498"}],"curies":[{"name":"wp","href":"https:\/\/api.w.org\/{rel}","templated":true}]}}