{"id":11295,"date":"2023-10-11T10:22:06","date_gmt":"2023-10-11T10:22:06","guid":{"rendered":"https:\/\/ozuecem.net\/legofit-2\/"},"modified":"2025-11-24T12:50:48","modified_gmt":"2025-11-24T12:50:48","slug":"legofit-en","status":"publish","type":"page","link":"https:\/\/ozuecem.net\/en\/legofit-en\/","title":{"rendered":"H2020 &#8211; LEGOFIT"},"content":{"rendered":"\t\t<div data-elementor-type=\"wp-page\" data-elementor-id=\"11295\" class=\"elementor elementor-11295 elementor-9437\" data-elementor-post-type=\"page\">\n\t\t\t\t\t\t<section class=\"elementor-section elementor-top-section elementor-element elementor-element-f2d258a elementor-section-boxed elementor-section-height-default elementor-section-height-default\" data-id=\"f2d258a\" data-element_type=\"section\">\n\t\t\t\t\t\t<div class=\"elementor-container elementor-column-gap-default\">\n\t\t\t\t\t<div class=\"elementor-column elementor-col-50 elementor-top-column elementor-element elementor-element-8dc10d1\" data-id=\"8dc10d1\" data-element_type=\"column\">\n\t\t\t<div class=\"elementor-widget-wrap elementor-element-populated\">\n\t\t\t\t\t\t<div class=\"elementor-element elementor-element-fd378ab elementor-widget elementor-widget-text-editor\" data-id=\"fd378ab\" data-element_type=\"widget\" data-settings=\"{&quot;ekit_we_effect_on&quot;:&quot;none&quot;}\" data-widget_type=\"text-editor.default\">\n\t\t\t\t<div class=\"elementor-widget-container\">\n\t\t\t\t\t\t\t\t\t<p><\/p>\n<p><strong>Project Start-End Date:<\/strong> 04\/2023 &#8211; ongoing<\/p>\n<p><strong>Planned Duration:<\/strong> 4 years<\/p>\n<p><strong>Funded by:<\/strong>&nbsp;EU Horizon 2020&nbsp;<\/p>\n<p><strong>Project Budget:<\/strong>&nbsp;\u223d\u20ac6,000,000.00 Total EU Contribution, OzU CEEE Budget: \u20ac700,922.50<\/p>\n<p><strong>Implementation Building:<\/strong> Dormitory 6, \u00d6zye\u011fin University, Istanbul<\/p>\n<p><strong>Project Team:<\/strong> M. P\u0131nar Meng\u00fc\u00e7, G\u00f6k\u00e7e Tomruk\u00e7u, Cem Keskin, Dilek Sayg\u0131<\/p>\n<p><strong>Coordinator:<\/strong> Demir Enerji (TR)<\/p>\n<p><strong>Project Partners:<\/strong> Spain, Italy, Belgium, France, Sweden, Hungary, Serbia, Luxembourg, Ireland<\/p>\n<p><strong>Website: <\/strong>www.legofit.eu<\/p>\t\t\t\t\t\t\t\t<\/div>\n\t\t\t\t<\/div>\n\t\t\t\t\t<\/div>\n\t\t<\/div>\n\t\t\t\t<div class=\"elementor-column elementor-col-50 elementor-top-column elementor-element elementor-element-3a4618e\" data-id=\"3a4618e\" data-element_type=\"column\">\n\t\t\t<div class=\"elementor-widget-wrap elementor-element-populated\">\n\t\t\t\t\t\t<div class=\"elementor-element elementor-element-3a4c613 elementor-widget__width-initial elementor-widget elementor-widget-image\" data-id=\"3a4c613\" data-element_type=\"widget\" data-settings=\"{&quot;ekit_we_effect_on&quot;:&quot;none&quot;}\" data-widget_type=\"image.default\">\n\t\t\t\t<div class=\"elementor-widget-container\">\n\t\t\t\t\t\t\t\t\t\t\t\t\t\t\t<img decoding=\"async\" width=\"501\" height=\"76\" src=\"https:\/\/ozuecem.net\/wp-content\/uploads\/2023\/10\/Logo_Horizontal-multicolor-500px.png\" class=\"attachment-large size-large wp-image-9444\" alt=\"\" \/>\t\t\t\t\t\t\t\t\t\t\t\t\t\t\t<\/div>\n\t\t\t\t<\/div>\n\t\t\t\t<div class=\"elementor-element elementor-element-5114d15 elementor-widget__width-initial elementor-widget elementor-widget-image\" data-id=\"5114d15\" data-element_type=\"widget\" data-settings=\"{&quot;ekit_we_effect_on&quot;:&quot;none&quot;}\" data-widget_type=\"image.default\">\n\t\t\t\t<div class=\"elementor-widget-container\">\n\t\t\t\t\t\t\t\t\t\t\t\t\t\t\t<img fetchpriority=\"high\" decoding=\"async\" width=\"910\" height=\"922\" src=\"https:\/\/ozuecem.net\/wp-content\/uploads\/2023\/10\/EN-V-Co-funded-by-the-EU_POS.jpg\" class=\"attachment-large size-large wp-image-9446\" alt=\"\" srcset=\"https:\/\/ozuecem.net\/wp-content\/uploads\/2023\/10\/EN-V-Co-funded-by-the-EU_POS.jpg 910w, https:\/\/ozuecem.net\/wp-content\/uploads\/2023\/10\/EN-V-Co-funded-by-the-EU_POS-768x778.jpg 768w\" sizes=\"(max-width: 910px) 100vw, 910px\" \/>\t\t\t\t\t\t\t\t\t\t\t\t\t\t\t<\/div>\n\t\t\t\t<\/div>\n\t\t\t\t\t<\/div>\n\t\t<\/div>\n\t\t\t\t\t<\/div>\n\t\t<\/section>\n\t\t\t\t<section class=\"elementor-section elementor-top-section elementor-element elementor-element-323574a elementor-section-boxed elementor-section-height-default elementor-section-height-default\" data-id=\"323574a\" data-element_type=\"section\">\n\t\t\t\t\t\t<div class=\"elementor-container elementor-column-gap-default\">\n\t\t\t\t\t<div class=\"elementor-column elementor-col-50 elementor-top-column elementor-element elementor-element-205b6014\" data-id=\"205b6014\" data-element_type=\"column\">\n\t\t\t<div class=\"elementor-widget-wrap elementor-element-populated\">\n\t\t\t\t\t\t<div class=\"elementor-element elementor-element-1ba9ff97 elementor-widget__width-initial elementor-widget elementor-widget-heading\" data-id=\"1ba9ff97\" data-element_type=\"widget\" data-settings=\"{&quot;ekit_we_effect_on&quot;:&quot;none&quot;}\" data-widget_type=\"heading.default\">\n\t\t\t\t<div class=\"elementor-widget-container\">\n\t\t\t\t\t<h4 class=\"elementor-heading-title elementor-size-default\">REASON<\/h4>\t\t\t\t<\/div>\n\t\t\t\t<\/div>\n\t\t\t\t<div class=\"elementor-element elementor-element-4697b5f7 elementor-widget elementor-widget-text-editor\" data-id=\"4697b5f7\" data-element_type=\"widget\" data-settings=\"{&quot;ekit_we_effect_on&quot;:&quot;none&quot;}\" data-widget_type=\"text-editor.default\">\n\t\t\t\t<div class=\"elementor-widget-container\">\n\t\t\t\t\t\t\t\t\t<p>LEGOFIT is a Horizon Europe-funded project that aims to develop, implement, and validate advanced, dynamic, and integrative approaches to create Energy Positive Homes (EPH). The initiative focuses on scalable and replicable smart solutions for both construction and renovation through:<\/p><ul><li>Developing a BIM-based design platform that integrates technologies for seamless information exchange and system interoperability, tailored for both professionals and end-users.<\/li><li>Integrating active and passive strategies, including nature-based solutions, with smart management technologies to achieve climate-neutral, high-energy performance buildings that provide maximum user comfort and flexibility.<\/li><\/ul>\t\t\t\t\t\t\t\t<\/div>\n\t\t\t\t<\/div>\n\t\t\t\t\t<\/div>\n\t\t<\/div>\n\t\t\t\t<div class=\"elementor-column elementor-col-50 elementor-top-column elementor-element elementor-element-704b31cc\" data-id=\"704b31cc\" data-element_type=\"column\">\n\t\t\t<div class=\"elementor-widget-wrap elementor-element-populated\">\n\t\t\t\t\t\t<div class=\"elementor-element elementor-element-cd46ee5 elementor-widget elementor-widget-text-editor\" data-id=\"cd46ee5\" data-element_type=\"widget\" data-settings=\"{&quot;ekit_we_effect_on&quot;:&quot;none&quot;}\" data-widget_type=\"text-editor.default\">\n\t\t\t\t<div class=\"elementor-widget-container\">\n\t\t\t\t\t\t\t\t\t<ul>\n \t<li>Exploring innovative ways to minimize environmental impacts through the smart use of solid and liquid residues generated during different building life cycle stages.<\/li>\n \t<li>Promoting sustainable buildings that meet economic, social, and environmental criteria while enhancing their smart readiness.<\/li>\n<\/ul>\nLEGOFIT also actively engages professionals through a stakeholder community and training courses, fostering a new generation of experts with the knowledge and skills necessary for Energy Positive Homes. Additionally, the solutions are planned to be demonstrated in more than three real-life pilot sites across diverse geographical, cultural, and construction\/market maturity contexts to ensure transferability and scalability.\t\t\t\t\t\t\t\t<\/div>\n\t\t\t\t<\/div>\n\t\t\t\t\t<\/div>\n\t\t<\/div>\n\t\t\t\t\t<\/div>\n\t\t<\/section>\n\t\t\t\t<section class=\"elementor-section elementor-top-section elementor-element elementor-element-240232 elementor-section-boxed elementor-section-height-default elementor-section-height-default\" data-id=\"240232\" data-element_type=\"section\" data-settings=\"{&quot;background_background&quot;:&quot;classic&quot;}\">\n\t\t\t\t\t\t<div class=\"elementor-container elementor-column-gap-default\">\n\t\t\t\t\t<div class=\"elementor-column elementor-col-100 elementor-top-column elementor-element elementor-element-789e40c1\" data-id=\"789e40c1\" data-element_type=\"column\">\n\t\t\t<div class=\"elementor-widget-wrap elementor-element-populated\">\n\t\t\t\t\t\t<section class=\"elementor-section elementor-inner-section elementor-element elementor-element-413608de elementor-section-boxed elementor-section-height-default elementor-section-height-default\" data-id=\"413608de\" data-element_type=\"section\">\n\t\t\t\t\t\t<div class=\"elementor-container elementor-column-gap-default\">\n\t\t\t\t\t<div class=\"elementor-column elementor-col-50 elementor-inner-column elementor-element elementor-element-522578ab\" data-id=\"522578ab\" data-element_type=\"column\">\n\t\t\t<div class=\"elementor-widget-wrap elementor-element-populated\">\n\t\t\t\t\t\t<div class=\"elementor-element elementor-element-472df47f elementor-widget elementor-widget-heading\" data-id=\"472df47f\" data-element_type=\"widget\" data-settings=\"{&quot;ekit_we_effect_on&quot;:&quot;none&quot;}\" data-widget_type=\"heading.default\">\n\t\t\t\t<div class=\"elementor-widget-container\">\n\t\t\t\t\t<h4 class=\"elementor-heading-title elementor-size-default\">IMPLEMENTATION<\/h4>\t\t\t\t<\/div>\n\t\t\t\t<\/div>\n\t\t\t\t<div class=\"elementor-element elementor-element-11ec8b5c elementor-widget elementor-widget-text-editor\" data-id=\"11ec8b5c\" data-element_type=\"widget\" data-settings=\"{&quot;ekit_we_effect_on&quot;:&quot;none&quot;}\" data-widget_type=\"text-editor.default\">\n\t\t\t\t<div class=\"elementor-widget-container\">\n\t\t\t\t\t\t\t\t\t<p>The LEGOFIT pilot sites ensure both diversity\u2014covering different geographic areas with varying market maturity, social contexts, financial resources, building types, and stages of building life\u2014and scalability, by selecting buildings representative of their local context. Together, these factors maximize the potential for applying the LEGOFIT process across the EU.<\/p>\t\t\t\t\t\t\t\t<\/div>\n\t\t\t\t<\/div>\n\t\t\t\t\t<\/div>\n\t\t<\/div>\n\t\t\t\t<div class=\"elementor-column elementor-col-50 elementor-inner-column elementor-element elementor-element-76a2166a\" data-id=\"76a2166a\" data-element_type=\"column\">\n\t\t\t<div class=\"elementor-widget-wrap elementor-element-populated\">\n\t\t\t\t\t\t<div class=\"elementor-element elementor-element-73f60a99 elementor-widget elementor-widget-text-editor\" data-id=\"73f60a99\" data-element_type=\"widget\" data-settings=\"{&quot;ekit_we_effect_on&quot;:&quot;none&quot;}\" data-widget_type=\"text-editor.default\">\n\t\t\t\t<div class=\"elementor-widget-container\">\n\t\t\t\t\t\t\t\t\t<p>LEGOFIT pilot sites are:<\/p><ul><li>A collective housing block in Guadalajara, Spain<\/li><li>A site consists of 24 single- family houses in Betzorf, Luxembourg<\/li><li>A residential area in P\u00e9cs, Hungary<\/li><li>A residential complex under construction in Nuenen, Netherlands<\/li><li>A dormitory building in \u0130stanbul, T\u00fcrkiye<\/li><\/ul><p>Ozyegin University hosts the Turkish demo site, focusing on energy implementations in the new Dormitory 6, B Block, built in 2017. The building consists of five interconnected structures, including dormitories, a social center, accommodation facilities, and a guest house.<\/p>\t\t\t\t\t\t\t\t<\/div>\n\t\t\t\t<\/div>\n\t\t\t\t\t<\/div>\n\t\t<\/div>\n\t\t\t\t\t<\/div>\n\t\t<\/section>\n\t\t\t\t\t<\/div>\n\t\t<\/div>\n\t\t\t\t\t<\/div>\n\t\t<\/section>\n\t\t\t\t<section class=\"elementor-section elementor-top-section elementor-element elementor-element-0494639 elementor-section-boxed elementor-section-height-default elementor-section-height-default\" data-id=\"0494639\" data-element_type=\"section\" data-settings=\"{&quot;background_background&quot;:&quot;classic&quot;}\">\n\t\t\t\t\t\t<div class=\"elementor-container elementor-column-gap-default\">\n\t\t\t\t\t<div class=\"elementor-column elementor-col-100 elementor-top-column elementor-element elementor-element-63dd272\" data-id=\"63dd272\" data-element_type=\"column\">\n\t\t\t<div class=\"elementor-widget-wrap elementor-element-populated\">\n\t\t\t\t\t\t<section class=\"elementor-section elementor-inner-section elementor-element elementor-element-bd25dbb elementor-section-boxed elementor-section-height-default elementor-section-height-default\" data-id=\"bd25dbb\" data-element_type=\"section\">\n\t\t\t\t\t\t<div class=\"elementor-container elementor-column-gap-default\">\n\t\t\t\t\t<div class=\"elementor-column elementor-col-50 elementor-inner-column elementor-element elementor-element-b83488c\" data-id=\"b83488c\" data-element_type=\"column\">\n\t\t\t<div class=\"elementor-widget-wrap elementor-element-populated\">\n\t\t\t\t\t\t<div class=\"elementor-element elementor-element-4069c08 elementor-widget elementor-widget-text-editor\" data-id=\"4069c08\" data-element_type=\"widget\" data-settings=\"{&quot;ekit_we_effect_on&quot;:&quot;none&quot;}\" data-widget_type=\"text-editor.default\">\n\t\t\t\t<div class=\"elementor-widget-container\">\n\t\t\t\t\t\t\t\t\t<p>The proposed solutions for the Turkey demo site at Dormitory 6, B Block, aim to reduce the building\u2019s energy consumption, lower its carbon footprint, and create user-interactive programs that promote sustainable lifestyles. These approaches make the project environmentally friendly and efficient while contributing to long-term sustainability goals.<\/p><ul><li>Energy Management System: Indoor conditions monitored via room sensors are analyzed to autonomously optimize the heating system. This reduces energy consumption while maintaining occupant comfort.<\/li><li>Photovoltaic (PV) Systems: Rooftop solar panels enable clean energy generation, increasing overall energy efficiency on campus and helping to mitigate the urban heat island effect.<\/li><\/ul>\t\t\t\t\t\t\t\t<\/div>\n\t\t\t\t<\/div>\n\t\t\t\t\t<\/div>\n\t\t<\/div>\n\t\t\t\t<div class=\"elementor-column elementor-col-50 elementor-inner-column elementor-element elementor-element-db05984\" data-id=\"db05984\" data-element_type=\"column\">\n\t\t\t<div class=\"elementor-widget-wrap elementor-element-populated\">\n\t\t\t\t\t\t<div class=\"elementor-element elementor-element-9d13480 elementor-widget elementor-widget-text-editor\" data-id=\"9d13480\" data-element_type=\"widget\" data-settings=\"{&quot;ekit_we_effect_on&quot;:&quot;none&quot;}\" data-widget_type=\"text-editor.default\">\n\t\t\t\t<div class=\"elementor-widget-container\">\n\t\t\t\t\t\t\t\t\t<ul><li>Smart Charging Hub: An advanced e-mobility infrastructure will be implemented on-site to meet the energy demands of electric vehicles used on campus. The charging system is designed to operate in integration with renewable energy sources.<\/li><li>Behavior Program: Personalized initiatives are developed for students and users to reduce energy waste and encourage sustainable living habits.<\/li><li>-Electric Energy Storage System: The system enhances energy quality by increasing the use of solar energy and improving the reliability of the electricity network, supporting renewable energy integration.<\/li><li>Building Envelope Retrofit: In six adjacent student rooms of Dormitory 6 B Block, insulation materials will be reinforced, reducing heat losses and improving overall energy efficiency<\/li><\/ul>\t\t\t\t\t\t\t\t<\/div>\n\t\t\t\t<\/div>\n\t\t\t\t\t<\/div>\n\t\t<\/div>\n\t\t\t\t\t<\/div>\n\t\t<\/section>\n\t\t\t\t\t<\/div>\n\t\t<\/div>\n\t\t\t\t\t<\/div>\n\t\t<\/section>\n\t\t\t\t<section class=\"elementor-section elementor-top-section elementor-element elementor-element-3b8942c7 elementor-section-boxed elementor-section-height-default elementor-section-height-default\" data-id=\"3b8942c7\" data-element_type=\"section\">\n\t\t\t\t\t\t<div class=\"elementor-container elementor-column-gap-default\">\n\t\t\t\t\t<div class=\"elementor-column elementor-col-50 elementor-top-column elementor-element elementor-element-577c4080\" data-id=\"577c4080\" data-element_type=\"column\">\n\t\t\t<div class=\"elementor-widget-wrap elementor-element-populated\">\n\t\t\t\t\t\t<div class=\"elementor-element elementor-element-39ad2bd4 elementor-widget__width-initial elementor-widget elementor-widget-heading\" data-id=\"39ad2bd4\" data-element_type=\"widget\" data-settings=\"{&quot;ekit_we_effect_on&quot;:&quot;none&quot;}\" data-widget_type=\"heading.default\">\n\t\t\t\t<div class=\"elementor-widget-container\">\n\t\t\t\t\t<h4 class=\"elementor-heading-title elementor-size-default\">IMPACT<\/h4>\t\t\t\t<\/div>\n\t\t\t\t<\/div>\n\t\t\t\t<div class=\"elementor-element elementor-element-7431a25e elementor-widget elementor-widget-text-editor\" data-id=\"7431a25e\" data-element_type=\"widget\" data-settings=\"{&quot;ekit_we_effect_on&quot;:&quot;none&quot;}\" data-widget_type=\"text-editor.default\">\n\t\t\t\t<div class=\"elementor-widget-container\">\n\t\t\t\t\t\t\t\t\t<p>LEGOFIT, funded by the European Union\u2019s Horizon Europe research and innovation programme, brings together 18 partners across Europe to develop, test, and validate a flexible, integrated approach for achieving energy-positive multi-family residential buildings. Coordinated by Demir Enerji, the 48-month project focuses on enhancing energy performance throughout the entire building lifecycle.<\/p>\t\t\t\t\t\t\t\t<\/div>\n\t\t\t\t<\/div>\n\t\t\t\t\t<\/div>\n\t\t<\/div>\n\t\t\t\t<div class=\"elementor-column elementor-col-50 elementor-top-column elementor-element elementor-element-4df5785f\" data-id=\"4df5785f\" data-element_type=\"column\">\n\t\t\t<div class=\"elementor-widget-wrap elementor-element-populated\">\n\t\t\t\t\t\t<div class=\"elementor-element elementor-element-32fe9a2b elementor-widget elementor-widget-text-editor\" data-id=\"32fe9a2b\" data-element_type=\"widget\" data-settings=\"{&quot;ekit_we_effect_on&quot;:&quot;none&quot;}\" data-widget_type=\"text-editor.default\">\n\t\t\t\t<div class=\"elementor-widget-container\">\n\t\t\t\t\t\t\t\t\t<p>By adopting a holistic design strategy\u2014leveraging digitized building data, a centralized BIM-based repository, and seamless interoperability with diverse services\u2014LEGOFIT aims to deliver sustainable, energy-positive, and comfortable living solutions for both new and existing buildings in the EU.<\/p>\t\t\t\t\t\t\t\t<\/div>\n\t\t\t\t<\/div>\n\t\t\t\t\t<\/div>\n\t\t<\/div>\n\t\t\t\t\t<\/div>\n\t\t<\/section>\n\t\t\t\t<section class=\"elementor-section elementor-top-section elementor-element elementor-element-4159135 elementor-section-boxed elementor-section-height-default elementor-section-height-default\" data-id=\"4159135\" data-element_type=\"section\">\n\t\t\t\t\t\t<div class=\"elementor-container elementor-column-gap-default\">\n\t\t\t\t\t<div class=\"elementor-column elementor-col-100 elementor-top-column elementor-element elementor-element-d9d34d7\" data-id=\"d9d34d7\" data-element_type=\"column\">\n\t\t\t<div class=\"elementor-widget-wrap elementor-element-populated\">\n\t\t\t\t\t\t<div class=\"elementor-element elementor-element-c136eb5 elementor-widget__width-initial elementor-widget elementor-widget-image\" data-id=\"c136eb5\" data-element_type=\"widget\" data-settings=\"{&quot;ekit_we_effect_on&quot;:&quot;none&quot;}\" data-widget_type=\"image.default\">\n\t\t\t\t<div class=\"elementor-widget-container\">\n\t\t\t\t\t\t\t\t\t\t\t\t\t\t\t<img decoding=\"async\" width=\"1200\" height=\"1200\" src=\"https:\/\/ozuecem.net\/wp-content\/uploads\/2025\/10\/Legofit-ingilizce-diyagram.png\" class=\"attachment-full size-full wp-image-11311\" alt=\"\" srcset=\"https:\/\/ozuecem.net\/wp-content\/uploads\/2025\/10\/Legofit-ingilizce-diyagram.png 1200w, https:\/\/ozuecem.net\/wp-content\/uploads\/2025\/10\/Legofit-ingilizce-diyagram-150x150.png 150w, https:\/\/ozuecem.net\/wp-content\/uploads\/2025\/10\/Legofit-ingilizce-diyagram-768x768.png 768w\" sizes=\"(max-width: 1200px) 100vw, 1200px\" \/>\t\t\t\t\t\t\t\t\t\t\t\t\t\t\t<\/div>\n\t\t\t\t<\/div>\n\t\t\t\t\t<\/div>\n\t\t<\/div>\n\t\t\t\t\t<\/div>\n\t\t<\/section>\n\t\t\t\t<\/div>\n\t\t","protected":false},"excerpt":{"rendered":"<p>Project Start-End Date: 04\/2023 &#8211; ongoing Planned Duration: 4 years Funded by:&nbsp;EU Horizon 2020&nbsp; Project Budget:&nbsp;\u223d\u20ac6,000,000.00 Total EU Contribution, OzU CEEE Budget: \u20ac700,922.50 Implementation Building: Dormitory 6, \u00d6zye\u011fin University, Istanbul Project Team: M. P\u0131nar Meng\u00fc\u00e7, G\u00f6k\u00e7e Tomruk\u00e7u, Cem Keskin, Dilek Sayg\u0131 Coordinator: Demir Enerji (TR) Project Partners: Spain, Italy, Belgium, France, Sweden, Hungary, Serbia, Luxembourg, [&hellip;]<\/p>\n","protected":false},"author":21,"featured_media":0,"parent":0,"menu_order":0,"comment_status":"closed","ping_status":"closed","template":"elementor_header_footer","meta":{"footnotes":""},"class_list":["post-11295","page","type-page","status-publish","hentry"],"_links":{"self":[{"href":"https:\/\/ozuecem.net\/en\/wp-json\/wp\/v2\/pages\/11295","targetHints":{"allow":["GET"]}}],"collection":[{"href":"https:\/\/ozuecem.net\/en\/wp-json\/wp\/v2\/pages"}],"about":[{"href":"https:\/\/ozuecem.net\/en\/wp-json\/wp\/v2\/types\/page"}],"author":[{"embeddable":true,"href":"https:\/\/ozuecem.net\/en\/wp-json\/wp\/v2\/users\/21"}],"replies":[{"embeddable":true,"href":"https:\/\/ozuecem.net\/en\/wp-json\/wp\/v2\/comments?post=11295"}],"version-history":[{"count":53,"href":"https:\/\/ozuecem.net\/en\/wp-json\/wp\/v2\/pages\/11295\/revisions"}],"predecessor-version":[{"id":11474,"href":"https:\/\/ozuecem.net\/en\/wp-json\/wp\/v2\/pages\/11295\/revisions\/11474"}],"wp:attachment":[{"href":"https:\/\/ozuecem.net\/en\/wp-json\/wp\/v2\/media?parent=11295"}],"curies":[{"name":"wp","href":"https:\/\/api.w.org\/{rel}","templated":true}]}}