{"id":6663,"date":"2022-02-07T08:44:34","date_gmt":"2022-02-07T08:44:34","guid":{"rendered":"https:\/\/ozuecem.net\/yonetim\/"},"modified":"2026-04-01T13:26:34","modified_gmt":"2026-04-01T13:26:34","slug":"administration","status":"publish","type":"page","link":"https:\/\/ozuecem.net\/en\/ceee-family\/administration\/","title":{"rendered":"Administration"},"content":{"rendered":"\t\t<div data-elementor-type=\"wp-page\" data-elementor-id=\"6663\" class=\"elementor elementor-6663 elementor-5756\" data-elementor-post-type=\"page\">\n\t\t\t\t\t\t<section class=\"elementor-section elementor-top-section elementor-element elementor-element-ae473c7 elementor-section-boxed elementor-section-height-default elementor-section-height-default\" data-id=\"ae473c7\" data-element_type=\"section\">\n\t\t\t\t\t\t<div class=\"elementor-container elementor-column-gap-default\">\n\t\t\t\t\t<div class=\"elementor-column elementor-col-100 elementor-top-column elementor-element elementor-element-3dedeb8\" data-id=\"3dedeb8\" data-element_type=\"column\">\n\t\t\t<div class=\"elementor-widget-wrap elementor-element-populated\">\n\t\t\t\t\t\t<div class=\"elementor-element elementor-element-ac81b4b teamuye elementor-widget elementor-widget-elementskit-team\" data-id=\"ac81b4b\" data-element_type=\"widget\" data-settings=\"{&quot;ekit_we_effect_on&quot;:&quot;none&quot;}\" data-widget_type=\"elementskit-team.default\">\n\t\t\t\t<div class=\"elementor-widget-container\">\n\t\t\t\t\t<div class=\"ekit-wid-con\">\t\t\t\t\t\t\t\t\n\t\t<div class=\"profile-card elementor-animation- text-center ekit-team-style-default\">\n\t\t\t\n\t\t\t\t<div class=\"profile-header ekit-team-img ekit-img-overlay ekit-team-img-block\" >\n\t\t\t\t\t<img fetchpriority=\"high\" decoding=\"async\" width=\"502\" height=\"512\" src=\"https:\/\/ozuecem.net\/wp-content\/uploads\/2022\/02\/mpinarmenguc.jpg\" class=\"attachment-large size-large wp-image-5730\" alt=\"\" \/>\t\t\t\t<\/div><!-- .profile-header END -->\n\t\t\t\n\n\t\t\t\t<div class=\"profile-body\">\n\t\t\t\t\t\n\t\t\t\t\t<h2 class=\"profile-title\">\n\t\t\t\t\t\t\t\t\t\t\tM. PINAR MENG\u00dc\u00c7\t\t\t\t\t\t\t\t\t\t<\/h2>\n\t\t\t\t\t<p class=\"profile-designation\">Director<\/p>\n\t\t\t\t\t\t\t\t\t<\/div><!-- .profile-body END -->\n\n\t\t\t\t\t\t\t\t<\/div>\n\t\t\t\t\t\t\t\n\t\t\t\n\t\t\t\t<\/div>\t\t\t\t<\/div>\n\t\t\t\t<\/div>\n\t\t\t\t<section class=\"elementor-section elementor-inner-section elementor-element elementor-element-af40b84 elementor-section-boxed elementor-section-height-default elementor-section-height-default\" data-id=\"af40b84\" data-element_type=\"section\">\n\t\t\t\t\t\t<div class=\"elementor-container elementor-column-gap-default\">\n\t\t\t\t\t<div class=\"elementor-column elementor-col-100 elementor-inner-column elementor-element elementor-element-d45edc3\" data-id=\"d45edc3\" data-element_type=\"column\">\n\t\t\t<div class=\"elementor-widget-wrap elementor-element-populated\">\n\t\t\t\t\t\t<div class=\"elementor-element elementor-element-33291e8 elementor-widget elementor-widget-text-editor\" data-id=\"33291e8\" data-element_type=\"widget\" data-settings=\"{&quot;ekit_we_effect_on&quot;:&quot;none&quot;}\" data-widget_type=\"text-editor.default\">\n\t\t\t\t<div class=\"elementor-widget-container\">\n\t\t\t\t\t\t\t\t\t<p style=\"text-align: justify;\">Pinar Menguc, after graduating from Ankara Science High School, received his BS and MS degrees from ODTU\/METU in Ankara, Turkey, and his PhD from Purdue University, USA in 1985. He joined to the University of Kentucky and promoted to the ranks of associate professor and professor in 1988 and 1993, respectively, and eventually selected as the Engineering Alumni Association Chair Professor in 2008. He was a visiting professor at Universita\u0300 Degli Studi di Napoli Federico II, Italy during 1991, and at Harvard University, Massachusetts General Hospital, Boston, USA during\u00a0should be\u00a01998-1999\u00a0academic year.<\/p><p style=\"text-align: justify;\">He joined O\u0308zyeg\u0306in University, Istanbul in 2009 as the founding Head of Mechanical Engineering. The same year, he established CEEE\/EC\u0327EM. Mengu\u0308c\u0327\u2019s research areas include radiative transfer, nanoscale transport phenomena, applied optics and sustainable energy applications. Over the years, he has guided more than 70 MS and PhD students, and postdocs researchers.\u00a0<\/p><p style=\"text-align: justify;\">He is the author\/coauthor of more than 150 archival papers, 220 conference publications, four books, and several book chapters. He holds six patents, including a triadic patent. Since 2008, he is one of the three Editors in Chief of Journal of Quantitative Spectroscopy and Radiative Transfer (JQSRT ).<\/p><p style=\"text-align: justify;\">Mengu\u0308c\u0327 received a R&amp;D 100 Award in 2005 based on a particle characterization technique they developed with the startup company STI in the USA. He also received 2014 Knowledge Transfer Award (2014) and 2015 Outstanding Researcher Award (2015), both from Ozyegin University, and the ASME (American Society of Mechanical Engineers) Heat Transfer Memorial Award in the category of Art in 2018. In 2020 he was chosen as an Outstanding Mechanical Engineer by the Purdue University School of Mechanical Engineering. In 2024, he was presented the Mustafa Parlar Foundation Honor Award. Mengu\u0308c\u0327 is an elected member of Science Academy of Turkey and served in its Executive Board from 2018 to 2024.\u00a0<\/p><p style=\"text-align: justify;\">You can access Prof. M. P\u0131nar Meng\u00fc\u00e7\u2019s short CV <a href=\"https:\/\/ozuecem.net\/wp-content\/uploads\/2026\/03\/CV13.03-Menguc-CV-Feb-23-2026.pdf\"><span style=\"text-decoration: underline; color: #0000ff;\">here<\/span><\/a>, and his detailed long CV <span style=\"text-decoration: underline; color: #0000ff;\"><a style=\"color: #0000ff;\" href=\"https:\/\/ozuecem.net\/wp-content\/uploads\/2026\/04\/CV13.03-Menguc-CV-Feb-23-2026-1.pdf\">here<\/a><\/span><span style=\"color: #000000;\">.<\/span><\/p>\t\t\t\t\t\t\t\t<\/div>\n\t\t\t\t<\/div>\n\t\t\t\t\t<\/div>\n\t\t<\/div>\n\t\t\t\t\t<\/div>\n\t\t<\/section>\n\t\t\t\t<section class=\"elementor-section elementor-inner-section elementor-element elementor-element-c254430 elementor-section-boxed elementor-section-height-default elementor-section-height-default\" data-id=\"c254430\" data-element_type=\"section\">\n\t\t\t\t\t\t<div class=\"elementor-container elementor-column-gap-default\">\n\t\t\t\t\t<div class=\"elementor-column elementor-col-100 elementor-inner-column elementor-element elementor-element-3764d3b\" data-id=\"3764d3b\" data-element_type=\"column\">\n\t\t\t<div class=\"elementor-widget-wrap elementor-element-populated\">\n\t\t\t\t\t\t<div class=\"elementor-element elementor-element-8c18075 teamuye elementor-widget elementor-widget-elementskit-team\" data-id=\"8c18075\" data-element_type=\"widget\" data-settings=\"{&quot;ekit_we_effect_on&quot;:&quot;none&quot;}\" data-widget_type=\"elementskit-team.default\">\n\t\t\t\t<div class=\"elementor-widget-container\">\n\t\t\t\t\t<div class=\"ekit-wid-con\">\t\t\t\t\t\t\t\t\n\t\t<div class=\"profile-card elementor-animation- text-center ekit-team-style-default\">\n\t\t\t\n\t\t\t\t<div class=\"profile-header ekit-team-img ekit-img-overlay ekit-team-img-block\" >\n\t\t\t\t\t<img decoding=\"async\" width=\"1620\" height=\"2160\" src=\"https:\/\/ozuecem.net\/wp-content\/uploads\/2026\/01\/Dilek-profil.jpg\" class=\"attachment-large size-large wp-image-11543\" alt=\"\" srcset=\"https:\/\/ozuecem.net\/wp-content\/uploads\/2026\/01\/Dilek-profil.jpg 1620w, https:\/\/ozuecem.net\/wp-content\/uploads\/2026\/01\/Dilek-profil-768x1024.jpg 768w, https:\/\/ozuecem.net\/wp-content\/uploads\/2026\/01\/Dilek-profil-1152x1536.jpg 1152w, https:\/\/ozuecem.net\/wp-content\/uploads\/2026\/01\/Dilek-profil-1536x2048.jpg 1536w\" sizes=\"(max-width: 1620px) 100vw, 1620px\" \/>\t\t\t\t<\/div><!-- .profile-header END -->\n\t\t\t\n\n\t\t\t\t<div class=\"profile-body\">\n\t\t\t\t\t\n\t\t\t\t\t<h2 class=\"profile-title\">\n\t\t\t\t\t\t\t\t\t\t\tD\u0130LEK SAYGI\t\t\t\t\t\t\t\t\t\t<\/h2>\n\t\t\t\t\t<p class=\"profile-designation\">Administrative Manager<\/p>\n\t\t\t\t\t\t\t\t\t<\/div><!-- .profile-body END -->\n\n\t\t\t\t\t\t\t\t<\/div>\n\t\t\t\t\t\t\t\n\t\t\t\n\t\t\t\t<\/div>\t\t\t\t<\/div>\n\t\t\t\t<\/div>\n\t\t\t\t<div class=\"elementor-element elementor-element-00ce31e elementor-widget elementor-widget-text-editor\" data-id=\"00ce31e\" data-element_type=\"widget\" data-settings=\"{&quot;ekit_we_effect_on&quot;:&quot;none&quot;}\" data-widget_type=\"text-editor.default\">\n\t\t\t\t<div class=\"elementor-widget-container\">\n\t\t\t\t\t\t\t\t\t<p style=\"text-align: justify;\" data-start=\"61\" data-end=\"509\">Dilek Sayg\u0131 graduated first in her class from the Department of International Relations (English, Full Scholarship) at American University in 2007. She completed her Master\u2019s degree in Political Science and International Relations (English, Full Scholarship) at Yeditepe University with a thesis entitled \u201cThe Securitization of Climate Change\u2013Induced Migration: An Analysis of the European Union\u2019s Discourse and Policies.\u201d<\/p><p style=\"text-align: justify;\" data-start=\"511\" data-end=\"1117\">Between 2007 and 2010, she worked as a Project Assistant at Kadir Has University, within the International Office for Planning, Research and Consultancy Services (IPADHO). During this period, she actively contributed to the monitoring of funding calls and the preparation of expressions of interest and project applications for international institutions such as the European Union, International Finance Corporation, United Nations Development Programme, and the World Bank. She also took part in the project management phases of various social responsibility and consultancy projects.<\/p><p style=\"text-align: justify;\" data-start=\"1119\" data-end=\"1531\">Since 2011, she has been serving as Administrative Manager at CEEE, where she provides administrative support to the Center Director and oversees the operational and financial processes of all Center activities. She continues to work on national and international projects, focusing on project development, dissemination, and coordination within the framework of project cycle management.<\/p>\t\t\t\t\t\t\t\t<\/div>\n\t\t\t\t<\/div>\n\t\t\t\t<div class=\"elementor-element elementor-element-448c149 teamuye elementor-widget elementor-widget-elementskit-team\" data-id=\"448c149\" data-element_type=\"widget\" data-settings=\"{&quot;ekit_we_effect_on&quot;:&quot;none&quot;}\" data-widget_type=\"elementskit-team.default\">\n\t\t\t\t<div class=\"elementor-widget-container\">\n\t\t\t\t\t<div class=\"ekit-wid-con\">\t\t\t\t\t\t\t\t\n\t\t<div class=\"profile-card elementor-animation- text-center ekit-team-style-default\">\n\t\t\t\n\t\t\t\t<div class=\"profile-header ekit-team-img ekit-img-overlay ekit-team-img-block\" >\n\t\t\t\t\t<img decoding=\"async\" width=\"502\" height=\"511\" src=\"https:\/\/ozuecem.net\/wp-content\/uploads\/2022\/02\/gulcinmezireli.jpg\" class=\"attachment-large size-large wp-image-5740\" alt=\"\" \/>\t\t\t\t<\/div><!-- .profile-header END -->\n\t\t\t\n\n\t\t\t\t<div class=\"profile-body\">\n\t\t\t\t\t\n\t\t\t\t\t<h2 class=\"profile-title\">\n\t\t\t\t\t\t\t\t\t\t\tG\u00dcL\u00c7\u0130N MEZ\u0130REL\u0130\t\t\t\t\t\t\t\t\t\t<\/h2>\n\t\t\t\t\t<p class=\"profile-designation\">Finance Specialist<\/p>\n\t\t\t\t\t\t\t\t\t<\/div><!-- .profile-body END -->\n\n\t\t\t\t\t\t\t\t<\/div>\n\t\t\t\t\t\t\t\n\t\t\t\n\t\t\t\t<\/div>\t\t\t\t<\/div>\n\t\t\t\t<\/div>\n\t\t\t\t<div class=\"elementor-element elementor-element-eeac140 elementor-widget elementor-widget-text-editor\" data-id=\"eeac140\" data-element_type=\"widget\" data-settings=\"{&quot;ekit_we_effect_on&quot;:&quot;none&quot;}\" data-widget_type=\"text-editor.default\">\n\t\t\t\t<div class=\"elementor-widget-container\">\n\t\t\t\t\t\t\t\t\t<p style=\"text-align: justify;\" data-start=\"70\" data-end=\"379\">G\u00fcl\u00e7in Mezireli graduated from Istanbul University, Faculty of Economics, Department of Public Finance. Following her graduation, she obtained the Certified Public Accountant (S.M.M.M.) license and subsequently worked at leading organizations including Soyak Holding, BRISA, and Ernst &amp; Young.<\/p><p style=\"text-align: justify;\" data-start=\"381\" data-end=\"745\">She joined E\u00c7EM in 2011 to support project and budget-related activities. She continues to work in close coordination with other university departments to ensure the effective implementation and completion of projects, primarily focusing on the accounting of the Center\u2019s and projects\u2019 budgets, financial reporting, and related financial processes.<\/p>\t\t\t\t\t\t\t\t<\/div>\n\t\t\t\t<\/div>\n\t\t\t\t\t<\/div>\n\t\t<\/div>\n\t\t\t\t\t<\/div>\n\t\t<\/section>\n\t\t\t\t\t<\/div>\n\t\t<\/div>\n\t\t\t\t\t<\/div>\n\t\t<\/section>\n\t\t\t\t<\/div>\n\t\t","protected":false},"excerpt":{"rendered":"<p>M. PINAR MENG\u00dc\u00c7 Director Pinar Menguc, after graduating from Ankara Science High School, received his BS and MS degrees from ODTU\/METU in Ankara, Turkey, and his PhD from Purdue University, USA in 1985. He joined to the University of Kentucky and promoted to the ranks of associate professor and professor in 1988 and 1993, respectively, [&hellip;]<\/p>\n","protected":false},"author":1,"featured_media":0,"parent":6672,"menu_order":0,"comment_status":"closed","ping_status":"closed","template":"elementor_header_footer","meta":{"footnotes":""},"class_list":["post-6663","page","type-page","status-publish","hentry"],"_links":{"self":[{"href":"https:\/\/ozuecem.net\/en\/wp-json\/wp\/v2\/pages\/6663","targetHints":{"allow":["GET"]}}],"collection":[{"href":"https:\/\/ozuecem.net\/en\/wp-json\/wp\/v2\/pages"}],"about":[{"href":"https:\/\/ozuecem.net\/en\/wp-json\/wp\/v2\/types\/page"}],"author":[{"embeddable":true,"href":"https:\/\/ozuecem.net\/en\/wp-json\/wp\/v2\/users\/1"}],"replies":[{"embeddable":true,"href":"https:\/\/ozuecem.net\/en\/wp-json\/wp\/v2\/comments?post=6663"}],"version-history":[{"count":39,"href":"https:\/\/ozuecem.net\/en\/wp-json\/wp\/v2\/pages\/6663\/revisions"}],"predecessor-version":[{"id":11631,"href":"https:\/\/ozuecem.net\/en\/wp-json\/wp\/v2\/pages\/6663\/revisions\/11631"}],"up":[{"embeddable":true,"href":"https:\/\/ozuecem.net\/en\/wp-json\/wp\/v2\/pages\/6672"}],"wp:attachment":[{"href":"https:\/\/ozuecem.net\/en\/wp-json\/wp\/v2\/media?parent=6663"}],"curies":[{"name":"wp","href":"https:\/\/api.w.org\/{rel}","templated":true}]}}