{"id":6798,"date":"2022-01-31T09:43:21","date_gmt":"2022-01-31T09:43:21","guid":{"rendered":"https:\/\/ozuecem.net\/fp7-need4b\/"},"modified":"2025-09-29T15:42:25","modified_gmt":"2025-09-29T15:42:25","slug":"fp7-need4b","status":"publish","type":"page","link":"https:\/\/ozuecem.net\/en\/eu-projects-energy-and-environment\/fp7-need4b\/","title":{"rendered":"FP7 &#8211; NEED4B"},"content":{"rendered":"\t\t<div data-elementor-type=\"wp-page\" data-elementor-id=\"6798\" class=\"elementor elementor-6798 elementor-5251\" data-elementor-post-type=\"page\">\n\t\t\t\t\t\t<section class=\"elementor-section elementor-top-section elementor-element elementor-element-6bf5cab elementor-section-boxed elementor-section-height-default elementor-section-height-default\" data-id=\"6bf5cab\" data-element_type=\"section\">\n\t\t\t\t\t\t<div class=\"elementor-container elementor-column-gap-default\">\n\t\t\t\t\t<div class=\"elementor-column elementor-col-50 elementor-top-column elementor-element elementor-element-f9cdcb7\" data-id=\"f9cdcb7\" data-element_type=\"column\">\n\t\t\t<div class=\"elementor-widget-wrap elementor-element-populated\">\n\t\t\t\t\t\t<div class=\"elementor-element elementor-element-16de945 elementor-widget elementor-widget-text-editor\" data-id=\"16de945\" data-element_type=\"widget\" data-settings=\"{&quot;ekit_we_effect_on&quot;:&quot;none&quot;}\" data-widget_type=\"text-editor.default\">\n\t\t\t\t<div class=\"elementor-widget-container\">\n\t\t\t\t\t\t\t\t\t<p><span style=\"font-family: georgia, palatino, serif;\"><strong>Project Starting &#8211; Ending Dates:<\/strong> 01\/02\/2012 &#8211; 01\/02\/2018<\/span><\/p><p><span style=\"font-family: georgia, palatino, serif;\"><strong>Funded by:<\/strong> EU 7th Framework Programme<\/span><\/p><p><span style=\"font-family: georgia, palatino, serif;\"><strong>Project Budget:<\/strong> 9,500,000.00 \u20ac (EU Contribution: 5,681,652.00 \u20ac) \/ \u00d6zye\u011fin &#8211; CEEE budget: 2,414,428.99 \u20ac (EU Contribution\u0131: 1,287,589.69 \u20ac)<\/span><\/p><p><span style=\"font-family: georgia, palatino, serif;\"><strong>Application Building: <\/strong>SCOLA, \u00d6zye\u011fin University, Istanbul<\/span><\/p><p><span style=\"font-family: georgia, palatino, serif;\"><strong>Project Team:<\/strong> M. P\u0131nar Meng\u00fc\u00e7, Yasemin Somuncu, Saadet \u00d6zkan,<\/span><br \/><span style=\"font-family: georgia, palatino, serif;\">Do\u011fa Gizem Memi\u015f, Raaid Al Dory, Dilek Sayg\u0131<\/span><\/p><p><span style=\"font-family: georgia, palatino, serif;\"><strong>Project Partners:<\/strong> Turkey: CENTER FOR ENERGY, ENVIRONMENT AND<\/span><br \/><span style=\"font-family: georgia, palatino, serif;\">ECONOMY (CEEE), FIBA GROUP, BG MIMARLIK<\/span><br \/><span style=\"font-family: georgia, palatino, serif;\">Spain: CIRCE, UNIVERSITY OF ZARAGOZA, ACCIONA, INGENIERIA Y CONTROL ELECTRONICO, S.A.<\/span><br \/><span style=\"font-family: georgia, palatino, serif;\">Italy: RINA Consulting, DIRCO S.R.L<\/span><br \/><span style=\"font-family: georgia, palatino, serif;\">Belgium: M5 S.A., FORMAT D2, UMONS<\/span><br \/><span style=\"font-family: georgia, palatino, serif;\">Sweden: DEROME Hus AB, RISE SP Sveriges Tekniska Forskningsinstitut AB<\/span><\/p><p><span style=\"font-family: georgia, palatino, serif;\"><strong>Other people and organizations who contributed to NEED4B Project:<\/strong> CEEE (P\u0131nar \u00d6zuyar, Yasemin Somuncu, Burak Sefer, Cem Keskin, Dilek Sayg\u0131, G\u00fcl\u00e7in Mezireli)<\/span><\/p><p><span style=\"font-family: georgia, palatino, serif;\">\u00d6zye\u011fin University (Saadet \u00d6zcan, Tuncay Bulat, Hakan<\/span><br \/><span style=\"font-family: georgia, palatino, serif;\">Sofuo\u011flu, Serkan \u015eahin, Bar\u0131\u015f Ta\u015fdelen, Burak Sefer)<\/span><br \/><span style=\"font-family: georgia, palatino, serif;\">B-Design (Bar\u0131\u015f Ba\u015fat, Emre G\u00fcrsoy, Ipek Kocaayd\u0131n)<\/span><br \/><span style=\"font-family: georgia, palatino, serif;\">Fiba Holding (Beg\u00fcm Ba\u015fl\u0131, Ihsan Birinci, Kerem Moral\u0131, Mahmut Naz\u0131m Ba\u015fbay)<\/span><\/p>\t\t\t\t\t\t\t\t<\/div>\n\t\t\t\t<\/div>\n\t\t\t\t\t<\/div>\n\t\t<\/div>\n\t\t\t\t<div class=\"elementor-column elementor-col-50 elementor-top-column elementor-element elementor-element-027c0fa\" data-id=\"027c0fa\" data-element_type=\"column\">\n\t\t\t<div class=\"elementor-widget-wrap elementor-element-populated\">\n\t\t\t\t\t\t<section class=\"elementor-section elementor-inner-section elementor-element elementor-element-bbeeb8f elementor-section-boxed elementor-section-height-default elementor-section-height-default\" data-id=\"bbeeb8f\" data-element_type=\"section\">\n\t\t\t\t\t\t<div class=\"elementor-container elementor-column-gap-default\">\n\t\t\t\t\t<div class=\"elementor-column elementor-col-100 elementor-inner-column elementor-element elementor-element-2480291\" data-id=\"2480291\" data-element_type=\"column\">\n\t\t\t<div class=\"elementor-widget-wrap elementor-element-populated\">\n\t\t\t\t\t\t<div class=\"elementor-element elementor-element-c9f9cf2 elementor-widget elementor-widget-spacer\" data-id=\"c9f9cf2\" data-element_type=\"widget\" data-settings=\"{&quot;ekit_we_effect_on&quot;:&quot;none&quot;}\" data-widget_type=\"spacer.default\">\n\t\t\t\t<div class=\"elementor-widget-container\">\n\t\t\t\t\t\t\t<div class=\"elementor-spacer\">\n\t\t\t<div class=\"elementor-spacer-inner\"><\/div>\n\t\t<\/div>\n\t\t\t\t\t\t<\/div>\n\t\t\t\t<\/div>\n\t\t\t\t\t<\/div>\n\t\t<\/div>\n\t\t\t\t\t<\/div>\n\t\t<\/section>\n\t\t\t\t<section class=\"elementor-section elementor-inner-section elementor-element elementor-element-e513000 elementor-section-boxed elementor-section-height-default elementor-section-height-default\" data-id=\"e513000\" data-element_type=\"section\">\n\t\t\t\t\t\t<div class=\"elementor-container elementor-column-gap-default\">\n\t\t\t\t\t<div class=\"elementor-column elementor-col-50 elementor-inner-column elementor-element elementor-element-4ea9f10\" data-id=\"4ea9f10\" data-element_type=\"column\">\n\t\t\t<div class=\"elementor-widget-wrap elementor-element-populated\">\n\t\t\t\t\t\t<div class=\"elementor-element elementor-element-ee63c41 elementor-widget elementor-widget-image\" data-id=\"ee63c41\" data-element_type=\"widget\" data-settings=\"{&quot;ekit_we_effect_on&quot;:&quot;none&quot;}\" data-widget_type=\"image.default\">\n\t\t\t\t<div class=\"elementor-widget-container\">\n\t\t\t\t\t\t\t\t\t\t\t\t\t\t\t<img decoding=\"async\" src=\"https:\/\/ozuecem.net\/wp-content\/uploads\/elementor\/thumbs\/FP7_logo_pillars-pktyfon8rtoomack06g7rxvj02hw8xwokxq7szxvcw.jpg\" title=\"FP7_logo_pillars\" alt=\"FP7_logo_pillars\" loading=\"lazy\" \/>\t\t\t\t\t\t\t\t\t\t\t\t\t\t\t<\/div>\n\t\t\t\t<\/div>\n\t\t\t\t\t<\/div>\n\t\t<\/div>\n\t\t\t\t<div class=\"elementor-column elementor-col-50 elementor-inner-column elementor-element elementor-element-f2cde83\" data-id=\"f2cde83\" data-element_type=\"column\">\n\t\t\t<div class=\"elementor-widget-wrap elementor-element-populated\">\n\t\t\t\t\t\t<div class=\"elementor-element elementor-element-708883e elementor-widget elementor-widget-image\" data-id=\"708883e\" data-element_type=\"widget\" data-settings=\"{&quot;ekit_we_effect_on&quot;:&quot;none&quot;}\" data-widget_type=\"image.default\">\n\t\t\t\t<div class=\"elementor-widget-container\">\n\t\t\t\t\t\t\t\t\t\t\t\t\t\t\t<img decoding=\"async\" width=\"149\" height=\"105\" src=\"https:\/\/ozuecem.net\/wp-content\/uploads\/2022\/01\/need4b.jpg\" class=\"attachment-large size-large wp-image-6446\" alt=\"\" \/>\t\t\t\t\t\t\t\t\t\t\t\t\t\t\t<\/div>\n\t\t\t\t<\/div>\n\t\t\t\t\t<\/div>\n\t\t<\/div>\n\t\t\t\t\t<\/div>\n\t\t<\/section>\n\t\t\t\t\t<\/div>\n\t\t<\/div>\n\t\t\t\t\t<\/div>\n\t\t<\/section>\n\t\t\t\t<section class=\"elementor-section elementor-top-section elementor-element elementor-element-5317c8a elementor-section-boxed elementor-section-height-default elementor-section-height-default\" data-id=\"5317c8a\" data-element_type=\"section\">\n\t\t\t\t\t\t<div class=\"elementor-container elementor-column-gap-default\">\n\t\t\t\t\t<div class=\"elementor-column elementor-col-50 elementor-top-column elementor-element elementor-element-d96a7ec\" data-id=\"d96a7ec\" data-element_type=\"column\">\n\t\t\t<div class=\"elementor-widget-wrap elementor-element-populated\">\n\t\t\t\t\t\t<div class=\"elementor-element elementor-element-5c7c2a7 elementor-widget__width-initial elementor-widget elementor-widget-heading\" data-id=\"5c7c2a7\" data-element_type=\"widget\" data-settings=\"{&quot;ekit_we_effect_on&quot;:&quot;none&quot;}\" data-widget_type=\"heading.default\">\n\t\t\t\t<div class=\"elementor-widget-container\">\n\t\t\t\t\t<h4 class=\"elementor-heading-title elementor-size-default\">REASON<\/h4>\t\t\t\t<\/div>\n\t\t\t\t<\/div>\n\t\t\t\t<div class=\"elementor-element elementor-element-8974b34 elementor-widget elementor-widget-text-editor\" data-id=\"8974b34\" data-element_type=\"widget\" data-settings=\"{&quot;ekit_we_effect_on&quot;:&quot;none&quot;}\" data-widget_type=\"text-editor.default\">\n\t\t\t\t<div class=\"elementor-widget-container\">\n\t\t\t\t\t\t\t\t\t<p><span style=\"font-family: georgia, palatino, serif;\">This is one of the most successful projects of CEEE, which has been designed and completed in order to effectively apply and disseminate Energy Efficiency concepts in new buildings. The main goal of the project is to develop and implement a clear and easily applicable methodology that is demanded by the market, covering the design, construction and operation\/maintenance phases of new low energy buildings. While creating the methodology, studies were carried out on application buildings covering a total closed area of 23,500 m2 from Sweden, Belgium, Italy and Turkey. In these buildings, it is aimed to achieve an annual energy density of 60 kWh\/m2, corresponding to an average of 65% less energy consumption.<\/span><\/p>\t\t\t\t\t\t\t\t<\/div>\n\t\t\t\t<\/div>\n\t\t\t\t<div class=\"elementor-element elementor-element-45c3411 elementor-widget elementor-widget-image\" data-id=\"45c3411\" data-element_type=\"widget\" data-settings=\"{&quot;ekit_we_effect_on&quot;:&quot;none&quot;}\" data-widget_type=\"image.default\">\n\t\t\t\t<div class=\"elementor-widget-container\">\n\t\t\t\t\t\t\t\t\t\t\t\t\t\t\t<img fetchpriority=\"high\" decoding=\"async\" width=\"511\" height=\"729\" src=\"https:\/\/ozuecem.net\/wp-content\/uploads\/2022\/01\/need4b-grafik.jpg\" class=\"attachment-large size-large wp-image-6448\" alt=\"\" \/>\t\t\t\t\t\t\t\t\t\t\t\t\t\t\t<\/div>\n\t\t\t\t<\/div>\n\t\t\t\t\t<\/div>\n\t\t<\/div>\n\t\t\t\t<div class=\"elementor-column elementor-col-50 elementor-top-column elementor-element elementor-element-046c2f1\" data-id=\"046c2f1\" data-element_type=\"column\">\n\t\t\t<div class=\"elementor-widget-wrap elementor-element-populated\">\n\t\t\t\t\t\t<div class=\"elementor-element elementor-element-e883e1f elementor-widget__width-initial elementor-widget elementor-widget-heading\" data-id=\"e883e1f\" data-element_type=\"widget\" data-settings=\"{&quot;ekit_we_effect_on&quot;:&quot;none&quot;}\" data-widget_type=\"heading.default\">\n\t\t\t\t<div class=\"elementor-widget-container\">\n\t\t\t\t\t<h4 class=\"elementor-heading-title elementor-size-default\">METHODOLOGIES<\/h4>\t\t\t\t<\/div>\n\t\t\t\t<\/div>\n\t\t\t\t<div class=\"elementor-element elementor-element-62b2788 elementor-widget elementor-widget-text-editor\" data-id=\"62b2788\" data-element_type=\"widget\" data-settings=\"{&quot;ekit_we_effect_on&quot;:&quot;none&quot;}\" data-widget_type=\"text-editor.default\">\n\t\t\t\t<div class=\"elementor-widget-container\">\n\t\t\t\t\t\t\t\t\t<p><span style=\"font-family: georgia, palatino, serif;\">For the success of the project, an \u201cEnergy Efficiency Team\u201d (EET) has been formed that will consider the contributions of the relevant stakeholders in the fields of design, construction, operation\/ maintenance. By developing the \u201coptimization\u201d and \u201cprioritization\u201d steps in which this team actively takes part, it has been ensured that the most correct decisions are made.<\/span><\/p><p><span style=\"font-family: georgia, palatino, serif;\">Determined Innovative Approaches<\/span><\/p><ul><li><span style=\"font-family: georgia, palatino, serif;\">Integrated Project Services (IPD),<\/span><\/li><li><span style=\"font-family: georgia, palatino, serif;\">Building Information Modeling (BIM),<\/span><\/li><li><span style=\"font-family: georgia, palatino, serif;\">Life Cycle Analysis\/Cost (LCA \/ LCC);<\/span><\/li><\/ul><p><span style=\"font-family: georgia, palatino, serif;\">Determined Scientific Criteria<\/span><\/p><ul><li><span style=\"font-family: georgia, palatino, serif;\">Technical,<\/span><\/li><li><span style=\"font-family: georgia, palatino, serif;\">Energy Modeling,<\/span><\/li><li><span style=\"font-family: georgia, palatino, serif;\">Economic\/Bureaucratic Areas;<\/span><\/li><\/ul><p><span style=\"font-family: georgia, palatino, serif;\">User Requirements<\/span><\/p><ul><li><span style=\"font-family: georgia, palatino, serif;\">Cost Effectiveness,<\/span><\/li><li><span style=\"font-family: georgia, palatino, serif;\">Energy Performance,<\/span><\/li><li><span style=\"font-family: georgia, palatino, serif;\">Quality,<\/span><\/li><\/ul><p><span style=\"font-family: georgia, palatino, serif;\">Environmental Impact Issues,<\/span><\/p><p><span style=\"font-family: georgia, palatino, serif;\">A systematic perspective was brought to low energy building project management by implementing it in all stages of the project. The project was controlled by monitoring and feedback methods to ensure the target energy consumption value at every stage. Integrated architectural and engineering concepts have been applied to the building, where both passive and active systems are used.<\/span><\/p>\t\t\t\t\t\t\t\t<\/div>\n\t\t\t\t<\/div>\n\t\t\t\t\t<\/div>\n\t\t<\/div>\n\t\t\t\t\t<\/div>\n\t\t<\/section>\n\t\t\t\t<section class=\"elementor-section elementor-top-section elementor-element elementor-element-97160de elementor-section-boxed elementor-section-height-default elementor-section-height-default\" data-id=\"97160de\" data-element_type=\"section\" data-settings=\"{&quot;background_background&quot;:&quot;classic&quot;}\">\n\t\t\t\t\t\t<div class=\"elementor-container elementor-column-gap-default\">\n\t\t\t\t\t<div class=\"elementor-column elementor-col-50 elementor-top-column elementor-element elementor-element-a7c6e34\" data-id=\"a7c6e34\" data-element_type=\"column\">\n\t\t\t<div class=\"elementor-widget-wrap elementor-element-populated\">\n\t\t\t\t\t\t<div class=\"elementor-element elementor-element-1defffc elementor-widget elementor-widget-heading\" data-id=\"1defffc\" data-element_type=\"widget\" data-settings=\"{&quot;ekit_we_effect_on&quot;:&quot;none&quot;}\" data-widget_type=\"heading.default\">\n\t\t\t\t<div class=\"elementor-widget-container\">\n\t\t\t\t\t<h4 class=\"elementor-heading-title elementor-size-default\">IMPLEMENTATION<\/h4>\t\t\t\t<\/div>\n\t\t\t\t<\/div>\n\t\t\t\t<div class=\"elementor-element elementor-element-32cda95 elementor-widget elementor-widget-text-editor\" data-id=\"32cda95\" data-element_type=\"widget\" data-settings=\"{&quot;ekit_we_effect_on&quot;:&quot;none&quot;}\" data-widget_type=\"text-editor.default\">\n\t\t\t\t<div class=\"elementor-widget-container\">\n\t\t\t\t\t\t\t\t\t<p><span style=\"font-family: georgia, palatino, serif;\">The School of Foreign Languages (SCOLA) building located in the O\u0308zyeg\u0306in University Campus has been chosen as the application area in Turkey. Based on the realtime monitoring results, SCOLA has achieved an annual energy density below 50 kWh\/m2, which exceeded the targets of the NEED4B Project.<\/span><\/p><p><span style=\"font-family: georgia, palatino, serif;\">In the SCOLA building, where integrated architecture and engineering concepts have been effectively applied, vertical perforated shades, horizontal blinds, interior curtains were used with the proper orientation of facades. The heat resistance values of glasses were chosen carefully to have low thermal conductivity values, which impacted the overall performance of the building envelope. For building heating system, low temperature water obtained from natural gas boilers at the campus central facility was used.<\/span><\/p>\t\t\t\t\t\t\t\t<\/div>\n\t\t\t\t<\/div>\n\t\t\t\t\t<\/div>\n\t\t<\/div>\n\t\t\t\t<div class=\"elementor-column elementor-col-50 elementor-top-column elementor-element elementor-element-f5b918d\" data-id=\"f5b918d\" data-element_type=\"column\">\n\t\t\t<div class=\"elementor-widget-wrap elementor-element-populated\">\n\t\t\t\t\t\t<section class=\"elementor-section elementor-inner-section elementor-element elementor-element-510a406 elementor-section-boxed elementor-section-height-default elementor-section-height-default\" data-id=\"510a406\" data-element_type=\"section\">\n\t\t\t\t\t\t<div class=\"elementor-container elementor-column-gap-default\">\n\t\t\t\t\t<div class=\"elementor-column elementor-col-100 elementor-inner-column elementor-element elementor-element-844d1f4\" data-id=\"844d1f4\" data-element_type=\"column\">\n\t\t\t<div class=\"elementor-widget-wrap elementor-element-populated\">\n\t\t\t\t\t\t<div class=\"elementor-element elementor-element-293b5cf elementor-widget elementor-widget-text-editor\" data-id=\"293b5cf\" data-element_type=\"widget\" data-settings=\"{&quot;ekit_we_effect_on&quot;:&quot;none&quot;}\" data-widget_type=\"text-editor.default\">\n\t\t\t\t<div class=\"elementor-widget-container\">\n\t\t\t\t\t\t\t\t\t<p><span style=\"font-family: georgia, palatino, serif;\">High efficiency boilers have been selected for application with oxygen balancing and carbon monoxide control system. The chilled water in the ventilation system is produced in the campus central facility by high performance (COP = 6.17) centrifugal chillers.<\/span><\/p><p><span style=\"font-family: georgia, palatino, serif;\">HEX free cooling is integrated with the cooling tower and the free cooling energy is automatically controlled when the outside temperature is below 15\u00b0C. In addition, by using airsoil air tubes, the supply air of the building is provided with natural ventilation and is used for partial cooling and heating. As a renewable energy source, 250 Wp capacity 504 solar panels with a power of 126 kW are mounted on the building roof. By using 40 W LED and T5 luminaires, the energy consumption density of the lighting system has been reduced to 6.1 kWh\/m2 with automation.<\/span><\/p>\t\t\t\t\t\t\t\t<\/div>\n\t\t\t\t<\/div>\n\t\t\t\t\t<\/div>\n\t\t<\/div>\n\t\t\t\t\t<\/div>\n\t\t<\/section>\n\t\t\t\t\t<\/div>\n\t\t<\/div>\n\t\t\t\t\t<\/div>\n\t\t<\/section>\n\t\t\t\t<section class=\"elementor-section elementor-top-section elementor-element elementor-element-1f1d06d elementor-section-boxed elementor-section-height-default elementor-section-height-default\" data-id=\"1f1d06d\" data-element_type=\"section\">\n\t\t\t\t\t\t<div class=\"elementor-container elementor-column-gap-default\">\n\t\t\t\t\t<div class=\"elementor-column elementor-col-50 elementor-top-column elementor-element elementor-element-758749b\" data-id=\"758749b\" data-element_type=\"column\">\n\t\t\t<div class=\"elementor-widget-wrap elementor-element-populated\">\n\t\t\t\t\t\t<div class=\"elementor-element elementor-element-167616f elementor-widget__width-initial elementor-widget elementor-widget-heading\" data-id=\"167616f\" data-element_type=\"widget\" data-settings=\"{&quot;ekit_we_effect_on&quot;:&quot;none&quot;}\" data-widget_type=\"heading.default\">\n\t\t\t\t<div class=\"elementor-widget-container\">\n\t\t\t\t\t<h4 class=\"elementor-heading-title elementor-size-default\">IMPACT<\/h4>\t\t\t\t<\/div>\n\t\t\t\t<\/div>\n\t\t\t\t<div class=\"elementor-element elementor-element-69dc861 elementor-widget elementor-widget-text-editor\" data-id=\"69dc861\" data-element_type=\"widget\" data-settings=\"{&quot;ekit_we_effect_on&quot;:&quot;none&quot;}\" data-widget_type=\"text-editor.default\">\n\t\t\t\t<div class=\"elementor-widget-container\">\n\t\t\t\t\t\t\t\t\t<p><span style=\"font-family: georgia, palatino, serif;\">NEED4B Project, with 5 main partners from Turkey, Spain, Belgium, Italy and Sweden is a 7year EU FP7 project. . During this 7year project, energy efficiency demonstration were conducted in all 5 countries; however, the largest pilot project was the SCOLA Building at the Ozyegin University Campus, which has 17.000 m2 closed area.<\/span><\/p><p>\u00a0<\/p><p><span style=\"font-family: georgia, palatino, serif;\">During this study, many students completed their doctorate and master theses using the concepts developed, where engineers and architects worked together to tackle energy efficiency and occupants\u2019 comfort. During the design of the building, computational fluid dynamics, heat transfer and radiative heat transfer studies were conducted, and then compared with Energy Plus and DesignBuilder applications. In addition to these, thermodynamic analyzes have been carried out for such a building to achieve low carbon emission and improved energy efficiency.<\/span><\/p><p>\u00a0<\/p><p><span style=\"font-family: georgia, palatino, serif;\">All these studies have been presented at many conferences, and a number of scientific publications have also been made. 4 CEEE students who worked in NEED4B Project have later started to work on building modeling and monitoring in their own companies.<\/span><\/p><p>\u00a0<\/p><p><span style=\"font-family: georgia, palatino, serif;\">NEED4B Project eventually opened the path to several other international grants, including:<\/span><\/p><ul><li><span style=\"font-family: georgia, palatino, serif;\">EUFP7BRICKER,<\/span><\/li><li><span style=\"font-family: georgia, palatino, serif;\">EUCAPACITYYENI NESIL and<\/span><\/li><li><span style=\"font-family: georgia, palatino, serif;\">IsDBNEXTGEN<\/span><\/li><\/ul><p><span style=\"font-family: georgia, palatino, serif;\">With the help of this project, Ozyegin University now saves about 200,000 USD amont of energy annually. As shown in the figure below, the electricity use of the building is much less than the comparablesize AB1 building in the Campus.<\/span><\/p>\t\t\t\t\t\t\t\t<\/div>\n\t\t\t\t<\/div>\n\t\t\t\t\t<\/div>\n\t\t<\/div>\n\t\t\t\t<div class=\"elementor-column elementor-col-50 elementor-top-column elementor-element elementor-element-ed1c332\" data-id=\"ed1c332\" data-element_type=\"column\">\n\t\t\t<div class=\"elementor-widget-wrap elementor-element-populated\">\n\t\t\t\t\t\t<div class=\"elementor-element elementor-element-7464a31 elementor-widget elementor-widget-text-editor\" data-id=\"7464a31\" data-element_type=\"widget\" data-settings=\"{&quot;ekit_we_effect_on&quot;:&quot;none&quot;}\" data-widget_type=\"text-editor.default\">\n\t\t\t\t<div class=\"elementor-widget-container\">\n\t\t\t\t\t\t\t\t\t<p><span style=\"font-family: georgia, palatino, serif;\">The concepts developed within the NEED4B Project were disseminated in many conferences and lectures in universities in Turkey and beyond. In addition, a large number of researchers, engineers, architects and companies were informed about the details via print and social media. NEED4B Project has also been granted two major awards in Turkey:<\/span><\/p><p><span style=\"font-family: georgia, palatino, serif;\">Energy Efficiency Award, the First Place, granted to CEEE\/ EC\u0327EM by the Istanbul Chamber of Commerce and the Republic of Turkey Minister of Energy and Natural Resources, Istanbul, January 2020.<\/span><\/p><p><span style=\"font-family: georgia, palatino, serif;\">Efficiency Award, the First Place for the Public Category, presented by the Republic of Turkey Ministry of Science and Technology, Ankara,November 2019.<\/span><\/p>\t\t\t\t\t\t\t\t<\/div>\n\t\t\t\t<\/div>\n\t\t\t\t<div class=\"elementor-element elementor-element-45c0045 elementor-widget elementor-widget-image\" data-id=\"45c0045\" data-element_type=\"widget\" data-settings=\"{&quot;ekit_we_effect_on&quot;:&quot;none&quot;}\" data-widget_type=\"image.default\">\n\t\t\t\t<div class=\"elementor-widget-container\">\n\t\t\t\t\t\t\t\t\t\t\t\t\t\t\t<img decoding=\"async\" width=\"887\" height=\"856\" src=\"https:\/\/ozuecem.net\/wp-content\/uploads\/2022\/01\/need4b_sema.png\" class=\"attachment-large size-large wp-image-6449\" alt=\"\" srcset=\"https:\/\/ozuecem.net\/wp-content\/uploads\/2022\/01\/need4b_sema.png 887w, https:\/\/ozuecem.net\/wp-content\/uploads\/2022\/01\/need4b_sema-768x741.png 768w\" sizes=\"(max-width: 887px) 100vw, 887px\" \/>\t\t\t\t\t\t\t\t\t\t\t\t\t\t\t<\/div>\n\t\t\t\t<\/div>\n\t\t\t\t\t<\/div>\n\t\t<\/div>\n\t\t\t\t\t<\/div>\n\t\t<\/section>\n\t\t\t\t<\/div>\n\t\t","protected":false},"excerpt":{"rendered":"<p>Project Starting &#8211; Ending Dates: 01\/02\/2012 &#8211; 01\/02\/2018 Funded by: EU 7th Framework Programme Project Budget: 9,500,000.00 \u20ac (EU Contribution: 5,681,652.00 \u20ac) \/ \u00d6zye\u011fin &#8211; CEEE budget: 2,414,428.99 \u20ac (EU Contribution\u0131: 1,287,589.69 \u20ac) Application Building: SCOLA, \u00d6zye\u011fin University, Istanbul Project Team: M. P\u0131nar Meng\u00fc\u00e7, Yasemin Somuncu, Saadet \u00d6zkan,Do\u011fa Gizem Memi\u015f, Raaid Al Dory, Dilek Sayg\u0131 [&hellip;]<\/p>\n","protected":false},"author":1,"featured_media":0,"parent":6852,"menu_order":0,"comment_status":"closed","ping_status":"closed","template":"template\/full-width-template.php","meta":{"footnotes":""},"class_list":["post-6798","page","type-page","status-publish","hentry"],"_links":{"self":[{"href":"https:\/\/ozuecem.net\/en\/wp-json\/wp\/v2\/pages\/6798","targetHints":{"allow":["GET"]}}],"collection":[{"href":"https:\/\/ozuecem.net\/en\/wp-json\/wp\/v2\/pages"}],"about":[{"href":"https:\/\/ozuecem.net\/en\/wp-json\/wp\/v2\/types\/page"}],"author":[{"embeddable":true,"href":"https:\/\/ozuecem.net\/en\/wp-json\/wp\/v2\/users\/1"}],"replies":[{"embeddable":true,"href":"https:\/\/ozuecem.net\/en\/wp-json\/wp\/v2\/comments?post=6798"}],"version-history":[{"count":6,"href":"https:\/\/ozuecem.net\/en\/wp-json\/wp\/v2\/pages\/6798\/revisions"}],"predecessor-version":[{"id":11049,"href":"https:\/\/ozuecem.net\/en\/wp-json\/wp\/v2\/pages\/6798\/revisions\/11049"}],"up":[{"embeddable":true,"href":"https:\/\/ozuecem.net\/en\/wp-json\/wp\/v2\/pages\/6852"}],"wp:attachment":[{"href":"https:\/\/ozuecem.net\/en\/wp-json\/wp\/v2\/media?parent=6798"}],"curies":[{"name":"wp","href":"https:\/\/api.w.org\/{rel}","templated":true}]}}