{"id":6841,"date":"2022-02-01T09:55:06","date_gmt":"2022-02-01T09:55:06","guid":{"rendered":"https:\/\/ozuecem.net\/e-v-kitapcigi\/"},"modified":"2023-05-09T17:29:30","modified_gmt":"2023-05-09T17:29:30","slug":"e-e-booklet","status":"publish","type":"page","link":"https:\/\/ozuecem.net\/en\/energy-efficiency-education-projects\/e-e-booklet\/","title":{"rendered":"E-E Booklet"},"content":{"rendered":"\t\t<div data-elementor-type=\"wp-page\" data-elementor-id=\"6841\" class=\"elementor elementor-6841 elementor-5357\" data-elementor-post-type=\"page\">\n\t\t\t\t\t\t<section class=\"elementor-section elementor-top-section elementor-element elementor-element-6bf5cab elementor-section-boxed elementor-section-height-default elementor-section-height-default\" data-id=\"6bf5cab\" data-element_type=\"section\">\n\t\t\t\t\t\t<div class=\"elementor-container elementor-column-gap-default\">\n\t\t\t\t\t<div class=\"elementor-column elementor-col-50 elementor-top-column elementor-element elementor-element-f9cdcb7\" data-id=\"f9cdcb7\" data-element_type=\"column\">\n\t\t\t<div class=\"elementor-widget-wrap elementor-element-populated\">\n\t\t\t\t\t\t<div class=\"elementor-element elementor-element-9addd23 elementor-widget elementor-widget-text-editor\" data-id=\"9addd23\" data-element_type=\"widget\" data-settings=\"{&quot;ekit_we_effect_on&quot;:&quot;none&quot;}\" data-widget_type=\"text-editor.default\">\n\t\t\t\t<div class=\"elementor-widget-container\">\n\t\t\t\t\t\t\t\t\t<p><strong>Project Starting \u2013 Ending Dates:<\/strong> March 2020 &#8211; March 2021<\/p><p><strong>Funded by:<\/strong> EU and Turkey: Kat\u0131l\u0131m \u00d6ncesi Yard\u0131m Arac\u0131 (IPA-II) 2013 Energy Sector Programme Phase-2 Project<\/p><p><strong>Project Budget:<\/strong> \u00d6zye\u011fin University &#8211; CEEE budget: 35.400 TL<\/p><p><strong>Project Team:<\/strong> M. P\u0131nar Meng\u00fc\u00e7, Cem Keskin, Dilek Sayg\u0131, Sonat Alkan, Ozan Kocamaz, Bengi Su Aydo\u011fdu, Taner Kaya<\/p><p><strong>Project Partners:<\/strong> \u00d6zye\u011fin University &#8211; CEEE<br \/>Reta Advertising, T.C. Ministry of Energy and Natural Resources<\/p><p><strong>Scope of Content: <\/strong>Preparing the content for a series of videos and a booklet that will be used in educations to increase knowledge and ability on \u201cEnergy Efficiency\u201d of high school teachers working in ministerial schools and organizations in scope of \u201cT.C. Ministry of Education &#8211; The Professional Development Program, The Directorate of Education and Preparation of High School Teachers\u201d<\/p><p><strong>Other people and organizations who contributed to E &#8211; E Booklet:<\/strong> \u00d6zye\u011fin University &#8211; E\u00c7EM (Ali Can Yelek\u00e7i, Tolga Arda Eraslan, G\u00fcl\u00e7in Mezireli)<br \/>RETA (Sonat Alkan, Ozan Kocamaz, Bengi Su Aydo\u011fdu, Taner Kaya)<\/p>\t\t\t\t\t\t\t\t<\/div>\n\t\t\t\t<\/div>\n\t\t\t\t\t<\/div>\n\t\t<\/div>\n\t\t\t\t<div class=\"elementor-column elementor-col-50 elementor-top-column elementor-element elementor-element-027c0fa\" data-id=\"027c0fa\" data-element_type=\"column\">\n\t\t\t<div class=\"elementor-widget-wrap elementor-element-populated\">\n\t\t\t\t\t\t<section class=\"elementor-section elementor-inner-section elementor-element elementor-element-e513000 elementor-section-boxed elementor-section-height-default elementor-section-height-default\" data-id=\"e513000\" data-element_type=\"section\">\n\t\t\t\t\t\t<div class=\"elementor-container elementor-column-gap-default\">\n\t\t\t\t\t<div class=\"elementor-column elementor-col-100 elementor-inner-column elementor-element elementor-element-4ea9f10\" data-id=\"4ea9f10\" data-element_type=\"column\">\n\t\t\t<div class=\"elementor-widget-wrap elementor-element-populated\">\n\t\t\t\t\t\t<div class=\"elementor-element elementor-element-f2778fd elementor-widget elementor-widget-image\" data-id=\"f2778fd\" data-element_type=\"widget\" data-settings=\"{&quot;ekit_we_effect_on&quot;:&quot;none&quot;}\" data-widget_type=\"image.default\">\n\t\t\t\t<div class=\"elementor-widget-container\">\n\t\t\t\t\t\t\t\t\t\t\t\t\t\t\t<img decoding=\"async\" src=\"https:\/\/ozuecem.net\/wp-content\/uploads\/elementor\/thumbs\/01TR_AB_isbirligi_logosu-pktyrgkge3t8926hz75xxb8f2du46sg3km5c1z3aps.jpg\" title=\"01TR_AB_isbirligi_logosu\" alt=\"01TR_AB_isbirligi_logosu\" loading=\"lazy\" \/>\t\t\t\t\t\t\t\t\t\t\t\t\t\t\t<\/div>\n\t\t\t\t<\/div>\n\t\t\t\t\t<\/div>\n\t\t<\/div>\n\t\t\t\t\t<\/div>\n\t\t<\/section>\n\t\t\t\t\t<\/div>\n\t\t<\/div>\n\t\t\t\t\t<\/div>\n\t\t<\/section>\n\t\t\t\t<\/div>\n\t\t","protected":false},"excerpt":{"rendered":"<p>Project Starting \u2013 Ending Dates: March 2020 &#8211; March 2021 Funded by: EU and Turkey: Kat\u0131l\u0131m \u00d6ncesi Yard\u0131m Arac\u0131 (IPA-II) 2013 Energy Sector Programme Phase-2 Project Project Budget: \u00d6zye\u011fin University &#8211; CEEE budget: 35.400 TL Project Team: M. P\u0131nar Meng\u00fc\u00e7, Cem Keskin, Dilek Sayg\u0131, Sonat Alkan, Ozan Kocamaz, Bengi Su Aydo\u011fdu, Taner Kaya Project Partners: [&hellip;]<\/p>\n","protected":false},"author":1,"featured_media":0,"parent":6848,"menu_order":0,"comment_status":"closed","ping_status":"closed","template":"template\/full-width-template.php","meta":{"footnotes":""},"class_list":["post-6841","page","type-page","status-publish","hentry"],"_links":{"self":[{"href":"https:\/\/ozuecem.net\/en\/wp-json\/wp\/v2\/pages\/6841","targetHints":{"allow":["GET"]}}],"collection":[{"href":"https:\/\/ozuecem.net\/en\/wp-json\/wp\/v2\/pages"}],"about":[{"href":"https:\/\/ozuecem.net\/en\/wp-json\/wp\/v2\/types\/page"}],"author":[{"embeddable":true,"href":"https:\/\/ozuecem.net\/en\/wp-json\/wp\/v2\/users\/1"}],"replies":[{"embeddable":true,"href":"https:\/\/ozuecem.net\/en\/wp-json\/wp\/v2\/comments?post=6841"}],"version-history":[{"count":0,"href":"https:\/\/ozuecem.net\/en\/wp-json\/wp\/v2\/pages\/6841\/revisions"}],"up":[{"embeddable":true,"href":"https:\/\/ozuecem.net\/en\/wp-json\/wp\/v2\/pages\/6848"}],"wp:attachment":[{"href":"https:\/\/ozuecem.net\/en\/wp-json\/wp\/v2\/media?parent=6841"}],"curies":[{"name":"wp","href":"https:\/\/api.w.org\/{rel}","templated":true}]}}