{"id":6846,"date":"2022-02-03T15:24:02","date_gmt":"2022-02-03T15:24:02","guid":{"rendered":"https:\/\/ozuecem.net\/tubitak-projeleri\/"},"modified":"2023-05-09T12:36:03","modified_gmt":"2023-05-09T12:36:03","slug":"tubitak-projects","status":"publish","type":"page","link":"https:\/\/ozuecem.net\/en\/tubitak-projects\/","title":{"rendered":"T\u00fcbitak Projects"},"content":{"rendered":"\t\t<div data-elementor-type=\"wp-page\" data-elementor-id=\"6846\" class=\"elementor elementor-6846 elementor-5366\" data-elementor-post-type=\"page\">\n\t\t\t\t\t\t<section class=\"elementor-section elementor-top-section elementor-element elementor-element-5aab110 elementor-section-boxed elementor-section-height-default elementor-section-height-default\" data-id=\"5aab110\" data-element_type=\"section\">\n\t\t\t\t\t\t<div class=\"elementor-container elementor-column-gap-default\">\n\t\t\t\t\t<div class=\"elementor-column elementor-col-33 elementor-top-column elementor-element elementor-element-7cbb58f\" data-id=\"7cbb58f\" data-element_type=\"column\">\n\t\t\t<div class=\"elementor-widget-wrap elementor-element-populated\">\n\t\t\t\t\t\t<section class=\"elementor-section elementor-inner-section elementor-element elementor-element-2631250 elementor-section-boxed elementor-section-height-default elementor-section-height-default\" data-id=\"2631250\" data-element_type=\"section\">\n\t\t\t\t\t\t<div class=\"elementor-container elementor-column-gap-default\">\n\t\t\t\t\t<div class=\"elementor-column elementor-col-50 elementor-inner-column elementor-element elementor-element-02a7df0\" data-id=\"02a7df0\" data-element_type=\"column\">\n\t\t\t<div class=\"elementor-widget-wrap elementor-element-populated\">\n\t\t\t\t\t\t<div class=\"elementor-element elementor-element-4ea243f elementor-widget elementor-widget-image\" data-id=\"4ea243f\" data-element_type=\"widget\" data-settings=\"{&quot;ekit_we_effect_on&quot;:&quot;none&quot;}\" data-widget_type=\"image.default\">\n\t\t\t\t<div class=\"elementor-widget-container\">\n\t\t\t\t\t\t\t\t\t\t\t\t\t\t\t<img fetchpriority=\"high\" decoding=\"async\" width=\"1200\" height=\"1330\" src=\"https:\/\/ozuecem.net\/wp-content\/uploads\/2023\/05\/TUBITAK_logo.svg.png\" class=\"attachment-large size-large wp-image-8874\" alt=\"\" srcset=\"https:\/\/ozuecem.net\/wp-content\/uploads\/2023\/05\/TUBITAK_logo.svg.png 1200w, https:\/\/ozuecem.net\/wp-content\/uploads\/2023\/05\/TUBITAK_logo.svg-768x851.png 768w\" sizes=\"(max-width: 1200px) 100vw, 1200px\" \/>\t\t\t\t\t\t\t\t\t\t\t\t\t\t\t<\/div>\n\t\t\t\t<\/div>\n\t\t\t\t\t<\/div>\n\t\t<\/div>\n\t\t\t\t<div class=\"elementor-column elementor-col-50 elementor-inner-column elementor-element elementor-element-7719f92\" data-id=\"7719f92\" data-element_type=\"column\">\n\t\t\t<div class=\"elementor-widget-wrap elementor-element-populated\">\n\t\t\t\t\t\t<div class=\"elementor-element elementor-element-9ddf94e elementor-widget elementor-widget-image\" data-id=\"9ddf94e\" data-element_type=\"widget\" data-settings=\"{&quot;ekit_we_effect_on&quot;:&quot;none&quot;}\" data-widget_type=\"image.default\">\n\t\t\t\t<div class=\"elementor-widget-container\">\n\t\t\t\t\t\t\t\t\t\t\t\t\t\t\t<img decoding=\"async\" width=\"1722\" height=\"1731\" src=\"https:\/\/ozuecem.net\/wp-content\/uploads\/2022\/02\/NSF_4-Color_bitmap_Logo.png\" class=\"attachment-large size-large wp-image-6589\" alt=\"\" srcset=\"https:\/\/ozuecem.net\/wp-content\/uploads\/2022\/02\/NSF_4-Color_bitmap_Logo.png 1722w, https:\/\/ozuecem.net\/wp-content\/uploads\/2022\/02\/NSF_4-Color_bitmap_Logo-150x150.png 150w, https:\/\/ozuecem.net\/wp-content\/uploads\/2022\/02\/NSF_4-Color_bitmap_Logo-768x772.png 768w, https:\/\/ozuecem.net\/wp-content\/uploads\/2022\/02\/NSF_4-Color_bitmap_Logo-1528x1536.png 1528w\" sizes=\"(max-width: 1722px) 100vw, 1722px\" \/>\t\t\t\t\t\t\t\t\t\t\t\t\t\t\t<\/div>\n\t\t\t\t<\/div>\n\t\t\t\t\t<\/div>\n\t\t<\/div>\n\t\t\t\t\t<\/div>\n\t\t<\/section>\n\t\t\t\t<div class=\"elementor-element elementor-element-f21c649 elementor-widget elementor-widget-text-editor\" data-id=\"f21c649\" data-element_type=\"widget\" data-settings=\"{&quot;ekit_we_effect_on&quot;:&quot;none&quot;}\" data-widget_type=\"text-editor.default\">\n\t\t\t\t<div class=\"elementor-widget-container\">\n\t\t\t\t\t\t\t\t\t<p style=\"text-align: center;\"><span style=\"font-size: 14pt;\">\u00a0<\/span><\/p><p style=\"text-align: center;\"><span style=\"font-size: 14pt;\">T\u00dcB\u0130TAK+NSF<\/span><\/p>\t\t\t\t\t\t\t\t<\/div>\n\t\t\t\t<\/div>\n\t\t\t\t<div class=\"elementor-element elementor-element-b948a7a elementor-widget elementor-widget-text-editor\" data-id=\"b948a7a\" data-element_type=\"widget\" data-settings=\"{&quot;ekit_we_effect_on&quot;:&quot;none&quot;}\" data-widget_type=\"text-editor.default\">\n\t\t\t\t<div class=\"elementor-widget-container\">\n\t\t\t\t\t\t\t\t\t<p>The project took place on 16-19 May 2011 in Istanbul.<\/p>\t\t\t\t\t\t\t\t<\/div>\n\t\t\t\t<\/div>\n\t\t\t\t<div class=\"elementor-element elementor-element-9c9d3ba elementor-widget elementor-widget-button\" data-id=\"9c9d3ba\" data-element_type=\"widget\" data-settings=\"{&quot;ekit_we_effect_on&quot;:&quot;none&quot;}\" data-widget_type=\"button.default\">\n\t\t\t\t<div class=\"elementor-widget-container\">\n\t\t\t\t\t\t\t\t\t<div class=\"elementor-button-wrapper\">\n\t\t\t\t\t<a class=\"elementor-button elementor-button-link elementor-size-xs\" href=\"https:\/\/ozuecem.net\/en\/tubitak-projects\/tubitak-nsf\/\">\n\t\t\t\t\t\t<span class=\"elementor-button-content-wrapper\">\n\t\t\t\t\t\t\t\t\t<span class=\"elementor-button-text\">For more information<\/span>\n\t\t\t\t\t<\/span>\n\t\t\t\t\t<\/a>\n\t\t\t\t<\/div>\n\t\t\t\t\t\t\t\t<\/div>\n\t\t\t\t<\/div>\n\t\t\t\t\t<\/div>\n\t\t<\/div>\n\t\t\t\t<div class=\"elementor-column elementor-col-33 elementor-top-column elementor-element elementor-element-f827c28\" data-id=\"f827c28\" data-element_type=\"column\">\n\t\t\t<div class=\"elementor-widget-wrap elementor-element-populated\">\n\t\t\t\t\t\t<div class=\"elementor-element elementor-element-24228a3 elementor-widget elementor-widget-image\" data-id=\"24228a3\" data-element_type=\"widget\" data-settings=\"{&quot;ekit_we_effect_on&quot;:&quot;none&quot;}\" data-widget_type=\"image.default\">\n\t\t\t\t<div class=\"elementor-widget-container\">\n\t\t\t\t\t\t\t\t\t\t\t\t\t\t\t<img decoding=\"async\" width=\"640\" height=\"355\" src=\"https:\/\/ozuecem.net\/wp-content\/uploads\/2023\/05\/26352.jpg\" class=\"attachment-large size-large wp-image-8876\" alt=\"\" \/>\t\t\t\t\t\t\t\t\t\t\t\t\t\t\t<\/div>\n\t\t\t\t<\/div>\n\t\t\t\t<div class=\"elementor-element elementor-element-2db41b1 elementor-widget elementor-widget-text-editor\" data-id=\"2db41b1\" data-element_type=\"widget\" data-settings=\"{&quot;ekit_we_effect_on&quot;:&quot;none&quot;}\" data-widget_type=\"text-editor.default\">\n\t\t\t\t<div class=\"elementor-widget-container\">\n\t\t\t\t\t\t\t\t\t<p style=\"text-align: center;\"><span style=\"font-size: 14pt;\">T\u00dcB\u0130TAK 2501<\/span><\/p>\t\t\t\t\t\t\t\t<\/div>\n\t\t\t\t<\/div>\n\t\t\t\t<div class=\"elementor-element elementor-element-f50cdbd elementor-widget elementor-widget-text-editor\" data-id=\"f50cdbd\" data-element_type=\"widget\" data-settings=\"{&quot;ekit_we_effect_on&quot;:&quot;none&quot;}\" data-widget_type=\"text-editor.default\">\n\t\t\t\t<div class=\"elementor-widget-container\">\n\t\t\t\t\t\t\t\t\t<p>The project took place between October 2013-2014 in \u0130stanbul.<\/p>\t\t\t\t\t\t\t\t<\/div>\n\t\t\t\t<\/div>\n\t\t\t\t<div class=\"elementor-element elementor-element-d6dfd50 elementor-widget elementor-widget-button\" data-id=\"d6dfd50\" data-element_type=\"widget\" data-settings=\"{&quot;ekit_we_effect_on&quot;:&quot;none&quot;}\" data-widget_type=\"button.default\">\n\t\t\t\t<div class=\"elementor-widget-container\">\n\t\t\t\t\t\t\t\t\t<div class=\"elementor-button-wrapper\">\n\t\t\t\t\t<a class=\"elementor-button elementor-button-link elementor-size-xs\" href=\"https:\/\/ozuecem.net\/en\/tubitak-projects\/tubitak-2501\/\">\n\t\t\t\t\t\t<span class=\"elementor-button-content-wrapper\">\n\t\t\t\t\t\t\t\t\t<span class=\"elementor-button-text\">For more information<\/span>\n\t\t\t\t\t<\/span>\n\t\t\t\t\t<\/a>\n\t\t\t\t<\/div>\n\t\t\t\t\t\t\t\t<\/div>\n\t\t\t\t<\/div>\n\t\t\t\t\t<\/div>\n\t\t<\/div>\n\t\t\t\t<div class=\"elementor-column elementor-col-33 elementor-top-column elementor-element elementor-element-7e9d507\" data-id=\"7e9d507\" data-element_type=\"column\">\n\t\t\t<div class=\"elementor-widget-wrap elementor-element-populated\">\n\t\t\t\t\t\t<div class=\"elementor-element elementor-element-574fdb0 elementor-widget elementor-widget-image\" data-id=\"574fdb0\" data-element_type=\"widget\" data-settings=\"{&quot;ekit_we_effect_on&quot;:&quot;none&quot;}\" data-widget_type=\"image.default\">\n\t\t\t\t<div class=\"elementor-widget-container\">\n\t\t\t\t\t\t\t\t\t\t\t\t\t\t\t<img loading=\"lazy\" decoding=\"async\" width=\"1150\" height=\"646\" src=\"https:\/\/ozuecem.net\/wp-content\/uploads\/2023\/05\/k_17152817_10150107_logo-top.jpg\" class=\"attachment-large size-large wp-image-8878\" alt=\"\" srcset=\"https:\/\/ozuecem.net\/wp-content\/uploads\/2023\/05\/k_17152817_10150107_logo-top.jpg 1150w, https:\/\/ozuecem.net\/wp-content\/uploads\/2023\/05\/k_17152817_10150107_logo-top-768x431.jpg 768w\" sizes=\"(max-width: 1150px) 100vw, 1150px\" \/>\t\t\t\t\t\t\t\t\t\t\t\t\t\t\t<\/div>\n\t\t\t\t<\/div>\n\t\t\t\t<div class=\"elementor-element elementor-element-ea16928 elementor-widget elementor-widget-text-editor\" data-id=\"ea16928\" data-element_type=\"widget\" data-settings=\"{&quot;ekit_we_effect_on&quot;:&quot;none&quot;}\" data-widget_type=\"text-editor.default\">\n\t\t\t\t<div class=\"elementor-widget-container\">\n\t\t\t\t\t\t\t\t\t<p style=\"text-align: center;\"><span style=\"font-size: 14pt;\">\u00a0T\u00dcB\u0130TAK 2221<\/span><\/p>\t\t\t\t\t\t\t\t<\/div>\n\t\t\t\t<\/div>\n\t\t\t\t<div class=\"elementor-element elementor-element-fb9ec1e elementor-widget elementor-widget-text-editor\" data-id=\"fb9ec1e\" data-element_type=\"widget\" data-settings=\"{&quot;ekit_we_effect_on&quot;:&quot;none&quot;}\" data-widget_type=\"text-editor.default\">\n\t\t\t\t<div class=\"elementor-widget-container\">\n\t\t\t\t\t\t\t\t\t<p>The project took place between\u00a0<\/p><p>March 2014-2015.<\/p>\t\t\t\t\t\t\t\t<\/div>\n\t\t\t\t<\/div>\n\t\t\t\t<div class=\"elementor-element elementor-element-fc97eb7 elementor-widget elementor-widget-button\" data-id=\"fc97eb7\" data-element_type=\"widget\" data-settings=\"{&quot;ekit_we_effect_on&quot;:&quot;none&quot;}\" data-widget_type=\"button.default\">\n\t\t\t\t<div class=\"elementor-widget-container\">\n\t\t\t\t\t\t\t\t\t<div class=\"elementor-button-wrapper\">\n\t\t\t\t\t<a class=\"elementor-button elementor-button-link elementor-size-xs\" href=\"https:\/\/ozuecem.net\/en\/tubitak-projects\/tubitak-2221\/\">\n\t\t\t\t\t\t<span class=\"elementor-button-content-wrapper\">\n\t\t\t\t\t\t\t\t\t<span class=\"elementor-button-text\">For more information<\/span>\n\t\t\t\t\t<\/span>\n\t\t\t\t\t<\/a>\n\t\t\t\t<\/div>\n\t\t\t\t\t\t\t\t<\/div>\n\t\t\t\t<\/div>\n\t\t\t\t\t<\/div>\n\t\t<\/div>\n\t\t\t\t\t<\/div>\n\t\t<\/section>\n\t\t\t\t<\/div>\n\t\t","protected":false},"excerpt":{"rendered":"<p>\u00a0 T\u00dcB\u0130TAK+NSF The project took place on 16-19 May 2011 in Istanbul. For more information T\u00dcB\u0130TAK 2501 The project took place between October 2013-2014 in \u0130stanbul. For more information \u00a0T\u00dcB\u0130TAK 2221 The project took place between\u00a0 March 2014-2015. For more information<\/p>\n","protected":false},"author":1,"featured_media":0,"parent":0,"menu_order":0,"comment_status":"closed","ping_status":"closed","template":"template\/full-width-template.php","meta":{"footnotes":""},"class_list":["post-6846","page","type-page","status-publish","hentry"],"_links":{"self":[{"href":"https:\/\/ozuecem.net\/en\/wp-json\/wp\/v2\/pages\/6846","targetHints":{"allow":["GET"]}}],"collection":[{"href":"https:\/\/ozuecem.net\/en\/wp-json\/wp\/v2\/pages"}],"about":[{"href":"https:\/\/ozuecem.net\/en\/wp-json\/wp\/v2\/types\/page"}],"author":[{"embeddable":true,"href":"https:\/\/ozuecem.net\/en\/wp-json\/wp\/v2\/users\/1"}],"replies":[{"embeddable":true,"href":"https:\/\/ozuecem.net\/en\/wp-json\/wp\/v2\/comments?post=6846"}],"version-history":[{"count":0,"href":"https:\/\/ozuecem.net\/en\/wp-json\/wp\/v2\/pages\/6846\/revisions"}],"wp:attachment":[{"href":"https:\/\/ozuecem.net\/en\/wp-json\/wp\/v2\/media?parent=6846"}],"curies":[{"name":"wp","href":"https:\/\/api.w.org\/{rel}","templated":true}]}}