{"id":6857,"date":"2022-02-03T15:43:08","date_gmt":"2022-02-03T15:43:08","guid":{"rendered":"https:\/\/ozuecem.net\/tubitak-projects\/tubitak-nsf\/"},"modified":"2023-05-03T10:21:21","modified_gmt":"2023-05-03T10:21:21","slug":"tubitak-nsf","status":"publish","type":"page","link":"https:\/\/ozuecem.net\/en\/tubitak-projects\/tubitak-nsf\/","title":{"rendered":"T\u00dcB\u0130TAK + NSF"},"content":{"rendered":"\t\t<div data-elementor-type=\"wp-page\" data-elementor-id=\"6857\" class=\"elementor elementor-6857 elementor-5368\" data-elementor-post-type=\"page\">\n\t\t\t\t\t\t<section class=\"elementor-section elementor-top-section elementor-element elementor-element-6bf5cab elementor-section-boxed elementor-section-height-default elementor-section-height-default\" data-id=\"6bf5cab\" data-element_type=\"section\">\n\t\t\t\t\t\t<div class=\"elementor-container elementor-column-gap-default\">\n\t\t\t\t\t<div class=\"elementor-column elementor-col-50 elementor-top-column elementor-element elementor-element-f9cdcb7\" data-id=\"f9cdcb7\" data-element_type=\"column\">\n\t\t\t<div class=\"elementor-widget-wrap elementor-element-populated\">\n\t\t\t\t\t\t<div class=\"elementor-element elementor-element-3a96a93 elementor-widget elementor-widget-text-editor\" data-id=\"3a96a93\" data-element_type=\"widget\" data-settings=\"{&quot;ekit_we_effect_on&quot;:&quot;none&quot;}\" data-widget_type=\"text-editor.default\">\n\t\t\t\t<div class=\"elementor-widget-container\">\n\t\t\t\t\t\t\t\t\t<p>\u00a0<\/p><p>\u00a0<\/p><p><strong>Project Starting &#8211; Ending Dates:<\/strong> 16-19 May 2011<\/p><p><strong>Project Budget:<\/strong> USA NSF Contribution: 80,000 $, \u00d6zye\u011fin \u2013 CEEE budget: 80,000 $<\/p><p><strong>Workshop Location:<\/strong> \u0130stanbul<\/p><p><strong>Project Team:<\/strong> M. P\u0131nar Meng\u00fc\u00e7, P\u0131nar \u00d6zuyar, Angus Rockett (Illinois), Abbas Aminmansour (Illinois)<\/p><p><strong>Project Partners:<\/strong> Turkey: \u00d6zye\u011fin University \u2013 CEEE, USA: National Science Foundation (NSF), University of Illinois, Urbana-Champaign, Illinois<\/p>\t\t\t\t\t\t\t\t<\/div>\n\t\t\t\t<\/div>\n\t\t\t\t\t<\/div>\n\t\t<\/div>\n\t\t\t\t<div class=\"elementor-column elementor-col-50 elementor-top-column elementor-element elementor-element-027c0fa\" data-id=\"027c0fa\" data-element_type=\"column\">\n\t\t\t<div class=\"elementor-widget-wrap elementor-element-populated\">\n\t\t\t\t\t\t<section class=\"elementor-section elementor-inner-section elementor-element elementor-element-e513000 elementor-section-boxed elementor-section-height-default elementor-section-height-default\" data-id=\"e513000\" data-element_type=\"section\">\n\t\t\t\t\t\t<div class=\"elementor-container elementor-column-gap-default\">\n\t\t\t\t\t<div class=\"elementor-column elementor-col-50 elementor-inner-column elementor-element elementor-element-4ea9f10\" data-id=\"4ea9f10\" data-element_type=\"column\">\n\t\t\t<div class=\"elementor-widget-wrap elementor-element-populated\">\n\t\t\t\t\t\t<div class=\"elementor-element elementor-element-c16c1a0 elementor-widget elementor-widget-image\" data-id=\"c16c1a0\" data-element_type=\"widget\" data-settings=\"{&quot;ekit_we_effect_on&quot;:&quot;none&quot;}\" data-widget_type=\"image.default\">\n\t\t\t\t<div class=\"elementor-widget-container\">\n\t\t\t\t\t\t\t\t\t\t\t\t\t\t\t<img decoding=\"async\" src=\"https:\/\/ozuecem.net\/wp-content\/uploads\/elementor\/thumbs\/tubitak-logo-104B019D6F-seeklogo.com_-pktyjbat5snrmq0hjoecbd8lq5zlh83ugalubn64n4.png\" title=\"tubitak-logo-104B019D6F-seeklogo.com\" alt=\"tubitak-logo-104B019D6F-seeklogo.com\" loading=\"lazy\" \/>\t\t\t\t\t\t\t\t\t\t\t\t\t\t\t<\/div>\n\t\t\t\t<\/div>\n\t\t\t\t\t<\/div>\n\t\t<\/div>\n\t\t\t\t<div class=\"elementor-column elementor-col-50 elementor-inner-column elementor-element elementor-element-f383ed3\" data-id=\"f383ed3\" data-element_type=\"column\">\n\t\t\t<div class=\"elementor-widget-wrap elementor-element-populated\">\n\t\t\t\t\t\t<div class=\"elementor-element elementor-element-8d6b81a elementor-widget elementor-widget-image\" data-id=\"8d6b81a\" data-element_type=\"widget\" data-settings=\"{&quot;ekit_we_effect_on&quot;:&quot;none&quot;}\" data-widget_type=\"image.default\">\n\t\t\t\t<div class=\"elementor-widget-container\">\n\t\t\t\t\t\t\t\t\t\t\t\t\t\t\t<img decoding=\"async\" src=\"https:\/\/ozuecem.net\/wp-content\/uploads\/elementor\/thumbs\/NSF_4-Color_bitmap_Logo-pktyym48eplsm7se7ahpwi8ptykoruujw0wdjshfcw.png\" title=\"NSF_4-Color_bitmap_Logo\" alt=\"NSF_4-Color_bitmap_Logo\" loading=\"lazy\" \/>\t\t\t\t\t\t\t\t\t\t\t\t\t\t\t<\/div>\n\t\t\t\t<\/div>\n\t\t\t\t\t<\/div>\n\t\t<\/div>\n\t\t\t\t\t<\/div>\n\t\t<\/section>\n\t\t\t\t\t<\/div>\n\t\t<\/div>\n\t\t\t\t\t<\/div>\n\t\t<\/section>\n\t\t\t\t<\/div>\n\t\t","protected":false},"excerpt":{"rendered":"<p>\u00a0 \u00a0 Project Starting &#8211; Ending Dates: 16-19 May 2011 Project Budget: USA NSF Contribution: 80,000 $, \u00d6zye\u011fin \u2013 CEEE budget: 80,000 $ Workshop Location: \u0130stanbul Project Team: M. P\u0131nar Meng\u00fc\u00e7, P\u0131nar \u00d6zuyar, Angus Rockett (Illinois), Abbas Aminmansour (Illinois) Project Partners: Turkey: \u00d6zye\u011fin University \u2013 CEEE, USA: National Science Foundation (NSF), University of Illinois, Urbana-Champaign, [&hellip;]<\/p>\n","protected":false},"author":1,"featured_media":0,"parent":6846,"menu_order":0,"comment_status":"closed","ping_status":"closed","template":"template\/full-width-template.php","meta":{"footnotes":""},"class_list":["post-6857","page","type-page","status-publish","hentry"],"_links":{"self":[{"href":"https:\/\/ozuecem.net\/en\/wp-json\/wp\/v2\/pages\/6857","targetHints":{"allow":["GET"]}}],"collection":[{"href":"https:\/\/ozuecem.net\/en\/wp-json\/wp\/v2\/pages"}],"about":[{"href":"https:\/\/ozuecem.net\/en\/wp-json\/wp\/v2\/types\/page"}],"author":[{"embeddable":true,"href":"https:\/\/ozuecem.net\/en\/wp-json\/wp\/v2\/users\/1"}],"replies":[{"embeddable":true,"href":"https:\/\/ozuecem.net\/en\/wp-json\/wp\/v2\/comments?post=6857"}],"version-history":[{"count":0,"href":"https:\/\/ozuecem.net\/en\/wp-json\/wp\/v2\/pages\/6857\/revisions"}],"up":[{"embeddable":true,"href":"https:\/\/ozuecem.net\/en\/wp-json\/wp\/v2\/pages\/6846"}],"wp:attachment":[{"href":"https:\/\/ozuecem.net\/en\/wp-json\/wp\/v2\/media?parent=6857"}],"curies":[{"name":"wp","href":"https:\/\/api.w.org\/{rel}","templated":true}]}}