{"id":6861,"date":"2022-02-03T15:47:11","date_gmt":"2022-02-03T15:47:11","guid":{"rendered":"https:\/\/ozuecem.net\/tubitak-projects\/tubitak-2501\/"},"modified":"2023-05-03T10:25:06","modified_gmt":"2023-05-03T10:25:06","slug":"tubitak-2501","status":"publish","type":"page","link":"https:\/\/ozuecem.net\/en\/tubitak-projects\/tubitak-2501\/","title":{"rendered":"T\u00dcB\u0130TAK 2501"},"content":{"rendered":"\t\t<div data-elementor-type=\"wp-page\" data-elementor-id=\"6861\" class=\"elementor elementor-6861 elementor-5374\" data-elementor-post-type=\"page\">\n\t\t\t\t\t\t<section class=\"elementor-section elementor-top-section elementor-element elementor-element-6bf5cab elementor-section-boxed elementor-section-height-default elementor-section-height-default\" data-id=\"6bf5cab\" data-element_type=\"section\">\n\t\t\t\t\t\t<div class=\"elementor-container elementor-column-gap-default\">\n\t\t\t\t\t<div class=\"elementor-column elementor-col-50 elementor-top-column elementor-element elementor-element-f9cdcb7\" data-id=\"f9cdcb7\" data-element_type=\"column\">\n\t\t\t<div class=\"elementor-widget-wrap elementor-element-populated\">\n\t\t\t\t\t\t<div class=\"elementor-element elementor-element-f9a0e76 elementor-widget elementor-widget-text-editor\" data-id=\"f9a0e76\" data-element_type=\"widget\" data-settings=\"{&quot;ekit_we_effect_on&quot;:&quot;none&quot;}\" data-widget_type=\"text-editor.default\">\n\t\t\t\t<div class=\"elementor-widget-container\">\n\t\t\t\t\t\t\t\t\t<p>\u00a0<\/p><p>\u00a0<\/p><p><strong>Project Starting &#8211; Ending Dates:<\/strong> 01\/10\/2013 &#8211; 01\/10\/2014<\/p><p><strong>Project Budget:<\/strong> T\u00dcB\u0130TAK budget: 120.000TL<br \/>\u00d6zye\u011fin \u2013 CEEE budget: 120.000TL, NSF budget (50,000 $, Georgia Tech)<\/p><p><strong>Application Building:<\/strong> SCOLA, \u00d6zye\u011fin University, Istanbul<\/p><p><strong>Project Team:<\/strong> M. P\u0131nar Meng\u00fc\u00e7, R\u0131fat \u00d6cal, P\u0131nar \u00d6zuyar, Godfried Augenbroe (Georgia Tech)<\/p><p><strong>Project Partners:<\/strong> Turkey: \u00d6zye\u011fin University, CEEE, USA: National Science Foundation (NSF), Georgia Institute of Technology<\/p>\t\t\t\t\t\t\t\t<\/div>\n\t\t\t\t<\/div>\n\t\t\t\t\t<\/div>\n\t\t<\/div>\n\t\t\t\t<div class=\"elementor-column elementor-col-50 elementor-top-column elementor-element elementor-element-027c0fa\" data-id=\"027c0fa\" data-element_type=\"column\">\n\t\t\t<div class=\"elementor-widget-wrap elementor-element-populated\">\n\t\t\t\t\t\t<section class=\"elementor-section elementor-inner-section elementor-element elementor-element-e513000 elementor-section-boxed elementor-section-height-default elementor-section-height-default\" data-id=\"e513000\" data-element_type=\"section\">\n\t\t\t\t\t\t<div class=\"elementor-container elementor-column-gap-default\">\n\t\t\t\t\t<div class=\"elementor-column elementor-col-100 elementor-inner-column elementor-element elementor-element-4ea9f10\" data-id=\"4ea9f10\" data-element_type=\"column\">\n\t\t\t<div class=\"elementor-widget-wrap elementor-element-populated\">\n\t\t\t\t\t\t<div class=\"elementor-element elementor-element-b03f83d elementor-widget elementor-widget-image\" data-id=\"b03f83d\" data-element_type=\"widget\" data-settings=\"{&quot;ekit_we_effect_on&quot;:&quot;none&quot;}\" data-widget_type=\"image.default\">\n\t\t\t\t<div class=\"elementor-widget-container\">\n\t\t\t\t\t\t\t\t\t\t\t\t\t\t\t<img decoding=\"async\" src=\"https:\/\/ozuecem.net\/wp-content\/uploads\/elementor\/thumbs\/tubitak-logo-104B019D6F-seeklogo.com_-1-pktz1tqdrc02a94gg6gtx72ewcqu2mljbx53ktq03k.png\" title=\"tubitak-logo-104B019D6F-seeklogo.com\" alt=\"tubitak-logo-104B019D6F-seeklogo.com\" loading=\"lazy\" \/>\t\t\t\t\t\t\t\t\t\t\t\t\t\t\t<\/div>\n\t\t\t\t<\/div>\n\t\t\t\t\t<\/div>\n\t\t<\/div>\n\t\t\t\t\t<\/div>\n\t\t<\/section>\n\t\t\t\t\t<\/div>\n\t\t<\/div>\n\t\t\t\t\t<\/div>\n\t\t<\/section>\n\t\t\t\t<\/div>\n\t\t","protected":false},"excerpt":{"rendered":"<p>\u00a0 \u00a0 Project Starting &#8211; Ending Dates: 01\/10\/2013 &#8211; 01\/10\/2014 Project Budget: T\u00dcB\u0130TAK budget: 120.000TL\u00d6zye\u011fin \u2013 CEEE budget: 120.000TL, NSF budget (50,000 $, Georgia Tech) Application Building: SCOLA, \u00d6zye\u011fin University, Istanbul Project Team: M. P\u0131nar Meng\u00fc\u00e7, R\u0131fat \u00d6cal, P\u0131nar \u00d6zuyar, Godfried Augenbroe (Georgia Tech) Project Partners: Turkey: \u00d6zye\u011fin University, CEEE, USA: National Science Foundation (NSF), [&hellip;]<\/p>\n","protected":false},"author":1,"featured_media":0,"parent":6846,"menu_order":0,"comment_status":"closed","ping_status":"closed","template":"template\/full-width-template.php","meta":{"footnotes":""},"class_list":["post-6861","page","type-page","status-publish","hentry"],"_links":{"self":[{"href":"https:\/\/ozuecem.net\/en\/wp-json\/wp\/v2\/pages\/6861","targetHints":{"allow":["GET"]}}],"collection":[{"href":"https:\/\/ozuecem.net\/en\/wp-json\/wp\/v2\/pages"}],"about":[{"href":"https:\/\/ozuecem.net\/en\/wp-json\/wp\/v2\/types\/page"}],"author":[{"embeddable":true,"href":"https:\/\/ozuecem.net\/en\/wp-json\/wp\/v2\/users\/1"}],"replies":[{"embeddable":true,"href":"https:\/\/ozuecem.net\/en\/wp-json\/wp\/v2\/comments?post=6861"}],"version-history":[{"count":0,"href":"https:\/\/ozuecem.net\/en\/wp-json\/wp\/v2\/pages\/6861\/revisions"}],"up":[{"embeddable":true,"href":"https:\/\/ozuecem.net\/en\/wp-json\/wp\/v2\/pages\/6846"}],"wp:attachment":[{"href":"https:\/\/ozuecem.net\/en\/wp-json\/wp\/v2\/media?parent=6861"}],"curies":[{"name":"wp","href":"https:\/\/api.w.org\/{rel}","templated":true}]}}