{"id":6865,"date":"2022-02-03T15:49:42","date_gmt":"2022-02-03T15:49:42","guid":{"rendered":"https:\/\/ozuecem.net\/tubitak-projects\/tubitak-2221\/"},"modified":"2023-05-03T10:28:11","modified_gmt":"2023-05-03T10:28:11","slug":"tubitak-2221","status":"publish","type":"page","link":"https:\/\/ozuecem.net\/en\/tubitak-projects\/tubitak-2221\/","title":{"rendered":"T\u00dcB\u0130TAK 2221"},"content":{"rendered":"\t\t<div data-elementor-type=\"wp-page\" data-elementor-id=\"6865\" class=\"elementor elementor-6865 elementor-5379\" data-elementor-post-type=\"page\">\n\t\t\t\t\t\t<section class=\"elementor-section elementor-top-section elementor-element elementor-element-6bf5cab elementor-section-boxed elementor-section-height-default elementor-section-height-default\" data-id=\"6bf5cab\" data-element_type=\"section\">\n\t\t\t\t\t\t<div class=\"elementor-container elementor-column-gap-default\">\n\t\t\t\t\t<div class=\"elementor-column elementor-col-50 elementor-top-column elementor-element elementor-element-f9cdcb7\" data-id=\"f9cdcb7\" data-element_type=\"column\">\n\t\t\t<div class=\"elementor-widget-wrap elementor-element-populated\">\n\t\t\t\t\t\t<div class=\"elementor-element elementor-element-3b44c10 elementor-widget elementor-widget-text-editor\" data-id=\"3b44c10\" data-element_type=\"widget\" data-settings=\"{&quot;ekit_we_effect_on&quot;:&quot;none&quot;}\" data-widget_type=\"text-editor.default\">\n\t\t\t\t<div class=\"elementor-widget-container\">\n\t\t\t\t\t\t\t\t\t<p>\u00a0<\/p><p>\u00a0<\/p><p><strong>Project Starting &#8211; Ending Dates:<\/strong> 01\/03\/2014 &#8211; 01\/03\/2015<\/p><p><strong>Project Budget:<\/strong> T\u00dcB\u0130TAK Contribution: 10.420TL, \u00d6zye\u011fin \u2013 CEEE budget: 10.420TL<\/p><p><strong>Project Team:<\/strong> M. P\u0131nar Meng\u00fc\u00e7, Guest\/Academic Permitted Scientist: Do\u00e7. Dr. Serdar \u00c7elik<\/p><p><strong>Project Partners:<\/strong> Turkey: \u00d6zye\u011fin University, CEEE, USA: Southern IllinoIs University at EdwardsvIlle, IllInois<\/p>\t\t\t\t\t\t\t\t<\/div>\n\t\t\t\t<\/div>\n\t\t\t\t\t<\/div>\n\t\t<\/div>\n\t\t\t\t<div class=\"elementor-column elementor-col-50 elementor-top-column elementor-element elementor-element-027c0fa\" data-id=\"027c0fa\" data-element_type=\"column\">\n\t\t\t<div class=\"elementor-widget-wrap elementor-element-populated\">\n\t\t\t\t\t\t<section class=\"elementor-section elementor-inner-section elementor-element elementor-element-e513000 elementor-section-boxed elementor-section-height-default elementor-section-height-default\" data-id=\"e513000\" data-element_type=\"section\">\n\t\t\t\t\t\t<div class=\"elementor-container elementor-column-gap-default\">\n\t\t\t\t\t<div class=\"elementor-column elementor-col-100 elementor-inner-column elementor-element elementor-element-4ea9f10\" data-id=\"4ea9f10\" data-element_type=\"column\">\n\t\t\t<div class=\"elementor-widget-wrap elementor-element-populated\">\n\t\t\t\t\t\t<div class=\"elementor-element elementor-element-8094369 elementor-widget elementor-widget-image\" data-id=\"8094369\" data-element_type=\"widget\" data-settings=\"{&quot;ekit_we_effect_on&quot;:&quot;none&quot;}\" data-widget_type=\"image.default\">\n\t\t\t\t<div class=\"elementor-widget-container\">\n\t\t\t\t\t\t\t\t\t\t\t\t\t\t\t<img decoding=\"async\" src=\"https:\/\/ozuecem.net\/wp-content\/uploads\/elementor\/thumbs\/tubitak-logo-104B019D6F-seeklogo.com_-1-pktz1tqdrc02a94gg6gtx72ewcqu2mljbx53ktq03k.png\" title=\"tubitak-logo-104B019D6F-seeklogo.com\" alt=\"tubitak-logo-104B019D6F-seeklogo.com\" loading=\"lazy\" \/>\t\t\t\t\t\t\t\t\t\t\t\t\t\t\t<\/div>\n\t\t\t\t<\/div>\n\t\t\t\t\t<\/div>\n\t\t<\/div>\n\t\t\t\t\t<\/div>\n\t\t<\/section>\n\t\t\t\t\t<\/div>\n\t\t<\/div>\n\t\t\t\t\t<\/div>\n\t\t<\/section>\n\t\t\t\t<\/div>\n\t\t","protected":false},"excerpt":{"rendered":"<p>\u00a0 \u00a0 Project Starting &#8211; Ending Dates: 01\/03\/2014 &#8211; 01\/03\/2015 Project Budget: T\u00dcB\u0130TAK Contribution: 10.420TL, \u00d6zye\u011fin \u2013 CEEE budget: 10.420TL Project Team: M. P\u0131nar Meng\u00fc\u00e7, Guest\/Academic Permitted Scientist: Do\u00e7. Dr. Serdar \u00c7elik Project Partners: Turkey: \u00d6zye\u011fin University, CEEE, USA: Southern IllinoIs University at EdwardsvIlle, IllInois<\/p>\n","protected":false},"author":1,"featured_media":0,"parent":6846,"menu_order":0,"comment_status":"closed","ping_status":"closed","template":"template\/full-width-template.php","meta":{"footnotes":""},"class_list":["post-6865","page","type-page","status-publish","hentry"],"_links":{"self":[{"href":"https:\/\/ozuecem.net\/en\/wp-json\/wp\/v2\/pages\/6865","targetHints":{"allow":["GET"]}}],"collection":[{"href":"https:\/\/ozuecem.net\/en\/wp-json\/wp\/v2\/pages"}],"about":[{"href":"https:\/\/ozuecem.net\/en\/wp-json\/wp\/v2\/types\/page"}],"author":[{"embeddable":true,"href":"https:\/\/ozuecem.net\/en\/wp-json\/wp\/v2\/users\/1"}],"replies":[{"embeddable":true,"href":"https:\/\/ozuecem.net\/en\/wp-json\/wp\/v2\/comments?post=6865"}],"version-history":[{"count":0,"href":"https:\/\/ozuecem.net\/en\/wp-json\/wp\/v2\/pages\/6865\/revisions"}],"up":[{"embeddable":true,"href":"https:\/\/ozuecem.net\/en\/wp-json\/wp\/v2\/pages\/6846"}],"wp:attachment":[{"href":"https:\/\/ozuecem.net\/en\/wp-json\/wp\/v2\/media?parent=6865"}],"curies":[{"name":"wp","href":"https:\/\/api.w.org\/{rel}","templated":true}]}}