{"id":6881,"date":"2022-02-03T15:55:50","date_gmt":"2022-02-03T15:55:50","guid":{"rendered":"https:\/\/ozuecem.net\/industrial-collaborations\/dhl-international-gmbh\/"},"modified":"2023-05-03T22:20:36","modified_gmt":"2023-05-03T22:20:36","slug":"dhl-international-gmbh","status":"publish","type":"page","link":"https:\/\/ozuecem.net\/en\/industrial-collaborations\/dhl-international-gmbh\/","title":{"rendered":"DHL INTERNATIONAL, GMBH"},"content":{"rendered":"\t\t<div data-elementor-type=\"wp-page\" data-elementor-id=\"6881\" class=\"elementor elementor-6881 elementor-5405\" data-elementor-post-type=\"page\">\n\t\t\t\t\t\t<section class=\"elementor-section elementor-top-section elementor-element elementor-element-6bf5cab elementor-section-boxed elementor-section-height-default elementor-section-height-default\" data-id=\"6bf5cab\" data-element_type=\"section\">\n\t\t\t\t\t\t<div class=\"elementor-container elementor-column-gap-default\">\n\t\t\t\t\t<div class=\"elementor-column elementor-col-50 elementor-top-column elementor-element elementor-element-f9cdcb7\" data-id=\"f9cdcb7\" data-element_type=\"column\">\n\t\t\t<div class=\"elementor-widget-wrap elementor-element-populated\">\n\t\t\t\t\t\t<div class=\"elementor-element elementor-element-457d58f elementor-widget elementor-widget-text-editor\" data-id=\"457d58f\" data-element_type=\"widget\" data-settings=\"{&quot;ekit_we_effect_on&quot;:&quot;none&quot;}\" data-widget_type=\"text-editor.default\">\n\t\t\t\t<div class=\"elementor-widget-container\">\n\t\t\t\t\t\t\t\t\t<p>\u00a0<\/p><p>\u00a0<\/p><p><strong>Project Starting \u2013 Ending Dates:<\/strong> 01\/02\/2012 \u2013 01\/09\/2012<\/p><p><strong>Project Budget:<\/strong> \u00d6zye\u011fin \u2013 CEEE budget: 15.000\u20ac<\/p><p><strong>Application Location: <\/strong>\u0130stanbul<\/p><p><strong>Project Team:<\/strong> M. P\u0131nar Meng\u00fc\u00e7, Burcu Bal\u00e7\u0131k (OzU),<br \/>Okan \u00d6rsan \u00d6zener (OzU)<\/p><p><strong>Project Partners:<\/strong> Turkey: \u00d6zye\u011fin University, CEEE, Collaboration: DHL International GmbH<\/p>\t\t\t\t\t\t\t\t<\/div>\n\t\t\t\t<\/div>\n\t\t\t\t\t<\/div>\n\t\t<\/div>\n\t\t\t\t<div class=\"elementor-column elementor-col-50 elementor-top-column elementor-element elementor-element-027c0fa\" data-id=\"027c0fa\" data-element_type=\"column\">\n\t\t\t<div class=\"elementor-widget-wrap elementor-element-populated\">\n\t\t\t\t\t\t<section class=\"elementor-section elementor-inner-section elementor-element elementor-element-e513000 elementor-section-boxed elementor-section-height-default elementor-section-height-default\" data-id=\"e513000\" data-element_type=\"section\">\n\t\t\t\t\t\t<div class=\"elementor-container elementor-column-gap-default\">\n\t\t\t\t\t<div class=\"elementor-column elementor-col-100 elementor-inner-column elementor-element elementor-element-4ea9f10\" data-id=\"4ea9f10\" data-element_type=\"column\">\n\t\t\t<div class=\"elementor-widget-wrap elementor-element-populated\">\n\t\t\t\t\t\t<div class=\"elementor-element elementor-element-5d84b2e elementor-widget elementor-widget-image\" data-id=\"5d84b2e\" data-element_type=\"widget\" data-settings=\"{&quot;ekit_we_effect_on&quot;:&quot;none&quot;}\" data-widget_type=\"image.default\">\n\t\t\t\t<div class=\"elementor-widget-container\">\n\t\t\t\t\t\t\t\t\t\t\t\t\t\t\t<img decoding=\"async\" src=\"https:\/\/ozuecem.net\/wp-content\/uploads\/elementor\/thumbs\/DHL-pktz6ccglo6o2sk92mraek15o0hc29j3ma03lp0w74.jpg\" title=\"DHL\" alt=\"DHL\" loading=\"lazy\" \/>\t\t\t\t\t\t\t\t\t\t\t\t\t\t\t<\/div>\n\t\t\t\t<\/div>\n\t\t\t\t\t<\/div>\n\t\t<\/div>\n\t\t\t\t\t<\/div>\n\t\t<\/section>\n\t\t\t\t\t<\/div>\n\t\t<\/div>\n\t\t\t\t\t<\/div>\n\t\t<\/section>\n\t\t\t\t<\/div>\n\t\t","protected":false},"excerpt":{"rendered":"<p>\u00a0 \u00a0 Project Starting \u2013 Ending Dates: 01\/02\/2012 \u2013 01\/09\/2012 Project Budget: \u00d6zye\u011fin \u2013 CEEE budget: 15.000\u20ac Application Location: \u0130stanbul Project Team: M. P\u0131nar Meng\u00fc\u00e7, Burcu Bal\u00e7\u0131k (OzU),Okan \u00d6rsan \u00d6zener (OzU) Project Partners: Turkey: \u00d6zye\u011fin University, CEEE, Collaboration: DHL International GmbH<\/p>\n","protected":false},"author":1,"featured_media":0,"parent":6869,"menu_order":0,"comment_status":"closed","ping_status":"closed","template":"template\/full-width-template.php","meta":{"footnotes":""},"class_list":["post-6881","page","type-page","status-publish","hentry"],"_links":{"self":[{"href":"https:\/\/ozuecem.net\/en\/wp-json\/wp\/v2\/pages\/6881","targetHints":{"allow":["GET"]}}],"collection":[{"href":"https:\/\/ozuecem.net\/en\/wp-json\/wp\/v2\/pages"}],"about":[{"href":"https:\/\/ozuecem.net\/en\/wp-json\/wp\/v2\/types\/page"}],"author":[{"embeddable":true,"href":"https:\/\/ozuecem.net\/en\/wp-json\/wp\/v2\/users\/1"}],"replies":[{"embeddable":true,"href":"https:\/\/ozuecem.net\/en\/wp-json\/wp\/v2\/comments?post=6881"}],"version-history":[{"count":0,"href":"https:\/\/ozuecem.net\/en\/wp-json\/wp\/v2\/pages\/6881\/revisions"}],"up":[{"embeddable":true,"href":"https:\/\/ozuecem.net\/en\/wp-json\/wp\/v2\/pages\/6869"}],"wp:attachment":[{"href":"https:\/\/ozuecem.net\/en\/wp-json\/wp\/v2\/media?parent=6881"}],"curies":[{"name":"wp","href":"https:\/\/api.w.org\/{rel}","templated":true}]}}