{"id":6885,"date":"2022-02-03T16:00:26","date_gmt":"2022-02-03T16:00:26","guid":{"rendered":"https:\/\/ozuecem.net\/turkiyede-neler-yaptik\/"},"modified":"2022-03-17T14:45:35","modified_gmt":"2022-03-17T14:45:35","slug":"what-we-have-done-in-turkey","status":"publish","type":"page","link":"https:\/\/ozuecem.net\/en\/what-we-have-done-in-turkey\/","title":{"rendered":"What We Have Done In Turkey"},"content":{"rendered":"\t\t<div data-elementor-type=\"wp-page\" data-elementor-id=\"6885\" class=\"elementor elementor-6885 elementor-5413\" data-elementor-post-type=\"page\">\n\t\t\t\t\t\t<section class=\"elementor-section elementor-top-section elementor-element elementor-element-147308c elementor-section-boxed elementor-section-height-default elementor-section-height-default\" data-id=\"147308c\" data-element_type=\"section\">\n\t\t\t\t\t\t<div class=\"elementor-container elementor-column-gap-default\">\n\t\t\t\t\t<div class=\"elementor-column elementor-col-100 elementor-top-column elementor-element elementor-element-750892b\" data-id=\"750892b\" data-element_type=\"column\">\n\t\t\t<div class=\"elementor-widget-wrap elementor-element-populated\">\n\t\t\t\t\t\t<section class=\"elementor-section elementor-inner-section elementor-element elementor-element-eb7c005 elementor-section-boxed elementor-section-height-default elementor-section-height-default\" data-id=\"eb7c005\" data-element_type=\"section\">\n\t\t\t\t\t\t<div class=\"elementor-container elementor-column-gap-default\">\n\t\t\t\t\t<div class=\"elementor-column elementor-col-100 elementor-inner-column elementor-element elementor-element-c5550fa\" data-id=\"c5550fa\" data-element_type=\"column\">\n\t\t\t<div class=\"elementor-widget-wrap elementor-element-populated\">\n\t\t\t\t\t\t<div class=\"elementor-element elementor-element-b195b15 elementor-widget elementor-widget-image\" data-id=\"b195b15\" data-element_type=\"widget\" data-settings=\"{&quot;ekit_we_effect_on&quot;:&quot;none&quot;}\" data-widget_type=\"image.default\">\n\t\t\t\t<div class=\"elementor-widget-container\">\n\t\t\t\t\t\t\t\t\t\t\t\t\t\t\t<img fetchpriority=\"high\" decoding=\"async\" width=\"1301\" height=\"540\" src=\"https:\/\/ozuecem.net\/wp-content\/uploads\/2022\/02\/trharita-1.png\" class=\"attachment-full size-full wp-image-6476\" alt=\"\" srcset=\"https:\/\/ozuecem.net\/wp-content\/uploads\/2022\/02\/trharita-1.png 1301w, https:\/\/ozuecem.net\/wp-content\/uploads\/2022\/02\/trharita-1-768x319.png 768w\" sizes=\"(max-width: 1301px) 100vw, 1301px\" \/>\t\t\t\t\t\t\t\t\t\t\t\t\t\t\t<\/div>\n\t\t\t\t<\/div>\n\t\t\t\t\t<\/div>\n\t\t<\/div>\n\t\t\t\t\t<\/div>\n\t\t<\/section>\n\t\t\t\t<div class=\"elementor-element elementor-element-d437df1 elementor-widget-divider--view-line_icon elementor-view-default elementor-widget-divider--element-align-center elementor-widget elementor-widget-divider\" data-id=\"d437df1\" data-element_type=\"widget\" data-settings=\"{&quot;ekit_we_effect_on&quot;:&quot;none&quot;}\" data-widget_type=\"divider.default\">\n\t\t\t\t<div class=\"elementor-widget-container\">\n\t\t\t\t\t\t\t<div class=\"elementor-divider\">\n\t\t\t<span class=\"elementor-divider-separator\">\n\t\t\t\t\t\t\t<div class=\"elementor-icon elementor-divider__element\">\n\t\t\t\t\t<i aria-hidden=\"true\" class=\"icon icon-down-arrow1\"><\/i><\/div>\n\t\t\t\t\t\t<\/span>\n\t\t<\/div>\n\t\t\t\t\t\t<\/div>\n\t\t\t\t<\/div>\n\t\t\t\t\t<\/div>\n\t\t<\/div>\n\t\t\t\t\t<\/div>\n\t\t<\/section>\n\t\t\t\t<section class=\"elementor-section elementor-top-section elementor-element elementor-element-2e819eb elementor-section-boxed elementor-section-height-default elementor-section-height-default\" data-id=\"2e819eb\" data-element_type=\"section\">\n\t\t\t\t\t\t<div class=\"elementor-container elementor-column-gap-default\">\n\t\t\t\t\t<div class=\"elementor-column elementor-col-100 elementor-top-column elementor-element elementor-element-fbd4b3c\" data-id=\"fbd4b3c\" data-element_type=\"column\">\n\t\t\t<div class=\"elementor-widget-wrap elementor-element-populated\">\n\t\t\t\t\t\t<section class=\"elementor-section elementor-inner-section elementor-element elementor-element-6c29d97 elementor-section-boxed elementor-section-height-default elementor-section-height-default\" data-id=\"6c29d97\" data-element_type=\"section\">\n\t\t\t\t\t\t<div class=\"elementor-container elementor-column-gap-default\">\n\t\t\t\t\t<div class=\"elementor-column elementor-col-50 elementor-inner-column elementor-element elementor-element-424ea5a\" data-id=\"424ea5a\" data-element_type=\"column\">\n\t\t\t<div class=\"elementor-widget-wrap elementor-element-populated\">\n\t\t\t\t\t\t<div class=\"elementor-element elementor-element-6eead6c elementor-widget__width-inherit elementor-widget elementor-widget-heading\" data-id=\"6eead6c\" data-element_type=\"widget\" data-settings=\"{&quot;ekit_we_effect_on&quot;:&quot;none&quot;}\" data-widget_type=\"heading.default\">\n\t\t\t\t<div class=\"elementor-widget-container\">\n\t\t\t\t\t<h4 class=\"elementor-heading-title elementor-size-default\">Ankara<\/h4>\t\t\t\t<\/div>\n\t\t\t\t<\/div>\n\t\t\t\t<div class=\"elementor-element elementor-element-ae97826 elementor-widget elementor-widget-text-editor\" data-id=\"ae97826\" data-element_type=\"widget\" data-settings=\"{&quot;ekit_we_effect_on&quot;:&quot;none&quot;}\" data-widget_type=\"text-editor.default\">\n\t\t\t\t<div class=\"elementor-widget-container\">\n\t\t\t\t\t\t\t\t\t<p>\u2022 Nano in Engineering | 2009\/10<br \/>\u2022 NANO-TR Conference | 2010\/04<br \/>\u2022 Concentrated Solar Power Workshop METU | 2014\/02<br \/>\u2022 METU German-Turkish Research on Energy, Konu\u015fma | 2014\/10<br \/>\u2022 SOLAR-TR3, Optics &amp; Buildings| 2015\/04<br \/>\u2022 International Energy Efficiency in Buildings Symposium | 2017\/02<br \/>\u2022 International Energy Efficiency Search Conference | 2019\/10<br \/>\u2022 Council on Higher Education (Y\u00d6K) of Turkey | 2019\/10<\/p>\t\t\t\t\t\t\t\t<\/div>\n\t\t\t\t<\/div>\n\t\t\t\t<div class=\"elementor-element elementor-element-4233c37 elementor-widget__width-inherit elementor-widget elementor-widget-heading\" data-id=\"4233c37\" data-element_type=\"widget\" data-settings=\"{&quot;ekit_we_effect_on&quot;:&quot;none&quot;}\" data-widget_type=\"heading.default\">\n\t\t\t\t<div class=\"elementor-widget-container\">\n\t\t\t\t\t<h4 class=\"elementor-heading-title elementor-size-default\">Antalya<\/h4>\t\t\t\t<\/div>\n\t\t\t\t<\/div>\n\t\t\t\t<div class=\"elementor-element elementor-element-ee5a5b8 elementor-widget elementor-widget-text-editor\" data-id=\"ee5a5b8\" data-element_type=\"widget\" data-settings=\"{&quot;ekit_we_effect_on&quot;:&quot;none&quot;}\" data-widget_type=\"text-editor.default\">\n\t\t\t\t<div class=\"elementor-widget-container\">\n\t\t\t\t\t\t\t\t\t<p>\u2022 Sixth International Symposium on Radiative Transfer | 2010\/06<br \/>\u2022 SOLARTR-2 Electricity Conference &amp; Exhibition | 2012\/11<\/p>\t\t\t\t\t\t\t\t<\/div>\n\t\t\t\t<\/div>\n\t\t\t\t\t<\/div>\n\t\t<\/div>\n\t\t\t\t<div class=\"elementor-column elementor-col-50 elementor-inner-column elementor-element elementor-element-0656515\" data-id=\"0656515\" data-element_type=\"column\">\n\t\t\t<div class=\"elementor-widget-wrap elementor-element-populated\">\n\t\t\t\t\t\t<div class=\"elementor-element elementor-element-e5c2aa8 elementor-widget__width-inherit elementor-widget elementor-widget-heading\" data-id=\"e5c2aa8\" data-element_type=\"widget\" data-settings=\"{&quot;ekit_we_effect_on&quot;:&quot;none&quot;}\" data-widget_type=\"heading.default\">\n\t\t\t\t<div class=\"elementor-widget-container\">\n\t\t\t\t\t<h4 class=\"elementor-heading-title elementor-size-default\">\u00c7ank\u0131r\u0131<\/h4>\t\t\t\t<\/div>\n\t\t\t\t<\/div>\n\t\t\t\t<div class=\"elementor-element elementor-element-abb7615 elementor-widget elementor-widget-text-editor\" data-id=\"abb7615\" data-element_type=\"widget\" data-settings=\"{&quot;ekit_we_effect_on&quot;:&quot;none&quot;}\" data-widget_type=\"text-editor.default\">\n\t\t\t\t<div class=\"elementor-widget-container\">\n\t\t\t\t\t\t\t\t\t<p>\u2022 Ilgaz Energy Workshop | 2017\/05<br \/>\u2022 Second Ilgaz Energy Workshop | 2018\/05<\/p>\t\t\t\t\t\t\t\t<\/div>\n\t\t\t\t<\/div>\n\t\t\t\t<div class=\"elementor-element elementor-element-59b4e94 elementor-widget__width-inherit elementor-widget elementor-widget-heading\" data-id=\"59b4e94\" data-element_type=\"widget\" data-settings=\"{&quot;ekit_we_effect_on&quot;:&quot;none&quot;}\" data-widget_type=\"heading.default\">\n\t\t\t\t<div class=\"elementor-widget-container\">\n\t\t\t\t\t<h4 class=\"elementor-heading-title elementor-size-default\">Eski\u015fehir<\/h4>\t\t\t\t<\/div>\n\t\t\t\t<\/div>\n\t\t\t\t<div class=\"elementor-element elementor-element-641c1fb elementor-widget elementor-widget-text-editor\" data-id=\"641c1fb\" data-element_type=\"widget\" data-settings=\"{&quot;ekit_we_effect_on&quot;:&quot;none&quot;}\" data-widget_type=\"text-editor.default\">\n\t\t\t\t<div class=\"elementor-widget-container\">\n\t\t\t\t\t\t\t\t\t<p>\u2022 UMTIK 2018 the 18th International Conference on Machine Design and Production | 2018\/06<\/p>\t\t\t\t\t\t\t\t<\/div>\n\t\t\t\t<\/div>\n\t\t\t\t<div class=\"elementor-element elementor-element-0bdd996 elementor-widget__width-inherit elementor-widget elementor-widget-heading\" data-id=\"0bdd996\" data-element_type=\"widget\" data-settings=\"{&quot;ekit_we_effect_on&quot;:&quot;none&quot;}\" data-widget_type=\"heading.default\">\n\t\t\t\t<div class=\"elementor-widget-container\">\n\t\t\t\t\t<h4 class=\"elementor-heading-title elementor-size-default\">Gaziantep<\/h4>\t\t\t\t<\/div>\n\t\t\t\t<\/div>\n\t\t\t\t<div class=\"elementor-element elementor-element-1ee4d67 elementor-widget elementor-widget-text-editor\" data-id=\"1ee4d67\" data-element_type=\"widget\" data-settings=\"{&quot;ekit_we_effect_on&quot;:&quot;none&quot;}\" data-widget_type=\"text-editor.default\">\n\t\t\t\t<div class=\"elementor-widget-container\">\n\t\t\t\t\t\t\t\t\t<p>\u2022 Gaziantep 2nd International Energy Summit | 2014\/02<br \/>\u2022 Towards Sustainable Gaziantep Workshop | 2018\/11<br \/>\u2022 NEXTGEN Project \u201cEnergy Efficiency Workshop\u201d | 2019\/12<\/p>\t\t\t\t\t\t\t\t<\/div>\n\t\t\t\t<\/div>\n\t\t\t\t\t<\/div>\n\t\t<\/div>\n\t\t\t\t\t<\/div>\n\t\t<\/section>\n\t\t\t\t<section class=\"elementor-section elementor-inner-section elementor-element elementor-element-cdb4d73 elementor-section-boxed elementor-section-height-default elementor-section-height-default\" data-id=\"cdb4d73\" data-element_type=\"section\">\n\t\t\t\t\t\t<div class=\"elementor-container elementor-column-gap-default\">\n\t\t\t\t\t<div class=\"elementor-column elementor-col-50 elementor-inner-column elementor-element elementor-element-db9543d\" data-id=\"db9543d\" data-element_type=\"column\">\n\t\t\t<div class=\"elementor-widget-wrap elementor-element-populated\">\n\t\t\t\t\t\t<div class=\"elementor-element elementor-element-c79f17a elementor-widget__width-inherit elementor-widget elementor-widget-heading\" data-id=\"c79f17a\" data-element_type=\"widget\" data-settings=\"{&quot;ekit_we_effect_on&quot;:&quot;none&quot;}\" data-widget_type=\"heading.default\">\n\t\t\t\t<div class=\"elementor-widget-container\">\n\t\t\t\t\t<h4 class=\"elementor-heading-title elementor-size-default\">\u0130stanbul<\/h4>\t\t\t\t<\/div>\n\t\t\t\t<\/div>\n\t\t\t\t<div class=\"elementor-element elementor-element-a1ea517 elementor-widget elementor-widget-text-editor\" data-id=\"a1ea517\" data-element_type=\"widget\" data-settings=\"{&quot;ekit_we_effect_on&quot;:&quot;none&quot;}\" data-widget_type=\"text-editor.default\">\n\t\t\t\t<div class=\"elementor-widget-container\">\n\t\t\t\t\t\t\t\t\t<p>\u2022 Trade Council of Shopping Centers and Retailers Conference on the Energy Efficiency in Shopping Centers | 2009\/09<br \/>\u2022 UN Climate Change Conference | 2009\/12<br \/>\u2022 TOKI Housing Conference | 2010\/01<br \/>\u2022 AMPD Energy Efficiency Conference | 2010\/01<br \/>\u2022 Solar Future 2010 | 2010\/02<br \/>\u2022 Zero Istanbul 2050 | 2010\/05<br \/>\u2022 TIREC 2010: Renewable Energy Congress of Turkey | 2010\/09<br \/>\u2022 Green Buildings and Regions, Green Institutions Conference | 2010\/10<br \/>\u2022 Koc U. Physics Science Colloquium | 2011\/02<br \/>\u2022 Architecture and Engineering of Sustainable Green Buildings Workshop | 2011\/05<br \/>\u2022 International Conference on Energy Efficiency, 1st Roudtable on Finances and Energy Efficiency | 2011\/09<br \/>\u2022 Sustainable Buildings and Air Conditioning | 2011\/11<br \/>\u2022 The Corporate Sustainability Certificate Program | 2012\/04<br \/>\u2022 EcoDesign 2012 | 2012\/04<br \/>\u2022 Alternative Energy Conference ALENCO\u201912 | 2012\/05<br \/>\u2022 Sustainable Development and Climate Change Policies | 2012\/05<br \/>\u2022 Round-table Conference | 2012\/06<br \/>\u2022 Green Buildings Week | 2012\/09<br \/>\u2022 Green Business 2012 | 2012\/10<br \/>\u2022 Geoenergy Systems and Underground Thermal Energy Storage (UTES) \u2013 Swedish Experiences of Design and Utilization | 2012\/10<br \/>\u2022 NEED4B Istanbul Executive Committee Meeting | 2012\/10<br \/>\u2022 Scientific Research Seminar Series on Architecture and Engineering for Sustainable Buildings | 2012\/11<br \/>\u2022 Climate Change and Sustainable Energy Seminar | 2012\/11<br \/>\u2022 2nd International Green Building Summit | 2013\/02<br \/>\u2022 Learning From Local\/Anatolia | 2013\/07<br \/>\u2022 SSL-TR 2013 International Workshop on Solid State Lighting Technologies and Research 2013: LEDs and OLEDs | 2013\/08<br \/>\u2022 Green Business 2013 | 2013\/09<br \/>\u2022 ECOWEEK Istanbul\u201913 | 2013\/11<br \/>\u2022 2nd World Intelligent Cities Summit and Exhibition (WICS 2013) | 2013\/11<br \/>\u2022 33rd Energy Efficiency Week, 5th Energy Efficiency Forum and Fair | 2014\/01<br \/>\u2022 Leader Turkish Women in Energy Efficiency, Turkish Mechanical Engineering Association | 2014\/03<br \/>\u2022 Smart Cities Summit | 2014\/04<br \/>\u2022 Turkish Green Building Congress and Summit | 2016\/02<br \/>\u2022 EKODESIGN Conference | 2016\/04<br \/>\u2022 TEDx Talk | 2016\/05<br \/>\u2022 Smart Metropolises: Integrated Solutions for Sustainable Buildings and Cities | 2016\/10<br \/>\u2022 Energy of Future \u2013 HelloTomorrow | 2016\/10<\/p>\t\t\t\t\t\t\t\t<\/div>\n\t\t\t\t<\/div>\n\t\t\t\t\t<\/div>\n\t\t<\/div>\n\t\t\t\t<div class=\"elementor-column elementor-col-50 elementor-inner-column elementor-element elementor-element-5489efa\" data-id=\"5489efa\" data-element_type=\"column\">\n\t\t\t<div class=\"elementor-widget-wrap elementor-element-populated\">\n\t\t\t\t\t\t<div class=\"elementor-element elementor-element-420300c elementor-widget elementor-widget-text-editor\" data-id=\"420300c\" data-element_type=\"widget\" data-settings=\"{&quot;ekit_we_effect_on&quot;:&quot;none&quot;}\" data-widget_type=\"text-editor.default\">\n\t\t\t\t<div class=\"elementor-widget-container\">\n\t\t\t\t\t\t\t\t\t<p>\u2022 TEDxKocUniversity Talk | 2016\/12<br \/>\u2022 SOLARTR 2016 | 2016\/12<br \/>\u2022 Ko\u00e7 University Invited Lecture | 2017\/04<br \/>\u2022 Triology Panel Series 1 | 2017\/05<br \/>\u2022 Future Buildings \u2013 Interdisciplinary Approaches for High Energy Performance IV | 2017\/06 <br \/>\u2022 CAPACITY Project Kick-off Conference | 2017\/10<br \/>\u2022 WRI 5. Livable Cities Symposium | 2017\/10<br \/>\u2022 Gelecekhane City 2.0 | 2017\/10<br \/>\u2022 World Cities Istanbul Conference 2018 | 2018\/04<br \/>\u2022 CAPACITY Project Workshops | 2018\/04<br \/>\u2022 EU Sustainable Energy Days | 2018\/05<br \/>\u2022 TurkeyBuild\u201918 | 2018\/05<br \/>\u2022 IRENEC 8th International %100 Renewable Energy Conference | 2018\/05<br \/>\u2022 CAPACITY Project Closing Conference | 2018\/05<br \/>\u2022 Frem on Green: Built Environment on Motion | 2018\/11<br \/>\u2022 Seminar | 2018\/11<br \/>\u2022 SOLARTR 2018 | 2018\/11<br \/>\u2022 Energy Politics Workshop YT\u00dc | 2019\/01<br \/>\u2022 Facade Expo | 2019\/03<br \/>\u2022 Connections 1 &#8211; Deprem x Hukuk x \u00c7evre | 2019\/03<br \/>\u2022 Connections 2 &#8211; G\u00f6\u00e7 x Ekonomi x \u015eeffafl\u0131k | 2019\/04<br \/>\u2022 Connections 3 &#8211; K\u00fclt\u00fcr x Yapay Zeka x Gelecek | 2019\/04<br \/>\u2022 10th Energy Efficiency Forum and Fair | 2019\/04<br \/>\u2022 Connections 4 &#8211; Kent x Insan x Cazibe | 2019\/05<br \/>\u2022 3rd Ilgaz Energy Workshop | 2019\/05<br \/>\u2022 International Conference of Political Economy 2019 | 2019\/06<br \/>\u2022 ICESBE International Conference on Energy and Sustainable Built Environment | 2019\/06<br \/>\u2022 Women in Lighting: Turkey Kick-off Meeting | 2019\/06<br \/>\u2022 World Energy Strategies Conference and Exhibition (WESCE\u201919) | 2019\/08<br \/>\u2022 ALUTEAM Professional Seminars | 2019\/08<br \/>\u2022 NEXT-GEN Energy Efficiency Workhop | 2019\/09<br \/>\u2022 12th International Lightening Congress | 2019\/09<br \/>\u2022 Smart Future, World Expo\u201919, Invited panelist | 2019\/10<br \/>\u2022 ENERGY GARAGE Invited Speaker | 2019\/10<br \/>\u2022 EMKON 2019 &#8211; \u201cEnergy Harvesting\u201d, Invited Speaker | 2019\/11<br \/>\u2022 ENVER, Efficiency Meetings, hosted by CEEE&amp;OzU | 2019\/11<br \/>\u2022 Nano Open Seminars, Sabanc\u0131 Uni. Nanotechnology Research and Application Center | 2020\/02<br \/>\u2022 ENVER, Efficiency Meetings, Ar\u00e7elik Garage | 2020\/02<br \/>\u2022 OzU Sectoral Orienteering, Energy and Climate | 2020\/02<br \/>\u2022 Bo\u011fazi\u00e7i Uni. BUIM Talks (On-line; zoom) | 2020\/06<br \/>\u2022 Kesi\u015fen Yollar Online Career Talks| 2020\/11<br \/>\u2022 Bo\u011fazi\u00e7i Energy Summit (On-line; zoom) | 2020\/12<br \/>\u2022 Triology Panel Series<\/p>\t\t\t\t\t\t\t\t<\/div>\n\t\t\t\t<\/div>\n\t\t\t\t\t<\/div>\n\t\t<\/div>\n\t\t\t\t\t<\/div>\n\t\t<\/section>\n\t\t\t\t\t<\/div>\n\t\t<\/div>\n\t\t\t\t\t<\/div>\n\t\t<\/section>\n\t\t\t\t<section class=\"elementor-section elementor-top-section elementor-element elementor-element-7817b90 elementor-section-boxed elementor-section-height-default elementor-section-height-default\" data-id=\"7817b90\" data-element_type=\"section\">\n\t\t\t\t\t\t<div class=\"elementor-container elementor-column-gap-default\">\n\t\t\t\t\t<div class=\"elementor-column elementor-col-100 elementor-top-column elementor-element elementor-element-86a826a\" data-id=\"86a826a\" data-element_type=\"column\">\n\t\t\t<div class=\"elementor-widget-wrap elementor-element-populated\">\n\t\t\t\t\t\t<section class=\"elementor-section elementor-inner-section elementor-element elementor-element-de55524 elementor-section-boxed elementor-section-height-default elementor-section-height-default\" data-id=\"de55524\" data-element_type=\"section\">\n\t\t\t\t\t\t<div class=\"elementor-container elementor-column-gap-default\">\n\t\t\t\t\t<div class=\"elementor-column elementor-col-50 elementor-inner-column elementor-element elementor-element-06340eb\" data-id=\"06340eb\" data-element_type=\"column\">\n\t\t\t<div class=\"elementor-widget-wrap elementor-element-populated\">\n\t\t\t\t\t\t<div class=\"elementor-element elementor-element-b88ee6c elementor-widget__width-inherit elementor-widget elementor-widget-heading\" data-id=\"b88ee6c\" data-element_type=\"widget\" data-settings=\"{&quot;ekit_we_effect_on&quot;:&quot;none&quot;}\" data-widget_type=\"heading.default\">\n\t\t\t\t<div class=\"elementor-widget-container\">\n\t\t\t\t\t<h4 class=\"elementor-heading-title elementor-size-default\">\u0130zmir<\/h4>\t\t\t\t<\/div>\n\t\t\t\t<\/div>\n\t\t\t\t<div class=\"elementor-element elementor-element-b910e80 elementor-widget elementor-widget-text-editor\" data-id=\"b910e80\" data-element_type=\"widget\" data-settings=\"{&quot;ekit_we_effect_on&quot;:&quot;none&quot;}\" data-widget_type=\"text-editor.default\">\n\t\t\t\t<div class=\"elementor-widget-container\">\n\t\t\t\t\t\t\t\t\t<p>\u2022 HacknBreak Innovation Camp | 2017\/08<br \/>\u2022 Triloji Paneller Serisi 1 | 2017\/10<br \/>\u2022 Sustainable Energy in Buildings and Urban Areas \u2013 SEBUA-12 | 2012\/10<br \/>\u2022 7th Internatioal Symposium on Radiative Transfer, RAD-13 | 2013\/06<\/p>\t\t\t\t\t\t\t\t<\/div>\n\t\t\t\t<\/div>\n\t\t\t\t<div class=\"elementor-element elementor-element-e9fed1d elementor-widget__width-inherit elementor-widget elementor-widget-heading\" data-id=\"e9fed1d\" data-element_type=\"widget\" data-settings=\"{&quot;ekit_we_effect_on&quot;:&quot;none&quot;}\" data-widget_type=\"heading.default\">\n\t\t\t\t<div class=\"elementor-widget-container\">\n\t\t\t\t\t<h4 class=\"elementor-heading-title elementor-size-default\">Kayseri<\/h4>\t\t\t\t<\/div>\n\t\t\t\t<\/div>\n\t\t\t\t<div class=\"elementor-element elementor-element-a768afe elementor-widget elementor-widget-text-editor\" data-id=\"a768afe\" data-element_type=\"widget\" data-settings=\"{&quot;ekit_we_effect_on&quot;:&quot;none&quot;}\" data-widget_type=\"text-editor.default\">\n\t\t\t\t<div class=\"elementor-widget-container\">\n\t\t\t\t\t\t\t\t\t<p>\u2022 German-Turkish Res. on Energy | 2016\/05<br \/>\u2022 Speech AG\u00dc | 201712<\/p>\t\t\t\t\t\t\t\t<\/div>\n\t\t\t\t<\/div>\n\t\t\t\t<div class=\"elementor-element elementor-element-c63ab23 elementor-widget__width-inherit elementor-widget elementor-widget-heading\" data-id=\"c63ab23\" data-element_type=\"widget\" data-settings=\"{&quot;ekit_we_effect_on&quot;:&quot;none&quot;}\" data-widget_type=\"heading.default\">\n\t\t\t\t<div class=\"elementor-widget-container\">\n\t\t\t\t\t<h4 class=\"elementor-heading-title elementor-size-default\">Kocaeli<\/h4>\t\t\t\t<\/div>\n\t\t\t\t<\/div>\n\t\t\t\t<div class=\"elementor-element elementor-element-dc7f2ec elementor-widget elementor-widget-text-editor\" data-id=\"dc7f2ec\" data-element_type=\"widget\" data-settings=\"{&quot;ekit_we_effect_on&quot;:&quot;none&quot;}\" data-widget_type=\"text-editor.default\">\n\t\t\t\t<div class=\"elementor-widget-container\">\n\t\t\t\t\t\t\t\t\t<p>\u2022 Arcelik Research Center, Radiative Transfer | 2009\/10<\/p>\t\t\t\t\t\t\t\t<\/div>\n\t\t\t\t<\/div>\n\t\t\t\t\t<\/div>\n\t\t<\/div>\n\t\t\t\t<div class=\"elementor-column elementor-col-50 elementor-inner-column elementor-element elementor-element-78c03a6\" data-id=\"78c03a6\" data-element_type=\"column\">\n\t\t\t<div class=\"elementor-widget-wrap elementor-element-populated\">\n\t\t\t\t\t\t<div class=\"elementor-element elementor-element-aeb57d6 elementor-widget__width-inherit elementor-widget elementor-widget-heading\" data-id=\"aeb57d6\" data-element_type=\"widget\" data-settings=\"{&quot;ekit_we_effect_on&quot;:&quot;none&quot;}\" data-widget_type=\"heading.default\">\n\t\t\t\t<div class=\"elementor-widget-container\">\n\t\t\t\t\t<h4 class=\"elementor-heading-title elementor-size-default\">Nev\u015fehir<\/h4>\t\t\t\t<\/div>\n\t\t\t\t<\/div>\n\t\t\t\t<div class=\"elementor-element elementor-element-3512688 elementor-widget elementor-widget-text-editor\" data-id=\"3512688\" data-element_type=\"widget\" data-settings=\"{&quot;ekit_we_effect_on&quot;:&quot;none&quot;}\" data-widget_type=\"text-editor.default\">\n\t\t\t\t<div class=\"elementor-widget-container\">\n\t\t\t\t\t\t\t\t\t<p>\u2022 8th International Symposium on Radiative Transfer | 2016\/06<\/p>\t\t\t\t\t\t\t\t<\/div>\n\t\t\t\t<\/div>\n\t\t\t\t<div class=\"elementor-element elementor-element-6bc675e elementor-widget__width-inherit elementor-widget elementor-widget-heading\" data-id=\"6bc675e\" data-element_type=\"widget\" data-settings=\"{&quot;ekit_we_effect_on&quot;:&quot;none&quot;}\" data-widget_type=\"heading.default\">\n\t\t\t\t<div class=\"elementor-widget-container\">\n\t\t\t\t\t<h4 class=\"elementor-heading-title elementor-size-default\">On-line Events<\/h4>\t\t\t\t<\/div>\n\t\t\t\t<\/div>\n\t\t\t\t<div class=\"elementor-element elementor-element-269054f elementor-widget elementor-widget-text-editor\" data-id=\"269054f\" data-element_type=\"widget\" data-settings=\"{&quot;ekit_we_effect_on&quot;:&quot;none&quot;}\" data-widget_type=\"text-editor.default\">\n\t\t\t\t<div class=\"elementor-widget-container\">\n\t\t\t\t\t\t\t\t\t<p>\u2022 Bilim Akademisi \/ Krizlerde Toplumsal Davran\u0131\u015f De\u011fi\u015fimleri | 2021\/06<br \/>\u2022 \u201cIMSAD Future Investment Awards\u201d Award Ceremony \/ Social Area First Place: NEXT-GEN Project Presentation | 2021\/06<br \/>\u2022 ASME Summer Heat Transfer Conference \/ Workshop For Complex Conjugate Problems &amp; Festschrift For Jack Howell: 85 Years Of Radiation Transfer | 2021\/06<\/p>\t\t\t\t\t\t\t\t<\/div>\n\t\t\t\t<\/div>\n\t\t\t\t\t<\/div>\n\t\t<\/div>\n\t\t\t\t\t<\/div>\n\t\t<\/section>\n\t\t\t\t<div class=\"elementor-element elementor-element-e601128 elementor-widget elementor-widget-image\" data-id=\"e601128\" data-element_type=\"widget\" data-settings=\"{&quot;ekit_we_effect_on&quot;:&quot;none&quot;}\" data-widget_type=\"image.default\">\n\t\t\t\t<div class=\"elementor-widget-container\">\n\t\t\t\t\t\t\t\t\t\t\t\t\t\t\t<img decoding=\"async\" width=\"2018\" height=\"716\" src=\"https:\/\/ozuecem.net\/wp-content\/uploads\/2022\/02\/trde-neler-yaptik-1.jpg\" class=\"attachment-large size-large wp-image-6474\" alt=\"\" srcset=\"https:\/\/ozuecem.net\/wp-content\/uploads\/2022\/02\/trde-neler-yaptik-1.jpg 2018w, https:\/\/ozuecem.net\/wp-content\/uploads\/2022\/02\/trde-neler-yaptik-1-768x272.jpg 768w, https:\/\/ozuecem.net\/wp-content\/uploads\/2022\/02\/trde-neler-yaptik-1-1536x545.jpg 1536w\" sizes=\"(max-width: 2018px) 100vw, 2018px\" \/>\t\t\t\t\t\t\t\t\t\t\t\t\t\t\t<\/div>\n\t\t\t\t<\/div>\n\t\t\t\t\t<\/div>\n\t\t<\/div>\n\t\t\t\t\t<\/div>\n\t\t<\/section>\n\t\t\t\t<\/div>\n\t\t","protected":false},"excerpt":{"rendered":"<p>Ankara \u2022 Nano in Engineering | 2009\/10\u2022 NANO-TR Conference | 2010\/04\u2022 Concentrated Solar Power Workshop METU | 2014\/02\u2022 METU German-Turkish Research on Energy, Konu\u015fma | 2014\/10\u2022 SOLAR-TR3, Optics &amp; Buildings| 2015\/04\u2022 International Energy Efficiency in Buildings Symposium | 2017\/02\u2022 International Energy Efficiency Search Conference | 2019\/10\u2022 Council on Higher Education (Y\u00d6K) of Turkey | 2019\/10 [&hellip;]<\/p>\n","protected":false},"author":1,"featured_media":0,"parent":0,"menu_order":0,"comment_status":"closed","ping_status":"closed","template":"template\/full-width-template.php","meta":{"footnotes":""},"class_list":["post-6885","page","type-page","status-publish","hentry"],"_links":{"self":[{"href":"https:\/\/ozuecem.net\/en\/wp-json\/wp\/v2\/pages\/6885","targetHints":{"allow":["GET"]}}],"collection":[{"href":"https:\/\/ozuecem.net\/en\/wp-json\/wp\/v2\/pages"}],"about":[{"href":"https:\/\/ozuecem.net\/en\/wp-json\/wp\/v2\/types\/page"}],"author":[{"embeddable":true,"href":"https:\/\/ozuecem.net\/en\/wp-json\/wp\/v2\/users\/1"}],"replies":[{"embeddable":true,"href":"https:\/\/ozuecem.net\/en\/wp-json\/wp\/v2\/comments?post=6885"}],"version-history":[{"count":0,"href":"https:\/\/ozuecem.net\/en\/wp-json\/wp\/v2\/pages\/6885\/revisions"}],"wp:attachment":[{"href":"https:\/\/ozuecem.net\/en\/wp-json\/wp\/v2\/media?parent=6885"}],"curies":[{"name":"wp","href":"https:\/\/api.w.org\/{rel}","templated":true}]}}