{"id":6907,"date":"2022-02-04T09:06:34","date_gmt":"2022-02-04T09:06:34","guid":{"rendered":"https:\/\/ozuecem.net\/awards-publications\/oduller\/"},"modified":"2025-05-15T11:52:25","modified_gmt":"2025-05-15T11:52:25","slug":"awards","status":"publish","type":"page","link":"https:\/\/ozuecem.net\/en\/awards-publications\/awards\/","title":{"rendered":"Awards"},"content":{"rendered":"\t\t<div data-elementor-type=\"wp-page\" data-elementor-id=\"6907\" class=\"elementor elementor-6907 elementor-5453\" data-elementor-post-type=\"page\">\n\t\t\t\t\t\t<section class=\"elementor-section elementor-top-section elementor-element elementor-element-d432707 elementor-section-boxed elementor-section-height-default elementor-section-height-default\" data-id=\"d432707\" data-element_type=\"section\">\n\t\t\t\t\t\t<div class=\"elementor-container elementor-column-gap-default\">\n\t\t\t\t\t<div class=\"elementor-column elementor-col-100 elementor-top-column elementor-element elementor-element-9860737\" data-id=\"9860737\" data-element_type=\"column\">\n\t\t\t<div class=\"elementor-widget-wrap elementor-element-populated\">\n\t\t\t\t\t\t<div class=\"elementor-element elementor-element-0dd8fa8 elementor-widget elementor-widget-text-editor\" data-id=\"0dd8fa8\" data-element_type=\"widget\" data-settings=\"{&quot;ekit_we_effect_on&quot;:&quot;none&quot;}\" data-widget_type=\"text-editor.default\">\n\t\t\t\t<div class=\"elementor-widget-container\">\n\t\t\t\t\t\t\t\t\t<p>Prof. M. P\u0131nar Meng\u00fc\u00e7 Honored with the \u201cMETU Parlar Foundation Honor Award\u201d<\/p>\t\t\t\t\t\t\t\t<\/div>\n\t\t\t\t<\/div>\n\t\t\t\t\t<\/div>\n\t\t<\/div>\n\t\t\t\t\t<\/div>\n\t\t<\/section>\n\t\t\t\t<section class=\"elementor-section elementor-top-section elementor-element elementor-element-0874c17 elementor-section-boxed elementor-section-height-default elementor-section-height-default\" data-id=\"0874c17\" data-element_type=\"section\">\n\t\t\t\t\t\t<div class=\"elementor-container elementor-column-gap-default\">\n\t\t\t\t\t<div class=\"elementor-column elementor-col-50 elementor-top-column elementor-element elementor-element-8337683\" data-id=\"8337683\" data-element_type=\"column\">\n\t\t\t<div class=\"elementor-widget-wrap elementor-element-populated\">\n\t\t\t\t\t\t<div class=\"elementor-element elementor-element-2467b15 elementor-widget elementor-widget-image\" data-id=\"2467b15\" data-element_type=\"widget\" data-settings=\"{&quot;ekit_we_effect_on&quot;:&quot;none&quot;}\" data-widget_type=\"image.default\">\n\t\t\t\t<div class=\"elementor-widget-container\">\n\t\t\t\t\t\t\t\t\t\t\t\t\t\t\t<img fetchpriority=\"high\" decoding=\"async\" width=\"528\" height=\"520\" src=\"https:\/\/ozuecem.net\/wp-content\/uploads\/2025\/05\/1-1.jpg\" class=\"attachment-large size-large wp-image-10723\" alt=\"\" \/>\t\t\t\t\t\t\t\t\t\t\t\t\t\t\t<\/div>\n\t\t\t\t<\/div>\n\t\t\t\t<div class=\"elementor-element elementor-element-2d45c31 elementor-widget elementor-widget-image\" data-id=\"2d45c31\" data-element_type=\"widget\" data-settings=\"{&quot;ekit_we_effect_on&quot;:&quot;none&quot;}\" data-widget_type=\"image.default\">\n\t\t\t\t<div class=\"elementor-widget-container\">\n\t\t\t\t\t\t\t\t\t\t\t\t\t\t\t<img decoding=\"async\" width=\"750\" height=\"465\" src=\"https:\/\/ozuecem.net\/wp-content\/uploads\/2025\/05\/2-1-750x465.jpg\" class=\"attachment-post-thumbnail size-post-thumbnail wp-image-10725\" alt=\"\" \/>\t\t\t\t\t\t\t\t\t\t\t\t\t\t\t<\/div>\n\t\t\t\t<\/div>\n\t\t\t\t\t<\/div>\n\t\t<\/div>\n\t\t\t\t<div class=\"elementor-column elementor-col-50 elementor-top-column elementor-element elementor-element-71b52ef\" data-id=\"71b52ef\" data-element_type=\"column\">\n\t\t\t<div class=\"elementor-widget-wrap elementor-element-populated\">\n\t\t\t\t\t\t<div class=\"elementor-element elementor-element-a9b217e elementor-widget elementor-widget-image\" data-id=\"a9b217e\" data-element_type=\"widget\" data-settings=\"{&quot;ekit_we_effect_on&quot;:&quot;none&quot;}\" data-widget_type=\"image.default\">\n\t\t\t\t<div class=\"elementor-widget-container\">\n\t\t\t\t\t\t\t\t\t\t\t\t\t\t\t<img decoding=\"async\" width=\"565\" height=\"846\" src=\"https:\/\/ozuecem.net\/wp-content\/uploads\/2025\/05\/3-e1747309774627-1.jpg\" class=\"attachment-large size-large wp-image-10727\" alt=\"\" \/>\t\t\t\t\t\t\t\t\t\t\t\t\t\t\t<\/div>\n\t\t\t\t<\/div>\n\t\t\t\t\t<\/div>\n\t\t<\/div>\n\t\t\t\t\t<\/div>\n\t\t<\/section>\n\t\t\t\t<section class=\"elementor-section elementor-top-section elementor-element elementor-element-b108909 elementor-section-boxed elementor-section-height-default elementor-section-height-default\" data-id=\"b108909\" data-element_type=\"section\">\n\t\t\t\t\t\t<div class=\"elementor-container elementor-column-gap-default\">\n\t\t\t\t\t<div class=\"elementor-column elementor-col-100 elementor-top-column elementor-element elementor-element-da896c7\" data-id=\"da896c7\" data-element_type=\"column\">\n\t\t\t<div class=\"elementor-widget-wrap elementor-element-populated\">\n\t\t\t\t\t\t<div class=\"elementor-element elementor-element-d9c2176 elementor-widget elementor-widget-text-editor\" data-id=\"d9c2176\" data-element_type=\"widget\" data-settings=\"{&quot;ekit_we_effect_on&quot;:&quot;none&quot;}\" data-widget_type=\"text-editor.default\">\n\t\t\t\t<div class=\"elementor-widget-container\">\n\t\t\t\t\t\t\t\t\t<p>Prof. M. P\u0131nar Meng\u00fc\u00e7, Founding Head of the Department of Mechanical Engineering and Director of the Center for Energy, Environment and Economy (CEEE) at \u00d6zye\u011fin University, has been honored with the \u201c2024 METU Parlar Foundation Honor Award\u201d by the Middle East Technical University (METU) Prof. Dr. Mustafa N. Parlar Education and Research Foundation.<\/p><p>\u00a0<\/p><p>The award was presented to Prof. Meng\u00fc\u00e7 at the ceremony held at METU on May 14, 2025.<\/p><p>\u00a0<\/p><p>Founded in 1981, the Parlar Foundation aims to strengthen the ties between the university and the industry, promote scientific research and researchers, provide technical equipment and resources to METU, offer scholarships and loans to students, and facilitate mentoring services. The foundation annually presents the Honor, Science, Service, and Research and Technology Incentive Awards to recognize excellence in scientific and industrial research and to inspire further innovation among scientists. Prof. M. P\u0131nar Meng\u00fc\u00e7 shares this year&#8217;s Honor Award with the late Muazzez \u0130lmiye \u00c7\u0131\u011f, a renowned Hittitologist and author who passed away in November 2024. Previous recipients of the Honor Award include esteemed scientists such as Prof. Cahit Arf, Prof. Feza G\u00fcrsey, Prof. Halil \u0130nalc\u0131k, and Prof. Mehmet Ali Alpar.<\/p><p>\u00a0<\/p><p>For more information about the 2024 Awards: <a href=\"https:\/\/parlar.org.tr\/2024-yili-odulleri\/\">https:\/\/parlar.org.tr\/2024-yili-odulleri\/<\/a><\/p>\t\t\t\t\t\t\t\t<\/div>\n\t\t\t\t<\/div>\n\t\t\t\t\t<\/div>\n\t\t<\/div>\n\t\t\t\t\t<\/div>\n\t\t<\/section>\n\t\t\t\t<section class=\"elementor-section elementor-top-section elementor-element elementor-element-7da4a81 elementor-section-boxed elementor-section-height-default elementor-section-height-default\" data-id=\"7da4a81\" data-element_type=\"section\">\n\t\t\t\t\t\t<div class=\"elementor-container elementor-column-gap-default\">\n\t\t\t\t\t<div class=\"elementor-column elementor-col-100 elementor-top-column elementor-element elementor-element-3aceb9d\" data-id=\"3aceb9d\" data-element_type=\"column\">\n\t\t\t<div class=\"elementor-widget-wrap elementor-element-populated\">\n\t\t\t\t\t\t<div class=\"elementor-element elementor-element-0d60069 elementor-widget-divider--view-line elementor-widget elementor-widget-divider\" data-id=\"0d60069\" data-element_type=\"widget\" data-settings=\"{&quot;ekit_we_effect_on&quot;:&quot;none&quot;}\" data-widget_type=\"divider.default\">\n\t\t\t\t<div class=\"elementor-widget-container\">\n\t\t\t\t\t\t\t<div class=\"elementor-divider\">\n\t\t\t<span class=\"elementor-divider-separator\">\n\t\t\t\t\t\t<\/span>\n\t\t<\/div>\n\t\t\t\t\t\t<\/div>\n\t\t\t\t<\/div>\n\t\t\t\t\t<\/div>\n\t\t<\/div>\n\t\t\t\t\t<\/div>\n\t\t<\/section>\n\t\t\t\t<section class=\"elementor-section elementor-top-section elementor-element elementor-element-6c3deaf elementor-section-boxed elementor-section-height-default elementor-section-height-default\" data-id=\"6c3deaf\" data-element_type=\"section\">\n\t\t\t\t\t\t<div class=\"elementor-container elementor-column-gap-default\">\n\t\t\t\t\t<div class=\"elementor-column elementor-col-100 elementor-top-column elementor-element elementor-element-b61b4ee\" data-id=\"b61b4ee\" data-element_type=\"column\">\n\t\t\t<div class=\"elementor-widget-wrap elementor-element-populated\">\n\t\t\t\t\t\t<div class=\"elementor-element elementor-element-8602140 elementor-widget elementor-widget-text-editor\" data-id=\"8602140\" data-element_type=\"widget\" data-settings=\"{&quot;ekit_we_effect_on&quot;:&quot;none&quot;}\" data-widget_type=\"text-editor.default\">\n\t\t\t\t<div class=\"elementor-widget-container\">\n\t\t\t\t\t\t\t\t\t<p><span style=\"font-size: 14pt; font-family: georgia, palatino, serif;\">Prof. M. Pinar Menguc awarded with Michael I. Mishchenko Medal!<\/span><\/p>\t\t\t\t\t\t\t\t<\/div>\n\t\t\t\t<\/div>\n\t\t\t\t\t<\/div>\n\t\t<\/div>\n\t\t\t\t\t<\/div>\n\t\t<\/section>\n\t\t\t\t<section class=\"elementor-section elementor-top-section elementor-element elementor-element-7857424 elementor-section-boxed elementor-section-height-default elementor-section-height-default\" data-id=\"7857424\" data-element_type=\"section\">\n\t\t\t\t\t\t<div class=\"elementor-container elementor-column-gap-default\">\n\t\t\t\t\t<div class=\"elementor-column elementor-col-50 elementor-top-column elementor-element elementor-element-54877e5\" data-id=\"54877e5\" data-element_type=\"column\">\n\t\t\t<div class=\"elementor-widget-wrap elementor-element-populated\">\n\t\t\t\t\t\t<div class=\"elementor-element elementor-element-4679495 elementor-widget elementor-widget-image\" data-id=\"4679495\" data-element_type=\"widget\" data-settings=\"{&quot;ekit_we_effect_on&quot;:&quot;none&quot;}\" data-widget_type=\"image.default\">\n\t\t\t\t<div class=\"elementor-widget-container\">\n\t\t\t\t\t\t\t\t\t\t\t\t\t\t\t<img loading=\"lazy\" decoding=\"async\" width=\"1466\" height=\"825\" src=\"https:\/\/ozuecem.net\/wp-content\/uploads\/2023\/09\/Menguc_Mishchenko_Medal_certificate-2023-1.png\" class=\"attachment-large size-large wp-image-9369\" alt=\"\" srcset=\"https:\/\/ozuecem.net\/wp-content\/uploads\/2023\/09\/Menguc_Mishchenko_Medal_certificate-2023-1.png 1466w, https:\/\/ozuecem.net\/wp-content\/uploads\/2023\/09\/Menguc_Mishchenko_Medal_certificate-2023-1-768x432.png 768w\" sizes=\"(max-width: 1466px) 100vw, 1466px\" \/>\t\t\t\t\t\t\t\t\t\t\t\t\t\t\t<\/div>\n\t\t\t\t<\/div>\n\t\t\t\t\t<\/div>\n\t\t<\/div>\n\t\t\t\t<div class=\"elementor-column elementor-col-50 elementor-top-column elementor-element elementor-element-bb7d96f\" data-id=\"bb7d96f\" data-element_type=\"column\">\n\t\t\t<div class=\"elementor-widget-wrap elementor-element-populated\">\n\t\t\t\t\t\t<div class=\"elementor-element elementor-element-1332fb7 elementor-widget elementor-widget-image\" data-id=\"1332fb7\" data-element_type=\"widget\" data-settings=\"{&quot;ekit_we_effect_on&quot;:&quot;none&quot;}\" data-widget_type=\"image.default\">\n\t\t\t\t<div class=\"elementor-widget-container\">\n\t\t\t\t\t\t\t\t\t\t\t\t\t\t\t<img loading=\"lazy\" decoding=\"async\" width=\"750\" height=\"465\" src=\"https:\/\/ozuecem.net\/wp-content\/uploads\/2023\/09\/IMG_8862-002--750x465.jpeg\" class=\"attachment-post-thumbnail size-post-thumbnail wp-image-9371\" alt=\"\" \/>\t\t\t\t\t\t\t\t\t\t\t\t\t\t\t<\/div>\n\t\t\t\t<\/div>\n\t\t\t\t\t<\/div>\n\t\t<\/div>\n\t\t\t\t\t<\/div>\n\t\t<\/section>\n\t\t\t\t<section class=\"elementor-section elementor-top-section elementor-element elementor-element-9e2e8a5 elementor-section-boxed elementor-section-height-default elementor-section-height-default\" data-id=\"9e2e8a5\" data-element_type=\"section\">\n\t\t\t\t\t\t<div class=\"elementor-container elementor-column-gap-default\">\n\t\t\t\t\t<div class=\"elementor-column elementor-col-100 elementor-top-column elementor-element elementor-element-5ea803b\" data-id=\"5ea803b\" data-element_type=\"column\">\n\t\t\t<div class=\"elementor-widget-wrap elementor-element-populated\">\n\t\t\t\t\t\t<div class=\"elementor-element elementor-element-5dd9e77 elementor-widget elementor-widget-text-editor\" data-id=\"5dd9e77\" data-element_type=\"widget\" data-settings=\"{&quot;ekit_we_effect_on&quot;:&quot;none&quot;}\" data-widget_type=\"text-editor.default\">\n\t\t\t\t<div class=\"elementor-widget-container\">\n\t\t\t\t\t\t\t\t\t<p><span style=\"font-size: 12pt; font-family: georgia, palatino, serif;\">Elsevier JQSRT (Journal of Quantitative Spectroscopy and Radiative Transfer) Editorial Board awarded the 2023 Michael I. Mishchenko Medal to Prof. M. Pinar Menguc. The Michael I. Mishchenko Medal is given to celebrate the individual achievements of researchers and scientists who have made influential and innovative contributions to the fields of light scattering and remote sensing as well as who have contributed significantly to JQRST. You can reach the website where Elsevier JQRST awards are announced <a href=\"https:\/\/www.sciencedirect.com\/journal\/journal-of-quantitative-spectroscopy-and-radiative-transfer\/about\/awards-winners\">here<\/a>.<\/span><\/p>\t\t\t\t\t\t\t\t<\/div>\n\t\t\t\t<\/div>\n\t\t\t\t\t<\/div>\n\t\t<\/div>\n\t\t\t\t\t<\/div>\n\t\t<\/section>\n\t\t\t\t<section class=\"elementor-section elementor-top-section elementor-element elementor-element-2a55693 elementor-section-boxed elementor-section-height-default elementor-section-height-default\" data-id=\"2a55693\" data-element_type=\"section\">\n\t\t\t\t\t\t<div class=\"elementor-container elementor-column-gap-default\">\n\t\t\t\t\t<div class=\"elementor-column elementor-col-100 elementor-top-column elementor-element elementor-element-0520f8a\" data-id=\"0520f8a\" data-element_type=\"column\">\n\t\t\t<div class=\"elementor-widget-wrap elementor-element-populated\">\n\t\t\t\t\t\t<div class=\"elementor-element elementor-element-3f9bd2d elementor-widget elementor-widget-text-editor\" data-id=\"3f9bd2d\" data-element_type=\"widget\" data-settings=\"{&quot;ekit_we_effect_on&quot;:&quot;none&quot;}\" data-widget_type=\"text-editor.default\">\n\t\t\t\t<div class=\"elementor-widget-container\">\n\t\t\t\t\t\t\t\t\t<p style=\"text-align: center;\"><span style=\"font-size: 14pt; font-family: georgia, palatino, serif;\">Award-Time Chart<\/span><\/p>\t\t\t\t\t\t\t\t<\/div>\n\t\t\t\t<\/div>\n\t\t\t\t<div class=\"elementor-element elementor-element-aca1eb2 elementor-widget elementor-widget-image\" data-id=\"aca1eb2\" data-element_type=\"widget\" data-settings=\"{&quot;ekit_we_effect_on&quot;:&quot;none&quot;}\" data-widget_type=\"image.default\">\n\t\t\t\t<div class=\"elementor-widget-container\">\n\t\t\t\t\t\t\t\t\t\t\t\t\t\t\t<img loading=\"lazy\" decoding=\"async\" width=\"1200\" height=\"7937\" src=\"https:\/\/ozuecem.net\/wp-content\/uploads\/2022\/07\/ECEM2009-2021_V2.png\" class=\"attachment-large size-large wp-image-7730\" alt=\"\" srcset=\"https:\/\/ozuecem.net\/wp-content\/uploads\/2022\/07\/ECEM2009-2021_V2.png 1200w, https:\/\/ozuecem.net\/wp-content\/uploads\/2022\/07\/ECEM2009-2021_V2-768x5080.png 768w\" sizes=\"(max-width: 1200px) 100vw, 1200px\" \/>\t\t\t\t\t\t\t\t\t\t\t\t\t\t\t<\/div>\n\t\t\t\t<\/div>\n\t\t\t\t\t<\/div>\n\t\t<\/div>\n\t\t\t\t\t<\/div>\n\t\t<\/section>\n\t\t\t\t<\/div>\n\t\t","protected":false},"excerpt":{"rendered":"<p>Prof. M. P\u0131nar Meng\u00fc\u00e7 Honored with the \u201cMETU Parlar Foundation Honor Award\u201d Prof. M. P\u0131nar Meng\u00fc\u00e7, Founding Head of the Department of Mechanical Engineering and Director of the Center for Energy, Environment and Economy (CEEE) at \u00d6zye\u011fin University, has been honored with the \u201c2024 METU Parlar Foundation Honor Award\u201d by the Middle East Technical University [&hellip;]<\/p>\n","protected":false},"author":1,"featured_media":0,"parent":6905,"menu_order":0,"comment_status":"closed","ping_status":"closed","template":"template\/full-width-template.php","meta":{"footnotes":""},"class_list":["post-6907","page","type-page","status-publish","hentry"],"_links":{"self":[{"href":"https:\/\/ozuecem.net\/en\/wp-json\/wp\/v2\/pages\/6907","targetHints":{"allow":["GET"]}}],"collection":[{"href":"https:\/\/ozuecem.net\/en\/wp-json\/wp\/v2\/pages"}],"about":[{"href":"https:\/\/ozuecem.net\/en\/wp-json\/wp\/v2\/types\/page"}],"author":[{"embeddable":true,"href":"https:\/\/ozuecem.net\/en\/wp-json\/wp\/v2\/users\/1"}],"replies":[{"embeddable":true,"href":"https:\/\/ozuecem.net\/en\/wp-json\/wp\/v2\/comments?post=6907"}],"version-history":[{"count":3,"href":"https:\/\/ozuecem.net\/en\/wp-json\/wp\/v2\/pages\/6907\/revisions"}],"predecessor-version":[{"id":10731,"href":"https:\/\/ozuecem.net\/en\/wp-json\/wp\/v2\/pages\/6907\/revisions\/10731"}],"up":[{"embeddable":true,"href":"https:\/\/ozuecem.net\/en\/wp-json\/wp\/v2\/pages\/6905"}],"wp:attachment":[{"href":"https:\/\/ozuecem.net\/en\/wp-json\/wp\/v2\/media?parent=6907"}],"curies":[{"name":"wp","href":"https:\/\/api.w.org\/{rel}","templated":true}]}}