{"id":6916,"date":"2022-02-04T13:34:43","date_gmt":"2022-02-04T13:34:43","guid":{"rendered":"https:\/\/ozuecem.net\/awards-publications\/publications\/toplumsal-yayinlar\/"},"modified":"2022-03-17T17:12:30","modified_gmt":"2022-03-17T17:12:30","slug":"popular-press-articles","status":"publish","type":"page","link":"https:\/\/ozuecem.net\/en\/awards-publications\/publications\/popular-press-articles\/","title":{"rendered":"Popular Press Articles"},"content":{"rendered":"\t\t<div data-elementor-type=\"wp-page\" data-elementor-id=\"6916\" class=\"elementor elementor-6916 elementor-5482\" data-elementor-post-type=\"page\">\n\t\t\t\t\t\t<section class=\"elementor-section elementor-top-section elementor-element elementor-element-5317c8a elementor-section-boxed elementor-section-height-default elementor-section-height-default\" data-id=\"5317c8a\" data-element_type=\"section\">\n\t\t\t\t\t\t<div class=\"elementor-container elementor-column-gap-default\">\n\t\t\t\t\t<div class=\"elementor-column elementor-col-50 elementor-top-column elementor-element elementor-element-d96a7ec\" data-id=\"d96a7ec\" data-element_type=\"column\">\n\t\t\t<div class=\"elementor-widget-wrap elementor-element-populated\">\n\t\t\t\t\t\t<div class=\"elementor-element elementor-element-8974b34 elementor-widget elementor-widget-text-editor\" data-id=\"8974b34\" data-element_type=\"widget\" data-settings=\"{&quot;ekit_we_effect_on&quot;:&quot;none&quot;}\" data-widget_type=\"text-editor.default\">\n\t\t\t\t<div class=\"elementor-widget-container\">\n\t\t\t\t\t\t\t\t\t<p>M. P. Meng\u00fc\u00e7, Y. Somuncu, \u201cEnerji Verimlili\u011fi Boyutu Ve Istanbul 2050\u2019ye Do\u011fru\u201d, Enerji Dergisi, 46-68, February 2012.<\/p><p>\u00a0<\/p><p>M. P. Meng\u00fc\u00e7, \u201cTasar\u0131m\u0131n Ye\u015fil Zirvesi \u2018EKODesign Konferans\u0131 Bu Y\u0131l 5.Ya\u015f\u0131n\u0131 Kutlad\u0131\u201d, Yap\u0131 Dergisi Eki, 54-56, May 2012.<\/p><p><br \/>M. P. Meng\u00fc\u00e7, Interview with \u00d6zye\u011fin University CEEE Director, \u201cIstanbul\u2019u 2050\u2019ye Haz\u0131rl\u0131yorlar\u201d, Milliyet Cadde, July 2012, available at: http:\/\/cadde.milliyet.com.tr\/2012\/07\/27\/HaberDetay\/1572330\/Istanbul_u_2050_ye_hazirliyorlar<\/p><p>\u00a0<\/p><p>M. P. Meng\u00fc\u00e7, Interview with \u00d6zye\u011fin University CEEE Director, \u201c\u00d6zye\u011fin University Ye\u015fil Kamp\u00fcs\u00fc\u201d, Yap\u0131 Dergisi Eki, 67-70, October 2012.<\/p><p><br \/>M. P. Meng\u00fc\u00e7, Interview with \u00d6zye\u011fin University CEEE Director, \u201cProf.Dr. P\u0131nar Meng\u00fc\u00e7 ile s\u00f6yle\u015fi\u201d, Bilim.org, April 2013, available at: http:\/\/www.bilim.org\/prof-dr-P\u0131nar-menguc-ile-soylesi\/<\/p><p><br \/>M. P. Meng\u00fc\u00e7, Interview with \u00d6zye\u011fin University CEEE Director, \u201cS\u00fcrd\u00fcr\u00fclebilirlik Bir Trend De\u011fil, Ezber Bozma \u00d6nerisi\u201d, EKOIQ Journal, No:47, Jan 2015, available at: http:\/\/ozlembahadir. blogspot.com.tr\/search?q=ekoiq<\/p><p><br \/>M. P. Meng\u00fc\u00e7, Interview with \u00d6zye\u011fin University CEEE Director, \u201cEnerjide ba\u015fkas\u0131n\u0131 zengin etmeyelim\u201d, Bug\u00fcn Gazetesi, November 2015, available at: http:\/\/www.bugun.com.tr\/enerjide-baskasini-zengin-etmeyelim-1942194.html<\/p><p><br \/>M.P. Meng\u00fc\u00e7, Interview with \u00d6zye\u011fin University CEEE Director, \u201cCEEE, ara\u015ft\u0131rmalar\u0131nda Turkey IMSAD \u00fcyeli\u011fi ile g\u00fc\u00e7 kazanacak\u201d, IMSAD Journal, No:24, December 2015, available at:http:\/\/www.imsad.org\/Uploads\/Files\/imsad_dergi_sayi24_kck.pdf<\/p><p><br \/>M. P. Meng\u00fc\u00e7, NEED4B \u2013 ScOLa Building Anatomical Case Study for \u201cSpecial Issue\u201d, Yap\u0131 Dergisi, No: 413, April 2016. M. P. Meng\u00fc\u00e7, \u201cEn Ak\u0131ll\u0131 Kampus\u201d (The Smartest Campus), H\u00fcrriyet Gazetesi; http:\/\/www.hurriyet.com.tr\/en-akilli-kampus-40214887. September 2, 2016.<\/p><p><br \/>M. P. Meng\u00fc\u00e7, \u201cAn Example of a Green Building, Ozye\u011fin SCOLA Building,\u201d Ye\u015fil Bina Dergisi. September 2016.<\/p>\t\t\t\t\t\t\t\t<\/div>\n\t\t\t\t<\/div>\n\t\t\t\t\t<\/div>\n\t\t<\/div>\n\t\t\t\t<div class=\"elementor-column elementor-col-50 elementor-top-column elementor-element elementor-element-046c2f1\" data-id=\"046c2f1\" data-element_type=\"column\">\n\t\t\t<div class=\"elementor-widget-wrap elementor-element-populated\">\n\t\t\t\t\t\t<div class=\"elementor-element elementor-element-c453a74 elementor-widget elementor-widget-text-editor\" data-id=\"c453a74\" data-element_type=\"widget\" data-settings=\"{&quot;ekit_we_effect_on&quot;:&quot;none&quot;}\" data-widget_type=\"text-editor.default\">\n\t\t\t\t<div class=\"elementor-widget-container\">\n\t\t\t\t\t\t\t\t\t<p>M. P. Meng\u00fc\u00e7, \u2018Bilginin Birikimi,\u2019 Bilimle Birlikte (Along with Science), Yap\u0131 Dergisi, YEM, Istanbul, February 2017. https:\/\/docs.wixstatic.com\/ugdb91653_6e9a5dd321004246a554351db11580dc.pdf<\/p><p>h t t p s : \/ \/ w w w. \u00d6 z y e \u011f i n . e d u . t r \/ i m g k e n \/ g e t a t t a c h -ment\/9852746d-b3d3-4a19-a656-26b5d8b6fba3\/Bilimle-Birlikte-1_M-P-Menguc_YAPI-Dergisi.pdf<\/p><p>M. P. Meng\u00fc\u00e7, \u2018Vitrivius\u2019tan Esinlenmeler,\u2019 Bilimle Birlikte (Along with Science), Yap\u0131 Dergisi, YEM, Istanbul, March 2017. https:\/\/docs.wixstatic.com\/ugd\/b91653_b8fe4e49b0884c94b-6bf371964ed0dba.pdf<\/p><p>M. P. Meng\u00fc\u00e7, \u2018Teknolojik Vitrivius,\u2019 Bilimle Birlikte (Along with Science), Yap\u0131 Dergisi, YEM, Istanbul, April 2017. https:\/\/docs.wixstatic.com\/ugd\/b91653_67c4f8b22f804c35b6a-7a3919560b511.pdf<\/p><p>M. P. Meng\u00fc\u00e7, \u2018Panjur,\u2019 Bilimle Birlikte (Along with Science), Yap\u0131 Dergisi, YEM, Istanbul, July 2017.https:\/\/my.\u00d6zye\u011fin.edu.tr\/sites\/default\/files\/users\/2091\/Bilimle%20Birlikte_YAPI%20DERGISI_July%202017.pdf<\/p><p>\u00d6. Ertun\u00e7, M. P. Meng\u00fc\u00e7, R. Diz-K\u00fc\u00e7\u00fckkaya, \u201cT\u00fcrkiye\u2019de COVID-19 salg\u0131n\u0131 normalle\u015fme s\u00fcreci ve dalgalanmalar\u201d, Bilim Akademisi, Sarka\u00e7 Bilim Platformu, 30 May\u0131s 2020, https:\/\/sarkac.org\/2020\/05\/turkiyede-covid-19-salgini-normallesme-sureci-ve-dalgalanmalar\/<\/p><p>\u00d6. Ertun\u00e7, M. P. Meng\u00fc\u00e7, \u201cOkullar ve \u00fcniversitelerin kapal\u0131 alanlar\u0131nda koronavir\u00fcs bula\u015fma riski nas\u0131l azalt\u0131labilir?\u201d, Bilim Akademisi, Sarka\u00e7 Bilim Platformu, 8 Ekim 2020, https:\/\/sarkac.org\/2020\/10\/kapali-alanlarda-koronavirus-bulasma-riski-nasil-azaltilabilir\/<\/p><p>M. S. G\u00fcrmen, M. P. Meng\u00fc\u00e7, \u201cToplumsal krizlere aile terapisi yakla\u015f\u0131m\u0131\u201d, Bilim Akademisi, Sarka\u00e7 Bilim Platformu, 11 \u015eubat 2021, https:\/\/sarkac.org\/2021\/02\/toplumsal-krizlere-aile-terapisi-yaklasimi\/<\/p><p>M. S. G\u00fcrmen, M. P. Meng\u00fc\u00e7, \u201cToplumsal sorunlar i\u00e7in davran\u0131\u015f de\u011fi\u015fim modeli\u201d, Bilim Akademisi, Sarka\u00e7 Bilim Platformu, 21 \u015eubat 2021, https:\/\/sarkac.org\/2021\/02\/toplumsal-sorunlar-icin-davranis-degisim-modeli\/<\/p>\t\t\t\t\t\t\t\t<\/div>\n\t\t\t\t<\/div>\n\t\t\t\t\t<\/div>\n\t\t<\/div>\n\t\t\t\t\t<\/div>\n\t\t<\/section>\n\t\t\t\t<section class=\"elementor-section elementor-top-section elementor-element elementor-element-ef27150 elementor-section-boxed elementor-section-height-default elementor-section-height-default\" data-id=\"ef27150\" data-element_type=\"section\">\n\t\t\t\t\t\t<div class=\"elementor-container elementor-column-gap-default\">\n\t\t\t\t\t<div class=\"elementor-column elementor-col-100 elementor-top-column elementor-element elementor-element-282257e\" data-id=\"282257e\" data-element_type=\"column\">\n\t\t\t<div class=\"elementor-widget-wrap elementor-element-populated\">\n\t\t\t\t\t\t<div class=\"elementor-element elementor-element-ba32c2f elementor-widget elementor-widget-image\" data-id=\"ba32c2f\" data-element_type=\"widget\" data-settings=\"{&quot;ekit_we_effect_on&quot;:&quot;none&quot;}\" data-widget_type=\"image.default\">\n\t\t\t\t<div class=\"elementor-widget-container\">\n\t\t\t\t\t\t\t\t\t\t\t\t\t\t\t<img fetchpriority=\"high\" decoding=\"async\" width=\"974\" height=\"298\" src=\"https:\/\/ozuecem.net\/wp-content\/uploads\/2022\/02\/sarkac.png\" class=\"attachment-large size-large wp-image-6478\" alt=\"\" srcset=\"https:\/\/ozuecem.net\/wp-content\/uploads\/2022\/02\/sarkac.png 974w, https:\/\/ozuecem.net\/wp-content\/uploads\/2022\/02\/sarkac-768x235.png 768w\" sizes=\"(max-width: 974px) 100vw, 974px\" \/>\t\t\t\t\t\t\t\t\t\t\t\t\t\t\t<\/div>\n\t\t\t\t<\/div>\n\t\t\t\t<div class=\"elementor-element elementor-element-adba04a elementor-widget elementor-widget-image\" data-id=\"adba04a\" data-element_type=\"widget\" data-settings=\"{&quot;ekit_we_effect_on&quot;:&quot;none&quot;}\" data-widget_type=\"image.default\">\n\t\t\t\t<div class=\"elementor-widget-container\">\n\t\t\t\t\t\t\t\t\t\t\t\t\t\t\t<img decoding=\"async\" width=\"1229\" height=\"873\" src=\"https:\/\/ozuecem.net\/wp-content\/uploads\/2022\/02\/yapidergisi.png\" class=\"attachment-large size-large wp-image-6479\" alt=\"\" srcset=\"https:\/\/ozuecem.net\/wp-content\/uploads\/2022\/02\/yapidergisi.png 1229w, https:\/\/ozuecem.net\/wp-content\/uploads\/2022\/02\/yapidergisi-768x546.png 768w, https:\/\/ozuecem.net\/wp-content\/uploads\/2022\/02\/yapidergisi-350x250.png 350w\" sizes=\"(max-width: 1229px) 100vw, 1229px\" \/>\t\t\t\t\t\t\t\t\t\t\t\t\t\t\t<\/div>\n\t\t\t\t<\/div>\n\t\t\t\t<div class=\"elementor-element elementor-element-fb3c8be elementor-widget elementor-widget-image\" data-id=\"fb3c8be\" data-element_type=\"widget\" data-settings=\"{&quot;ekit_we_effect_on&quot;:&quot;none&quot;}\" data-widget_type=\"image.default\">\n\t\t\t\t<div class=\"elementor-widget-container\">\n\t\t\t\t\t\t\t\t\t\t\t\t\t\t\t<img decoding=\"async\" width=\"1234\" height=\"870\" src=\"https:\/\/ozuecem.net\/wp-content\/uploads\/2022\/02\/yapidergisi1.png\" class=\"attachment-large size-large wp-image-6480\" alt=\"\" srcset=\"https:\/\/ozuecem.net\/wp-content\/uploads\/2022\/02\/yapidergisi1.png 1234w, https:\/\/ozuecem.net\/wp-content\/uploads\/2022\/02\/yapidergisi1-768x541.png 768w\" sizes=\"(max-width: 1234px) 100vw, 1234px\" \/>\t\t\t\t\t\t\t\t\t\t\t\t\t\t\t<\/div>\n\t\t\t\t<\/div>\n\t\t\t\t\t<\/div>\n\t\t<\/div>\n\t\t\t\t\t<\/div>\n\t\t<\/section>\n\t\t\t\t<\/div>\n\t\t","protected":false},"excerpt":{"rendered":"<p>M. P. Meng\u00fc\u00e7, Y. Somuncu, \u201cEnerji Verimlili\u011fi Boyutu Ve Istanbul 2050\u2019ye Do\u011fru\u201d, Enerji Dergisi, 46-68, February 2012. M. P. Meng\u00fc\u00e7, \u201cTasar\u0131m\u0131n Ye\u015fil Zirvesi \u2018EKODesign Konferans\u0131 Bu Y\u0131l 5.Ya\u015f\u0131n\u0131 Kutlad\u0131\u201d, Yap\u0131 Dergisi Eki, 54-56, May 2012. M. P. Meng\u00fc\u00e7, Interview with \u00d6zye\u011fin University CEEE Director, \u201cIstanbul\u2019u 2050\u2019ye Haz\u0131rl\u0131yorlar\u201d, Milliyet Cadde, July 2012, available at: http:\/\/cadde.milliyet.com.tr\/2012\/07\/27\/HaberDetay\/1572330\/Istanbul_u_2050_ye_hazirliyorlar M. [&hellip;]<\/p>\n","protected":false},"author":1,"featured_media":0,"parent":6909,"menu_order":0,"comment_status":"closed","ping_status":"closed","template":"template\/full-width-template.php","meta":{"footnotes":""},"class_list":["post-6916","page","type-page","status-publish","hentry"],"_links":{"self":[{"href":"https:\/\/ozuecem.net\/en\/wp-json\/wp\/v2\/pages\/6916","targetHints":{"allow":["GET"]}}],"collection":[{"href":"https:\/\/ozuecem.net\/en\/wp-json\/wp\/v2\/pages"}],"about":[{"href":"https:\/\/ozuecem.net\/en\/wp-json\/wp\/v2\/types\/page"}],"author":[{"embeddable":true,"href":"https:\/\/ozuecem.net\/en\/wp-json\/wp\/v2\/users\/1"}],"replies":[{"embeddable":true,"href":"https:\/\/ozuecem.net\/en\/wp-json\/wp\/v2\/comments?post=6916"}],"version-history":[{"count":0,"href":"https:\/\/ozuecem.net\/en\/wp-json\/wp\/v2\/pages\/6916\/revisions"}],"up":[{"embeddable":true,"href":"https:\/\/ozuecem.net\/en\/wp-json\/wp\/v2\/pages\/6909"}],"wp:attachment":[{"href":"https:\/\/ozuecem.net\/en\/wp-json\/wp\/v2\/media?parent=6916"}],"curies":[{"name":"wp","href":"https:\/\/api.w.org\/{rel}","templated":true}]}}