{"id":6922,"date":"2022-02-04T14:15:16","date_gmt":"2022-02-04T14:15:16","guid":{"rendered":"https:\/\/ozuecem.net\/awards-publications\/publications\/kitaplar\/"},"modified":"2024-12-17T10:53:09","modified_gmt":"2024-12-17T10:53:09","slug":"books","status":"publish","type":"page","link":"https:\/\/ozuecem.net\/en\/awards-publications\/publications\/books\/","title":{"rendered":"Books"},"content":{"rendered":"\t\t<div data-elementor-type=\"wp-page\" data-elementor-id=\"6922\" class=\"elementor elementor-6922 elementor-5511\" data-elementor-post-type=\"page\">\n\t\t\t\t\t\t<section class=\"elementor-section elementor-top-section elementor-element elementor-element-96ede57 elementor-section-boxed elementor-section-height-default elementor-section-height-default\" data-id=\"96ede57\" data-element_type=\"section\">\n\t\t\t\t\t\t<div class=\"elementor-container elementor-column-gap-default\">\n\t\t\t\t\t<div class=\"elementor-column elementor-col-25 elementor-top-column elementor-element elementor-element-4c286d2\" data-id=\"4c286d2\" data-element_type=\"column\">\n\t\t\t<div class=\"elementor-widget-wrap elementor-element-populated\">\n\t\t\t\t\t\t<div class=\"elementor-element elementor-element-ac6956e elementor-widget elementor-widget-image\" data-id=\"ac6956e\" data-element_type=\"widget\" data-settings=\"{&quot;ekit_we_effect_on&quot;:&quot;none&quot;}\" data-widget_type=\"image.default\">\n\t\t\t\t<div class=\"elementor-widget-container\">\n\t\t\t\t\t\t\t\t\t\t\t\t\t\t\t<img decoding=\"async\" src=\"https:\/\/ozuecem.net\/wp-content\/uploads\/elementor\/thumbs\/An-Intro-1-qymz8c8g29egmprvncu1x3k0z602snhxovn8eag54w.jpg\" title=\"An-Intro.jpg\" alt=\"An-Intro.jpg\" loading=\"lazy\" \/>\t\t\t\t\t\t\t\t\t\t\t\t\t\t\t<\/div>\n\t\t\t\t<\/div>\n\t\t\t\t\t<\/div>\n\t\t<\/div>\n\t\t\t\t<div class=\"elementor-column elementor-col-25 elementor-top-column elementor-element elementor-element-5acbb77\" data-id=\"5acbb77\" data-element_type=\"column\">\n\t\t\t<div class=\"elementor-widget-wrap elementor-element-populated\">\n\t\t\t\t\t\t<div class=\"elementor-element elementor-element-a1a814a elementor-widget elementor-widget-image\" data-id=\"a1a814a\" data-element_type=\"widget\" data-settings=\"{&quot;ekit_we_effect_on&quot;:&quot;none&quot;}\" data-widget_type=\"image.default\">\n\t\t\t\t<div class=\"elementor-widget-container\">\n\t\t\t\t\t\t\t\t\t\t\t\t\t\t\t<img decoding=\"async\" src=\"https:\/\/ozuecem.net\/wp-content\/uploads\/elementor\/thumbs\/7th-1-qymz8d6a93fqybqihv8ohlbhkjvg0clo10apvkeqyo.jpg\" title=\"7th.jpg\" alt=\"7th.jpg\" loading=\"lazy\" \/>\t\t\t\t\t\t\t\t\t\t\t\t\t\t\t<\/div>\n\t\t\t\t<\/div>\n\t\t\t\t\t<\/div>\n\t\t<\/div>\n\t\t\t\t<div class=\"elementor-column elementor-col-25 elementor-top-column elementor-element elementor-element-a4c5feb\" data-id=\"a4c5feb\" data-element_type=\"column\">\n\t\t\t<div class=\"elementor-widget-wrap elementor-element-populated\">\n\t\t\t\t\t\t<div class=\"elementor-element elementor-element-3c6c5a7 elementor-widget elementor-widget-image\" data-id=\"3c6c5a7\" data-element_type=\"widget\" data-settings=\"{&quot;ekit_we_effect_on&quot;:&quot;none&quot;}\" data-widget_type=\"image.default\">\n\t\t\t\t<div class=\"elementor-widget-container\">\n\t\t\t\t\t\t\t\t\t\t\t\t\t\t\t<img decoding=\"async\" src=\"https:\/\/ozuecem.net\/wp-content\/uploads\/elementor\/thumbs\/6th-1-qymz8d6a93fqybqihv8ohlbhkjvg0clo10apvkeqyo.jpg\" title=\"6th.jpg\" alt=\"6th.jpg\" loading=\"lazy\" \/>\t\t\t\t\t\t\t\t\t\t\t\t\t\t\t<\/div>\n\t\t\t\t<\/div>\n\t\t\t\t\t<\/div>\n\t\t<\/div>\n\t\t\t\t<div class=\"elementor-column elementor-col-25 elementor-top-column elementor-element elementor-element-a07d947\" data-id=\"a07d947\" data-element_type=\"column\">\n\t\t\t<div class=\"elementor-widget-wrap elementor-element-populated\">\n\t\t\t\t\t\t<div class=\"elementor-element elementor-element-a9e7b46 elementor-widget elementor-widget-image\" data-id=\"a9e7b46\" data-element_type=\"widget\" data-settings=\"{&quot;ekit_we_effect_on&quot;:&quot;none&quot;}\" data-widget_type=\"image.default\">\n\t\t\t\t<div class=\"elementor-widget-container\">\n\t\t\t\t\t\t\t\t\t\t\t\t\t\t\t<img decoding=\"async\" src=\"https:\/\/ozuecem.net\/wp-content\/uploads\/elementor\/thumbs\/5th-1-qymz8d6a93fqybqihv8ohlbhkjvg0clo10apvkeqyo.jpg\" title=\"5th.jpg\" alt=\"5th.jpg\" loading=\"lazy\" \/>\t\t\t\t\t\t\t\t\t\t\t\t\t\t\t<\/div>\n\t\t\t\t<\/div>\n\t\t\t\t\t<\/div>\n\t\t<\/div>\n\t\t\t\t\t<\/div>\n\t\t<\/section>\n\t\t\t\t<section class=\"elementor-section elementor-top-section elementor-element elementor-element-f010493 elementor-section-boxed elementor-section-height-default elementor-section-height-default\" data-id=\"f010493\" data-element_type=\"section\">\n\t\t\t\t\t\t<div class=\"elementor-container elementor-column-gap-default\">\n\t\t\t\t\t<div class=\"elementor-column elementor-col-100 elementor-top-column elementor-element elementor-element-768f868\" data-id=\"768f868\" data-element_type=\"column\">\n\t\t\t<div class=\"elementor-widget-wrap elementor-element-populated\">\n\t\t\t\t\t\t<div class=\"elementor-element elementor-element-05a7590 elementor-widget elementor-widget-text-editor\" data-id=\"05a7590\" data-element_type=\"widget\" data-settings=\"{&quot;ekit_we_effect_on&quot;:&quot;none&quot;}\" data-widget_type=\"text-editor.default\">\n\t\t\t\t<div class=\"elementor-widget-container\">\n\t\t\t\t\t\t\t\t\t<p class=\"228bf8a64b8551e1MsoNormal\"><span lang=\"TR\">All details about the books authored by M. Pinar Meng\u00fc\u00e7 are available on his<span style=\"color: #ff9900;\">\u00a0<a style=\"color: #ff9900;\" href=\"https:\/\/www.amazon.com\/stores\/M.-Pinar-Meng%C3%BCc\/author\/B093FJ8D8H?ref=ap_rdr&amp;isDramIntegrated=true&amp;shoppingPortalEnabled=true\" target=\"_blank\" rel=\"noopener noreferrer\" data-link-id=\"3\">Amazon Author<\/a>\u00a0<\/span>page.<\/span><\/p>\t\t\t\t\t\t\t\t<\/div>\n\t\t\t\t<\/div>\n\t\t\t\t\t<\/div>\n\t\t<\/div>\n\t\t\t\t\t<\/div>\n\t\t<\/section>\n\t\t\t\t<section class=\"elementor-section elementor-top-section elementor-element elementor-element-48cc1c2 elementor-section-boxed elementor-section-height-default elementor-section-height-default\" data-id=\"48cc1c2\" data-element_type=\"section\">\n\t\t\t\t\t\t<div class=\"elementor-container elementor-column-gap-default\">\n\t\t\t\t\t<div class=\"elementor-column elementor-col-50 elementor-top-column elementor-element elementor-element-723230f\" data-id=\"723230f\" data-element_type=\"column\">\n\t\t\t<div class=\"elementor-widget-wrap elementor-element-populated\">\n\t\t\t\t\t\t<div class=\"elementor-element elementor-element-ddae155 elementor-widget elementor-widget-text-editor\" data-id=\"ddae155\" data-element_type=\"widget\" data-settings=\"{&quot;ekit_we_effect_on&quot;:&quot;none&quot;}\" data-widget_type=\"text-editor.default\">\n\t\t\t\t<div class=\"elementor-widget-container\">\n\t\t\t\t\t\t\t\t\t<p class=\"228bf8a64b8551e1MsoNormal\">The book Thermal Radiative Heat Transfer was first written in 1968 for NASA by Jack Howell (University of Texas, Austin) and Robert Siegel (NASA Glenn Research Center, Cleveland, Ohio, deceased). It is the most well-known book on Radiative Heat Transfer worldwide. M. Pinar Meng\u00fc\u00e7 was invited by these two great researchers to contribute to the preparation of the 5th, 6th, and 7th editions of this book. The first two editions were published in 2010 and 2016, respectively, while the 7th edition was published at the beginning of 2021, with Kyle Daun (University of Waterloo, Canada) also joining as a co-author.<\/p>\t\t\t\t\t\t\t\t<\/div>\n\t\t\t\t<\/div>\n\t\t\t\t\t<\/div>\n\t\t<\/div>\n\t\t\t\t<div class=\"elementor-column elementor-col-50 elementor-top-column elementor-element elementor-element-fe1adf8\" data-id=\"fe1adf8\" data-element_type=\"column\">\n\t\t\t<div class=\"elementor-widget-wrap elementor-element-populated\">\n\t\t\t\t\t\t<div class=\"elementor-element elementor-element-cba9434 elementor-widget elementor-widget-image\" data-id=\"cba9434\" data-element_type=\"widget\" data-settings=\"{&quot;ekit_we_effect_on&quot;:&quot;none&quot;}\" data-widget_type=\"image.default\">\n\t\t\t\t<div class=\"elementor-widget-container\">\n\t\t\t\t\t\t\t\t\t\t\t\t\t\t\t<img decoding=\"async\" src=\"https:\/\/ozuecem.net\/wp-content\/uploads\/elementor\/thumbs\/kitap4-pk0r47yr75dt9g6foeq882d1nfnmxlvbo9l4nrw074.jpg\" title=\"kitap4\" alt=\"kitap4\" loading=\"lazy\" \/>\t\t\t\t\t\t\t\t\t\t\t\t\t\t\t<\/div>\n\t\t\t\t<\/div>\n\t\t\t\t\t<\/div>\n\t\t<\/div>\n\t\t\t\t\t<\/div>\n\t\t<\/section>\n\t\t\t\t<section class=\"elementor-section elementor-top-section elementor-element elementor-element-c1a7d42 elementor-section-boxed elementor-section-height-default elementor-section-height-default\" data-id=\"c1a7d42\" data-element_type=\"section\">\n\t\t\t\t\t\t<div class=\"elementor-container elementor-column-gap-default\">\n\t\t\t\t\t<div class=\"elementor-column elementor-col-100 elementor-top-column elementor-element elementor-element-ba5f60e\" data-id=\"ba5f60e\" data-element_type=\"column\">\n\t\t\t<div class=\"elementor-widget-wrap elementor-element-populated\">\n\t\t\t\t\t\t<div class=\"elementor-element elementor-element-9ad361c elementor-widget elementor-widget-text-editor\" data-id=\"9ad361c\" data-element_type=\"widget\" data-settings=\"{&quot;ekit_we_effect_on&quot;:&quot;none&quot;}\" data-widget_type=\"text-editor.default\">\n\t\t\t\t<div class=\"elementor-widget-container\">\n\t\t\t\t\t\t\t\t\t<ul type=\"disc\"><li class=\"8f4506aa708e2a26MsoListParagraph\"><span lang=\"TR\">J. R. Howell, M. Pinar Meng\u00fcc, &amp; K. J. Daun, (2023). Thermal Radiation: An Introduction (1st ed.). CRC Press.\u00a0 DOI:\u00a0<\/span><a href=\"https:\/\/doi.org\/10.1201\/9781003178996M\" target=\"_blank\" rel=\"noopener noreferrer\" data-link-id=\"4\"><span lang=\"TR\">https:\/\/doi.org\/10.1201\/9781003178996M<\/span><\/a><span lang=\"TR\">.<\/span><\/li><li class=\"8f4506aa708e2a26MsoListParagraph\"><span lang=\"TR\">M. Pinar Meng\u00fc\u00e7 and M. Francoeur, (2023). \u201cLight, Plasmonics and Particles,\u201d Elsevier. DOI:\u00a0<\/span><a href=\"https:\/\/doi.org\/10.1016\/C2021-0-00473-9\" target=\"_blank\" rel=\"noopener noreferrer\" data-link-id=\"5\"><span lang=\"TR\">https:\/\/doi.org\/10.1016\/C2021-0-00473-9<\/span><\/a><\/li><li class=\"8f4506aa708e2a26MsoListParagraph\"><span lang=\"TR\">J. R. Howell, M. Pinar Meng\u00fcc, K. J. Daun &amp; R. Siegel, (2020). Thermal Radiation Heat Transfer, CRC Press. DOI:\u00a0\u00a0<\/span><a href=\"https:\/\/doi.org\/10.1201\/9780429327308\" target=\"_blank\" rel=\"noopener noreferrer\" data-link-id=\"6\"><span lang=\"TR\">https:\/\/doi.org\/10.1201\/9780429327308<\/span><\/a><\/li><\/ul>\t\t\t\t\t\t\t\t<\/div>\n\t\t\t\t<\/div>\n\t\t\t\t\t<\/div>\n\t\t<\/div>\n\t\t\t\t\t<\/div>\n\t\t<\/section>\n\t\t\t\t<section class=\"elementor-section elementor-top-section elementor-element elementor-element-bdffb68 elementor-section-boxed elementor-section-height-default elementor-section-height-default\" data-id=\"bdffb68\" data-element_type=\"section\">\n\t\t\t\t\t\t<div class=\"elementor-container elementor-column-gap-default\">\n\t\t\t\t\t<div class=\"elementor-column elementor-col-50 elementor-top-column elementor-element elementor-element-d8acd62\" data-id=\"d8acd62\" data-element_type=\"column\">\n\t\t\t<div class=\"elementor-widget-wrap elementor-element-populated\">\n\t\t\t\t\t\t<div class=\"elementor-element elementor-element-0910a3f elementor-widget elementor-widget-image\" data-id=\"0910a3f\" data-element_type=\"widget\" data-settings=\"{&quot;ekit_we_effect_on&quot;:&quot;none&quot;}\" data-widget_type=\"image.default\">\n\t\t\t\t<div class=\"elementor-widget-container\">\n\t\t\t\t\t\t\t\t\t\t\t\t\t\t\t<img decoding=\"async\" width=\"198\" height=\"244\" src=\"https:\/\/ozuecem.net\/wp-content\/uploads\/2023\/07\/publication.jpg\" class=\"attachment-large size-large wp-image-9156\" alt=\"\" \/>\t\t\t\t\t\t\t\t\t\t\t\t\t\t\t<\/div>\n\t\t\t\t<\/div>\n\t\t\t\t\t<\/div>\n\t\t<\/div>\n\t\t\t\t<div class=\"elementor-column elementor-col-50 elementor-top-column elementor-element elementor-element-25a23b3\" data-id=\"25a23b3\" data-element_type=\"column\">\n\t\t\t<div class=\"elementor-widget-wrap elementor-element-populated\">\n\t\t\t\t\t\t<div class=\"elementor-element elementor-element-bd2dd22 elementor-widget elementor-widget-text-editor\" data-id=\"bd2dd22\" data-element_type=\"widget\" data-settings=\"{&quot;ekit_we_effect_on&quot;:&quot;none&quot;}\" data-widget_type=\"text-editor.default\">\n\t\t\t\t<div class=\"elementor-widget-container\">\n\t\t\t\t\t\t\t\t\t<p>Light, Plasmonics and Particles<\/p><p>Editors: M.P\u0131nar Meng\u00fc\u00e7, Mathieu Francoeur<\/p>\t\t\t\t\t\t\t\t<\/div>\n\t\t\t\t<\/div>\n\t\t\t\t\t<\/div>\n\t\t<\/div>\n\t\t\t\t\t<\/div>\n\t\t<\/section>\n\t\t\t\t<\/div>\n\t\t","protected":false},"excerpt":{"rendered":"<p>All details about the books authored by M. Pinar Meng\u00fc\u00e7 are available on his\u00a0Amazon Author\u00a0page. The book Thermal Radiative Heat Transfer was first written in 1968 for NASA by Jack Howell (University of Texas, Austin) and Robert Siegel (NASA Glenn Research Center, Cleveland, Ohio, deceased). It is the most well-known book on Radiative Heat Transfer [&hellip;]<\/p>\n","protected":false},"author":1,"featured_media":0,"parent":6909,"menu_order":0,"comment_status":"closed","ping_status":"closed","template":"template\/full-width-template.php","meta":{"footnotes":""},"class_list":["post-6922","page","type-page","status-publish","hentry"],"_links":{"self":[{"href":"https:\/\/ozuecem.net\/en\/wp-json\/wp\/v2\/pages\/6922","targetHints":{"allow":["GET"]}}],"collection":[{"href":"https:\/\/ozuecem.net\/en\/wp-json\/wp\/v2\/pages"}],"about":[{"href":"https:\/\/ozuecem.net\/en\/wp-json\/wp\/v2\/types\/page"}],"author":[{"embeddable":true,"href":"https:\/\/ozuecem.net\/en\/wp-json\/wp\/v2\/users\/1"}],"replies":[{"embeddable":true,"href":"https:\/\/ozuecem.net\/en\/wp-json\/wp\/v2\/comments?post=6922"}],"version-history":[{"count":6,"href":"https:\/\/ozuecem.net\/en\/wp-json\/wp\/v2\/pages\/6922\/revisions"}],"predecessor-version":[{"id":10608,"href":"https:\/\/ozuecem.net\/en\/wp-json\/wp\/v2\/pages\/6922\/revisions\/10608"}],"up":[{"embeddable":true,"href":"https:\/\/ozuecem.net\/en\/wp-json\/wp\/v2\/pages\/6909"}],"wp:attachment":[{"href":"https:\/\/ozuecem.net\/en\/wp-json\/wp\/v2\/media?parent=6922"}],"curies":[{"name":"wp","href":"https:\/\/api.w.org\/{rel}","templated":true}]}}