{"id":6924,"date":"2022-02-04T14:25:40","date_gmt":"2022-02-04T14:25:40","guid":{"rendered":"https:\/\/ozuecem.net\/awards-publications\/publications\/patentler\/"},"modified":"2025-09-29T16:48:54","modified_gmt":"2025-09-29T16:48:54","slug":"patents","status":"publish","type":"page","link":"https:\/\/ozuecem.net\/en\/awards-publications\/publications\/patents\/","title":{"rendered":"Patents"},"content":{"rendered":"\t\t<div data-elementor-type=\"wp-page\" data-elementor-id=\"6924\" class=\"elementor elementor-6924 elementor-5530\" data-elementor-post-type=\"page\">\n\t\t\t\t\t\t<section class=\"elementor-section elementor-top-section elementor-element elementor-element-f0b1c90 elementor-section-boxed elementor-section-height-default elementor-section-height-default\" data-id=\"f0b1c90\" data-element_type=\"section\">\n\t\t\t\t\t\t<div class=\"elementor-container elementor-column-gap-default\">\n\t\t\t\t\t<div class=\"elementor-column elementor-col-100 elementor-top-column elementor-element elementor-element-866100c\" data-id=\"866100c\" data-element_type=\"column\">\n\t\t\t<div class=\"elementor-widget-wrap elementor-element-populated\">\n\t\t\t\t\t\t<div class=\"elementor-element elementor-element-9a9ad66 elementor-widget elementor-widget-text-editor\" data-id=\"9a9ad66\" data-element_type=\"widget\" data-settings=\"{&quot;ekit_we_effect_on&quot;:&quot;none&quot;}\" data-widget_type=\"text-editor.default\">\n\t\t\t\t<div class=\"elementor-widget-container\">\n\t\t\t\t\t\t\t\t\t<p>\u201cNanoplasmonic Device with Nanoscale Cooling, M. P. Meng\u00fc\u00e7 (Ozyegin University) Kursat Sendur, Ali Kosar, (Sabanci University), patent accepted 20140246171 in EU, South Korea, Japan, (confirmed; patent issued), Singapore, China, Thailand (pending) Turkish Patent Office. TR 2017 17340 T4.<\/p><p><a href=\"https:\/\/worldwide.espacenet.com\/patent\/search\/family\/048044024\/publication\/EP2764763A1?q=EP11873687\" target=\"_blank\" rel=\"noopener\">(See)<\/a><\/p><p>\u2018Flow System for Avoiding Agglomeration,\u2019 Ali Kosar, Kursat Sendur, (Sabanci University), M. P. Meng\u00fc\u00e7 (Ozyegin University), patent application No: PCT\/TR2015\/050145, Application made on 22\/10\/2015. Bronz Medal; at the 2nd Istanbul International Innovation Fair, 17-22 September 2019 by Turk Patent. Turkish Patent Issued (TR 2019 13359 T4). (T\u00fcrk\u00e7e ba\u015fl\u0131k: Par\u00e7ac\u0131k Topaklanmas\u0131n\u0131 \u00d6nlemeye Y\u00f6nelik Ak\u0131\u015f Sistemi). TRIADIC patent; approved in the USA (US10837604B2), EU (EP3365627 (B1)) and Japan (JP6559363B2) (2021) .<\/p><p><a href=\"https:\/\/worldwide.espacenet.com\/patent\/search\/family\/055083458\/publication\/EP3365627A1?q=pn%3DEP3365627A1\" target=\"_blank\" rel=\"noopener\">(See)<\/a><\/p><p>\u201cAdaptive Vent System For Localized And Personalized Thermal Comfort,\u201d C. Keskin, M. P. Meng\u00fc\u00e7. (Ozyegin University), Patent disclosure was made to Ozyegin University, March 27, 2019. PCT Application No: PCT\/TR2019\/050703. Published as WO 2021\/040634 (2021).<\/p><p><a href=\"https:\/\/worldwide.espacenet.com\/patent\/search\/family\/068426799\/publication\/WO2021040634A1?q=WO%202021%2F040634\" target=\"_blank\" rel=\"noopener\">(See)<\/a><\/p>\t\t\t\t\t\t\t\t<\/div>\n\t\t\t\t<\/div>\n\t\t\t\t\t<\/div>\n\t\t<\/div>\n\t\t\t\t\t<\/div>\n\t\t<\/section>\n\t\t\t\t<section class=\"elementor-section elementor-top-section elementor-element elementor-element-fff1df4 elementor-section-boxed elementor-section-height-default elementor-section-height-default\" data-id=\"fff1df4\" data-element_type=\"section\">\n\t\t\t\t\t\t<div class=\"elementor-container elementor-column-gap-default\">\n\t\t\t\t\t<div class=\"elementor-column elementor-col-50 elementor-top-column elementor-element elementor-element-47d38a1\" data-id=\"47d38a1\" data-element_type=\"column\">\n\t\t\t<div class=\"elementor-widget-wrap elementor-element-populated\">\n\t\t\t\t\t\t<div class=\"elementor-element elementor-element-9b38616 elementor-widget elementor-widget-image\" data-id=\"9b38616\" data-element_type=\"widget\" data-settings=\"{&quot;ekit_we_effect_on&quot;:&quot;none&quot;}\" data-widget_type=\"image.default\">\n\t\t\t\t<div class=\"elementor-widget-container\">\n\t\t\t\t\t\t\t\t\t\t\t\t\t\t\t<img fetchpriority=\"high\" decoding=\"async\" width=\"643\" height=\"420\" src=\"https:\/\/ozuecem.net\/wp-content\/uploads\/2022\/02\/japan_patent.jpg\" class=\"attachment-large size-large wp-image-6487\" alt=\"\" \/>\t\t\t\t\t\t\t\t\t\t\t\t\t\t\t<\/div>\n\t\t\t\t<\/div>\n\t\t\t\t\t<\/div>\n\t\t<\/div>\n\t\t\t\t<div class=\"elementor-column elementor-col-50 elementor-top-column elementor-element elementor-element-f841568\" data-id=\"f841568\" data-element_type=\"column\">\n\t\t\t<div class=\"elementor-widget-wrap elementor-element-populated\">\n\t\t\t\t\t\t<div class=\"elementor-element elementor-element-8f2115a elementor-widget elementor-widget-image\" data-id=\"8f2115a\" data-element_type=\"widget\" data-settings=\"{&quot;ekit_we_effect_on&quot;:&quot;none&quot;}\" data-widget_type=\"image.default\">\n\t\t\t\t<div class=\"elementor-widget-container\">\n\t\t\t\t\t\t\t\t\t\t\t\t\t\t\t<img decoding=\"async\" width=\"1112\" height=\"724\" src=\"https:\/\/ozuecem.net\/wp-content\/uploads\/2022\/02\/istanbulapatent.png\" class=\"attachment-large size-large wp-image-6488\" alt=\"\" srcset=\"https:\/\/ozuecem.net\/wp-content\/uploads\/2022\/02\/istanbulapatent.png 1112w, https:\/\/ozuecem.net\/wp-content\/uploads\/2022\/02\/istanbulapatent-768x500.png 768w\" sizes=\"(max-width: 1112px) 100vw, 1112px\" \/>\t\t\t\t\t\t\t\t\t\t\t\t\t\t\t<\/div>\n\t\t\t\t<\/div>\n\t\t\t\t\t<\/div>\n\t\t<\/div>\n\t\t\t\t\t<\/div>\n\t\t<\/section>\n\t\t\t\t<\/div>\n\t\t","protected":false},"excerpt":{"rendered":"<p>\u201cNanoplasmonic Device with Nanoscale Cooling, M. P. Meng\u00fc\u00e7 (Ozyegin University) Kursat Sendur, Ali Kosar, (Sabanci University), patent accepted 20140246171 in EU, South Korea, Japan, (confirmed; patent issued), Singapore, China, Thailand (pending) Turkish Patent Office. TR 2017 17340 T4. (See) \u2018Flow System for Avoiding Agglomeration,\u2019 Ali Kosar, Kursat Sendur, (Sabanci University), M. P. Meng\u00fc\u00e7 (Ozyegin University), [&hellip;]<\/p>\n","protected":false},"author":1,"featured_media":0,"parent":6909,"menu_order":0,"comment_status":"closed","ping_status":"closed","template":"template\/full-width-template.php","meta":{"footnotes":""},"class_list":["post-6924","page","type-page","status-publish","hentry"],"_links":{"self":[{"href":"https:\/\/ozuecem.net\/en\/wp-json\/wp\/v2\/pages\/6924","targetHints":{"allow":["GET"]}}],"collection":[{"href":"https:\/\/ozuecem.net\/en\/wp-json\/wp\/v2\/pages"}],"about":[{"href":"https:\/\/ozuecem.net\/en\/wp-json\/wp\/v2\/types\/page"}],"author":[{"embeddable":true,"href":"https:\/\/ozuecem.net\/en\/wp-json\/wp\/v2\/users\/1"}],"replies":[{"embeddable":true,"href":"https:\/\/ozuecem.net\/en\/wp-json\/wp\/v2\/comments?post=6924"}],"version-history":[{"count":3,"href":"https:\/\/ozuecem.net\/en\/wp-json\/wp\/v2\/pages\/6924\/revisions"}],"predecessor-version":[{"id":11101,"href":"https:\/\/ozuecem.net\/en\/wp-json\/wp\/v2\/pages\/6924\/revisions\/11101"}],"up":[{"embeddable":true,"href":"https:\/\/ozuecem.net\/en\/wp-json\/wp\/v2\/pages\/6909"}],"wp:attachment":[{"href":"https:\/\/ozuecem.net\/en\/wp-json\/wp\/v2\/media?parent=6924"}],"curies":[{"name":"wp","href":"https:\/\/api.w.org\/{rel}","templated":true}]}}