{"id":7008,"date":"2022-01-03T08:49:50","date_gmt":"2022-01-03T08:49:50","guid":{"rendered":"https:\/\/ozuecem.net\/beyond-ceee\/istanbul-collaborative\/"},"modified":"2025-09-29T16:52:12","modified_gmt":"2025-09-29T16:52:12","slug":"istanbul-collaborative","status":"publish","type":"page","link":"https:\/\/ozuecem.net\/en\/beyond-ceee\/istanbul-collaborative\/","title":{"rendered":"\u0130stanbul Collaborative"},"content":{"rendered":"\t\t<div data-elementor-type=\"wp-page\" data-elementor-id=\"7008\" class=\"elementor elementor-7008 elementor-4758\" data-elementor-post-type=\"page\">\n\t\t\t\t\t\t<section class=\"elementor-section elementor-top-section elementor-element elementor-element-147308c elementor-section-boxed elementor-section-height-default elementor-section-height-default\" data-id=\"147308c\" data-element_type=\"section\">\n\t\t\t\t\t\t<div class=\"elementor-container elementor-column-gap-default\">\n\t\t\t\t\t<div class=\"elementor-column elementor-col-100 elementor-top-column elementor-element elementor-element-750892b\" data-id=\"750892b\" data-element_type=\"column\">\n\t\t\t<div class=\"elementor-widget-wrap elementor-element-populated\">\n\t\t\t\t\t\t<section class=\"elementor-section elementor-inner-section elementor-element elementor-element-eb7c005 elementor-section-boxed elementor-section-height-default elementor-section-height-default\" data-id=\"eb7c005\" data-element_type=\"section\">\n\t\t\t\t\t\t<div class=\"elementor-container elementor-column-gap-default\">\n\t\t\t\t\t<div class=\"elementor-column elementor-col-50 elementor-inner-column elementor-element elementor-element-c5550fa\" data-id=\"c5550fa\" data-element_type=\"column\">\n\t\t\t<div class=\"elementor-widget-wrap elementor-element-populated\">\n\t\t\t\t\t\t<div class=\"elementor-element elementor-element-a4a23f1 elementor-widget elementor-widget-text-editor\" data-id=\"a4a23f1\" data-element_type=\"widget\" data-settings=\"{&quot;ekit_we_effect_on&quot;:&quot;none&quot;}\" data-widget_type=\"text-editor.default\">\n\t\t\t\t<div class=\"elementor-widget-container\">\n\t\t\t\t\t\t\t\t\t<p>Istanbul Collaborative (IC) is an adhoc research initiative, or thinktank, that emerged with the active contributions of M. P\u0131nar Mengu\u0308c\u0327 from O\u0308zyeg\u0306in University, and Ku\u0308rs\u0327at S\u0327endur and Ali Kos\u0327ar from Sabanc\u0131 University, in early 2009. The main motivation of this initiative has been to explore the problems related to micro and nanoscale heat transfer and to develop solutions and strategies in key areas such as energy transition, information technologies, defense industry, sensor technologies, advanced material technologies, in Turkey and elsewhere.\u00a0<\/p>\t\t\t\t\t\t\t\t<\/div>\n\t\t\t\t<\/div>\n\t\t\t\t\t<\/div>\n\t\t<\/div>\n\t\t\t\t<div class=\"elementor-column elementor-col-50 elementor-inner-column elementor-element elementor-element-1f827a2\" data-id=\"1f827a2\" data-element_type=\"column\">\n\t\t\t<div class=\"elementor-widget-wrap elementor-element-populated\">\n\t\t\t\t\t\t<div class=\"elementor-element elementor-element-f173771 elementor-widget elementor-widget-text-editor\" data-id=\"f173771\" data-element_type=\"widget\" data-settings=\"{&quot;ekit_we_effect_on&quot;:&quot;none&quot;}\" data-widget_type=\"text-editor.default\">\n\t\t\t\t<div class=\"elementor-widget-container\">\n\t\t\t\t\t\t\t\t\t<p>Later, Hakan Ertu\u0308rk from Bog\u0306azic\u0327i University and Tuba Okutucu-O\u0308zyurt from METU (now at ITU) joined to IC and have contributed to our interdisciplinary research activities on multi university platforms. Vincent Loke, who started working with Mengu\u0308c\u0327 in 2010 at O\u0308zyeg\u0306in University has also heavily contributed to these studies during his 1.5 years in Istanbul. Another researcher who was involved in IC was Azadeh Didadri who received her PhD from OzU in 2017.<\/p>\t\t\t\t\t\t\t\t<\/div>\n\t\t\t\t<\/div>\n\t\t\t\t\t<\/div>\n\t\t<\/div>\n\t\t\t\t\t<\/div>\n\t\t<\/section>\n\t\t\t\t<div class=\"elementor-element elementor-element-6c1efc8 elementor-widget-divider--view-line_icon elementor-view-default elementor-widget-divider--element-align-center elementor-widget elementor-widget-divider\" data-id=\"6c1efc8\" data-element_type=\"widget\" data-settings=\"{&quot;ekit_we_effect_on&quot;:&quot;none&quot;}\" data-widget_type=\"divider.default\">\n\t\t\t\t<div class=\"elementor-widget-container\">\n\t\t\t\t\t\t\t<div class=\"elementor-divider\">\n\t\t\t<span class=\"elementor-divider-separator\">\n\t\t\t\t\t\t\t<div class=\"elementor-icon elementor-divider__element\">\n\t\t\t\t\t<i aria-hidden=\"true\" class=\"icon icon-down-arrow1\"><\/i><\/div>\n\t\t\t\t\t\t<\/span>\n\t\t<\/div>\n\t\t\t\t\t\t<\/div>\n\t\t\t\t<\/div>\n\t\t\t\t\t<\/div>\n\t\t<\/div>\n\t\t\t\t\t<\/div>\n\t\t<\/section>\n\t\t\t\t<section class=\"elementor-section elementor-top-section elementor-element elementor-element-71619f0 elementor-section-boxed elementor-section-height-default elementor-section-height-default\" data-id=\"71619f0\" data-element_type=\"section\">\n\t\t\t\t\t\t<div class=\"elementor-container elementor-column-gap-default\">\n\t\t\t\t\t<div class=\"elementor-column elementor-col-50 elementor-top-column elementor-element elementor-element-f988e60\" data-id=\"f988e60\" data-element_type=\"column\">\n\t\t\t<div class=\"elementor-widget-wrap elementor-element-populated\">\n\t\t\t\t\t\t<div class=\"elementor-element elementor-element-b2b2e0d elementor-widget elementor-widget-image\" data-id=\"b2b2e0d\" data-element_type=\"widget\" data-settings=\"{&quot;ekit_we_effect_on&quot;:&quot;none&quot;}\" data-widget_type=\"image.default\">\n\t\t\t\t<div class=\"elementor-widget-container\">\n\t\t\t\t\t\t\t\t\t\t\t\t\t\t\t\t<a href=\"https:\/\/ozuecem.net\/wp-content\/uploads\/2022\/01\/ECEM2009-2021_V23.jpg\" data-elementor-open-lightbox=\"yes\" data-elementor-lightbox-title=\"ECEM2009-2021_V23\" data-e-action-hash=\"#elementor-action%3Aaction%3Dlightbox%26settings%3DeyJpZCI6NjQyOCwidXJsIjoiaHR0cHM6XC9cL296dWVjZW0ubmV0XC93cC1jb250ZW50XC91cGxvYWRzXC8yMDIyXC8wMVwvRUNFTTIwMDktMjAyMV9WMjMuanBnIn0%3D\">\n\t\t\t\t\t\t\t<img decoding=\"async\" src=\"https:\/\/ozuecem.net\/wp-content\/uploads\/elementor\/thumbs\/ECEM2009-2021_V23-pignrrrkuy113bdsitafdtw3z7nhblhc2dnd1t1cm8.jpg\" title=\"ECEM2009-2021_V23\" alt=\"ECEM2009-2021_V23\" loading=\"lazy\" \/>\t\t\t\t\t\t\t\t<\/a>\n\t\t\t\t\t\t\t\t\t\t\t\t\t\t\t<\/div>\n\t\t\t\t<\/div>\n\t\t\t\t\t<\/div>\n\t\t<\/div>\n\t\t\t\t<div class=\"elementor-column elementor-col-50 elementor-top-column elementor-element elementor-element-7e6a163\" data-id=\"7e6a163\" data-element_type=\"column\">\n\t\t\t<div class=\"elementor-widget-wrap elementor-element-populated\">\n\t\t\t\t\t\t<div class=\"elementor-element elementor-element-c05dd30 elementor-widget elementor-widget-text-editor\" data-id=\"c05dd30\" data-element_type=\"widget\" data-settings=\"{&quot;ekit_we_effect_on&quot;:&quot;none&quot;}\" data-widget_type=\"text-editor.default\">\n\t\t\t\t<div class=\"elementor-widget-container\">\n\t\t\t\t\t\t\t\t\t<p>Istanbul Collaborative was a bottomup and voluntary initiative and has played significant role in the implementation of many important research activities in Turkey over the past 12 years. The work of this group has started with the <a href=\"https:\/\/ozuecem.net\/en\/radiative-heat-transfer-projects\/eu-fp7-marie-curie-project\/\" target=\"_blank\" rel=\"noopener\">EU Marie Curie<\/a> and <a href=\"https:\/\/ozuecem.net\/en\/radiative-heat-transfer-projects\/tubitak-1001\/\" target=\"_blank\" rel=\"noopener\">TUBITAK 1001<\/a> projects that Mengu\u0308c\u0327 received in 2009. Ku\u0308rs\u0327at S\u0327endur, Ali Kos\u0327ar and M. P\u0131nar Mengu\u0308c\u0327 have received two other projects from Bosch Siemens. Later, Tuba Okutucu O\u0308zyurt and Mengu\u0308c\u0327 have received a second <a href=\"https:\/\/ozuecem.net\/en\/radiative-heat-transfer-projects\/tubitak-1001\/\" target=\"_blank\" rel=\"noopener\">TUBITAK 1001<\/a> project on nearfield radiation transfer and completed it in 2018.<\/p><p>\u00a0<\/p><p>As a result of the research conducted under the umbrella of Istanbul Collaborative, more than 35 peerreviewed international journal articles were published, dozens of conference presentations were made, and 2 international patents were granted. These patents are based on the joint resear ch by Ali Kos\u0327ar, Kursat Sendur, and Menguc. The first of these patents was received the second prize in the \u201cY\u0131ld\u0131zl\u0131 Patentler\u201d competition held at Y\u0131ld\u0131z Technical University in 2014. The second one won the Silver Medal given by the Ministry of Industry and Technology in 2019. This second patent, titled \u201cFlow System For Avoiding Particle Agglomeration was listed as a triadic patent, as It was accepted by the American Patent and Trademark Office (US10837604B2), after being approved by Japan Patent Office (JP6559363B2) and European Patent Office (EP3365627 (B1)). There are less than 20 triadic patents in Turkey and fort hat reason they are considered very prestigious. This patent aims to provide an innovative solution for the problem of particle agglomeration, and it could pave way for implementations of nanoparticles to various in dustrial applications.<\/p>\t\t\t\t\t\t\t\t<\/div>\n\t\t\t\t<\/div>\n\t\t\t\t\t<\/div>\n\t\t<\/div>\n\t\t\t\t\t<\/div>\n\t\t<\/section>\n\t\t\t\t<section class=\"elementor-section elementor-top-section elementor-element elementor-element-efa57e9 elementor-section-boxed elementor-section-height-default elementor-section-height-default\" data-id=\"efa57e9\" data-element_type=\"section\">\n\t\t\t\t\t\t<div class=\"elementor-container elementor-column-gap-default\">\n\t\t\t\t\t<div class=\"elementor-column elementor-col-50 elementor-top-column elementor-element elementor-element-a0d4089\" data-id=\"a0d4089\" data-element_type=\"column\">\n\t\t\t<div class=\"elementor-widget-wrap elementor-element-populated\">\n\t\t\t\t\t\t<div class=\"elementor-element elementor-element-d79726d elementor-widget elementor-widget-text-editor\" data-id=\"d79726d\" data-element_type=\"widget\" data-settings=\"{&quot;ekit_we_effect_on&quot;:&quot;none&quot;}\" data-widget_type=\"text-editor.default\">\n\t\t\t\t<div class=\"elementor-widget-container\">\n\t\t\t\t\t\t\t\t\t<p>Many scientific meetings were held by the Istanbul Collaborative over the years. One of the most important of these meetings was the \u201cMicro and Nanoscale Heat Transfer\u201d Workshop organized under the leadership of Ali Kos\u0327ar in July 2014, with M. P\u0131nar Mengu\u0308c\u0327 and Ku\u0308rs\u0327at S\u0327endur as invited speakers. In addition to these activities and research outputs, the partnerships realized under the Istanbul Collaborative umbrella also played an important role in training qualified researchers. As a result of these partnerships, several students who received their master\u2019s and doctorate degrees at joint collaboration between O\u0308zyeg\u0306in University (OzU), Sabanc\u0131 University (SU), Bog\u0306azic\u0327i University (BU) and Middle East Technical University (METU) have developed significantly broader interdisciplinary research perspectives.<\/p><p class=\"MsoNormal\" style=\"margin: 12.0pt 0cm 12.0pt 0cm;\"><span lang=\"tr\" style=\"font-size: 12.0pt; line-height: 115%;\">Several of these students are now working as researchers in various countries. They can be listed as: Ru\u0308s\u0327tu\u0308 Umut Tok (from SU) at the USA University of California, Los Angeles; Refet Ali Yalc\u0327\u0131n (from BU) at the Universite\u0301 de Poitiers in France; Erdem O\u0308g\u0306u\u0308t (from SU) at Germany Friedrich Schiller University Jena; Muhsincan S\u0327es\u0327en (from SU) at Imperial College; Azadeh Didari (from OzU) at Hanbat National University in South Korea; Muhammad Ali Kec\u0327ebas\u0327 (SU) at Pennsylvania State University, USA; and Farhad Kazemi (from BUOzU) at Ford Otosan Turkey. Moreover, Elif Begu\u0308m Elc\u0327iog\u0306lu (from METU-OzU) works as a faculty member at Es\u0327kis\u0327ehir Technical University and Laythy Al Gebory (from OzU) in Iraq Baghdad University. In addition, students who contributed to IC on graduate level continue with their careers as follows: Kurt Webb (from OzU-BU) in the USA; Sina Request Moghaddam (from BU-OzU) in Canada; Zahra Fath (from OzU-BU) in the Netherlands, and Zafer Artvin, (from METU-OzU) in Ankara, and Dilan Avs\u0327ar (from BU-OzU) in Bog\u0306azic\u0327i University, Istanbul.\u00a0<\/span><\/p>\t\t\t\t\t\t\t\t<\/div>\n\t\t\t\t<\/div>\n\t\t\t\t\t<\/div>\n\t\t<\/div>\n\t\t\t\t<div class=\"elementor-column elementor-col-50 elementor-top-column elementor-element elementor-element-bed217e\" data-id=\"bed217e\" data-element_type=\"column\">\n\t\t\t<div class=\"elementor-widget-wrap elementor-element-populated\">\n\t\t\t\t\t\t<div class=\"elementor-element elementor-element-4567500 elementor-widget elementor-widget-image\" data-id=\"4567500\" data-element_type=\"widget\" data-settings=\"{&quot;ekit_we_effect_on&quot;:&quot;none&quot;}\" data-widget_type=\"image.default\">\n\t\t\t\t<div class=\"elementor-widget-container\">\n\t\t\t\t\t\t\t\t\t\t\t\t\t\t\t\t<a href=\"https:\/\/ozuecem.net\/wp-content\/uploads\/2022\/01\/ECEM2009-2021_V25.jpg\" data-elementor-open-lightbox=\"yes\" data-elementor-lightbox-title=\"ECEM2009-2021_V25\" data-e-action-hash=\"#elementor-action%3Aaction%3Dlightbox%26settings%3DeyJpZCI6NjQyOSwidXJsIjoiaHR0cHM6XC9cL296dWVjZW0ubmV0XC93cC1jb250ZW50XC91cGxvYWRzXC8yMDIyXC8wMVwvRUNFTTIwMDktMjAyMV9WMjUuanBnIn0%3D\">\n\t\t\t\t\t\t\t<img fetchpriority=\"high\" decoding=\"async\" width=\"871\" height=\"498\" src=\"https:\/\/ozuecem.net\/wp-content\/uploads\/2022\/01\/ECEM2009-2021_V25.jpg\" class=\"attachment-large size-large wp-image-6429\" alt=\"\" srcset=\"https:\/\/ozuecem.net\/wp-content\/uploads\/2022\/01\/ECEM2009-2021_V25.jpg 871w, https:\/\/ozuecem.net\/wp-content\/uploads\/2022\/01\/ECEM2009-2021_V25-768x439.jpg 768w\" sizes=\"(max-width: 871px) 100vw, 871px\" \/>\t\t\t\t\t\t\t\t<\/a>\n\t\t\t\t\t\t\t\t\t\t\t\t\t\t\t<\/div>\n\t\t\t\t<\/div>\n\t\t\t\t<div class=\"elementor-element elementor-element-4dd08de elementor-widget elementor-widget-text-editor\" data-id=\"4dd08de\" data-element_type=\"widget\" data-settings=\"{&quot;ekit_we_effect_on&quot;:&quot;none&quot;}\" data-widget_type=\"text-editor.default\">\n\t\t\t\t<div class=\"elementor-widget-container\">\n\t\t\t\t\t\t\t\t\t<p><em><span style=\"font-size: 10pt;\">K\u00fcr\u015fat \u015eendur, Ali Ko\u015far ve M. Pinar Meng\u00fc\u00e7<\/span><\/em><br \/><em><span style=\"font-size: 10pt;\">EP2764763A4 NANOPLASMONIC DEVICE WITH NANOSCALE COOLING<\/span><\/em><br \/><em><span style=\"font-size: 10pt;\">Patented in EU, South Korea, Singapore and Japan<\/span><\/em><\/p>\t\t\t\t\t\t\t\t<\/div>\n\t\t\t\t<\/div>\n\t\t\t\t<div class=\"elementor-element elementor-element-36d55c2 elementor-widget elementor-widget-image\" data-id=\"36d55c2\" data-element_type=\"widget\" data-settings=\"{&quot;ekit_we_effect_on&quot;:&quot;none&quot;}\" data-widget_type=\"image.default\">\n\t\t\t\t<div class=\"elementor-widget-container\">\n\t\t\t\t\t\t\t\t\t\t\t\t\t\t\t\t<a href=\"https:\/\/ozuecem.net\/wp-content\/uploads\/2022\/01\/ECEM2009-2021_V26.jpg\" data-elementor-open-lightbox=\"yes\" data-elementor-lightbox-title=\"ECEM2009-2021_V26\" data-e-action-hash=\"#elementor-action%3Aaction%3Dlightbox%26settings%3DeyJpZCI6NjQzMCwidXJsIjoiaHR0cHM6XC9cL296dWVjZW0ubmV0XC93cC1jb250ZW50XC91cGxvYWRzXC8yMDIyXC8wMVwvRUNFTTIwMDktMjAyMV9WMjYuanBnIn0%3D\">\n\t\t\t\t\t\t\t<img decoding=\"async\" width=\"860\" height=\"500\" src=\"https:\/\/ozuecem.net\/wp-content\/uploads\/2022\/01\/ECEM2009-2021_V26.jpg\" class=\"attachment-large size-large wp-image-6430\" alt=\"\" srcset=\"https:\/\/ozuecem.net\/wp-content\/uploads\/2022\/01\/ECEM2009-2021_V26.jpg 860w, https:\/\/ozuecem.net\/wp-content\/uploads\/2022\/01\/ECEM2009-2021_V26-768x447.jpg 768w\" sizes=\"(max-width: 860px) 100vw, 860px\" \/>\t\t\t\t\t\t\t\t<\/a>\n\t\t\t\t\t\t\t\t\t\t\t\t\t\t\t<\/div>\n\t\t\t\t<\/div>\n\t\t\t\t<div class=\"elementor-element elementor-element-f4eda85 elementor-widget elementor-widget-text-editor\" data-id=\"f4eda85\" data-element_type=\"widget\" data-settings=\"{&quot;ekit_we_effect_on&quot;:&quot;none&quot;}\" data-widget_type=\"text-editor.default\">\n\t\t\t\t<div class=\"elementor-widget-container\">\n\t\t\t\t\t\t\t\t\t<em><span style=\"font-size: 10pt;\">Ali Ko\u015far, K\u00fcr\u015fat \u015eendur ve M. Pinar Meng\u00fc\u00e7,<\/span><\/em>\n<em><span style=\"font-size: 10pt;\">EP3365627A1 FLOW SYSTEM FOR AVOIDING PARTICLE AGGLOMERATION<\/span><\/em>\n<em><span style=\"font-size: 10pt;\">Patented in USA, EU and Japan. It is a rare and prestigious triadic patent.<\/span><\/em>\t\t\t\t\t\t\t\t<\/div>\n\t\t\t\t<\/div>\n\t\t\t\t\t<\/div>\n\t\t<\/div>\n\t\t\t\t\t<\/div>\n\t\t<\/section>\n\t\t\t\t<\/div>\n\t\t","protected":false},"excerpt":{"rendered":"<p>Istanbul Collaborative (IC) is an adhoc research initiative, or thinktank, that emerged with the active contributions of M. P\u0131nar Mengu\u0308c\u0327 from O\u0308zyeg\u0306in University, and Ku\u0308rs\u0327at S\u0327endur and Ali Kos\u0327ar from Sabanc\u0131 University, in early 2009. The main motivation of this initiative has been to explore the problems related to micro and nanoscale heat transfer and [&hellip;]<\/p>\n","protected":false},"author":1,"featured_media":0,"parent":7005,"menu_order":0,"comment_status":"closed","ping_status":"closed","template":"template\/full-width-template.php","meta":{"footnotes":""},"class_list":["post-7008","page","type-page","status-publish","hentry"],"_links":{"self":[{"href":"https:\/\/ozuecem.net\/en\/wp-json\/wp\/v2\/pages\/7008","targetHints":{"allow":["GET"]}}],"collection":[{"href":"https:\/\/ozuecem.net\/en\/wp-json\/wp\/v2\/pages"}],"about":[{"href":"https:\/\/ozuecem.net\/en\/wp-json\/wp\/v2\/types\/page"}],"author":[{"embeddable":true,"href":"https:\/\/ozuecem.net\/en\/wp-json\/wp\/v2\/users\/1"}],"replies":[{"embeddable":true,"href":"https:\/\/ozuecem.net\/en\/wp-json\/wp\/v2\/comments?post=7008"}],"version-history":[{"count":9,"href":"https:\/\/ozuecem.net\/en\/wp-json\/wp\/v2\/pages\/7008\/revisions"}],"predecessor-version":[{"id":11110,"href":"https:\/\/ozuecem.net\/en\/wp-json\/wp\/v2\/pages\/7008\/revisions\/11110"}],"up":[{"embeddable":true,"href":"https:\/\/ozuecem.net\/en\/wp-json\/wp\/v2\/pages\/7005"}],"wp:attachment":[{"href":"https:\/\/ozuecem.net\/en\/wp-json\/wp\/v2\/media?parent=7008"}],"curies":[{"name":"wp","href":"https:\/\/api.w.org\/{rel}","templated":true}]}}