{"id":7018,"date":"2022-02-04T14:40:10","date_gmt":"2022-02-04T14:40:10","guid":{"rendered":"https:\/\/ozuecem.net\/beyond-ceee\/entegre-mimarlik-ve-muhendislik-calismalari\/"},"modified":"2025-09-29T17:01:10","modified_gmt":"2025-09-29T17:01:10","slug":"integration-of-engineering-and-architecture","status":"publish","type":"page","link":"https:\/\/ozuecem.net\/en\/beyond-ceee\/integration-of-engineering-and-architecture\/","title":{"rendered":"Integration Of Engineering And Architecture"},"content":{"rendered":"\t\t<div data-elementor-type=\"wp-page\" data-elementor-id=\"7018\" class=\"elementor elementor-7018 elementor-5556\" data-elementor-post-type=\"page\">\n\t\t\t\t\t\t<section class=\"elementor-section elementor-top-section elementor-element elementor-element-147308c elementor-section-boxed elementor-section-height-default elementor-section-height-default\" data-id=\"147308c\" data-element_type=\"section\">\n\t\t\t\t\t\t<div class=\"elementor-container elementor-column-gap-default\">\n\t\t\t\t\t<div class=\"elementor-column elementor-col-100 elementor-top-column elementor-element elementor-element-750892b\" data-id=\"750892b\" data-element_type=\"column\">\n\t\t\t<div class=\"elementor-widget-wrap elementor-element-populated\">\n\t\t\t\t\t\t<section class=\"elementor-section elementor-inner-section elementor-element elementor-element-eb7c005 elementor-section-boxed elementor-section-height-default elementor-section-height-default\" data-id=\"eb7c005\" data-element_type=\"section\">\n\t\t\t\t\t\t<div class=\"elementor-container elementor-column-gap-default\">\n\t\t\t\t\t<div class=\"elementor-column elementor-col-50 elementor-inner-column elementor-element elementor-element-c5550fa\" data-id=\"c5550fa\" data-element_type=\"column\">\n\t\t\t<div class=\"elementor-widget-wrap elementor-element-populated\">\n\t\t\t\t\t\t<div class=\"elementor-element elementor-element-6b6e4ee elementor-widget elementor-widget-text-editor\" data-id=\"6b6e4ee\" data-element_type=\"widget\" data-settings=\"{&quot;ekit_we_effect_on&quot;:&quot;none&quot;}\" data-widget_type=\"text-editor.default\">\n\t\t\t\t<div class=\"elementor-widget-container\">\n\t\t\t\t\t\t\t\t\t<p>CEEE held an International Engineering &amp; Architecture Workshop for sustainable green buildings in Istanbul between 16-19 May 2011. The Workshop was organized jointly with the University of IllinoisUrbana Champaign (USA) and O\u0308zyeg\u0306in University . It was sponsored by the US National Science Foundation (NSF) and the Turkish Science and Technology Council (TU\u0308BI\u0307TAK). The opening speeches of the Workshop were made by Prof. Erhan Erkut Ozyeg\u0306in University former rector, Prof. Erhan Erkut, Prof. Omnia ElHakim from NSF and Prof. M. P\u0131nar Mengu\u0308c\u0327. Later, policies and practices regarding sustainable buildings were discussed in 6 different sessions by speakers including architects, engineers, city developers, building contractors, and those representing academia, businesses and NGOs.\u00a0<\/p>\t\t\t\t\t\t\t\t<\/div>\n\t\t\t\t<\/div>\n\t\t\t\t\t<\/div>\n\t\t<\/div>\n\t\t\t\t<div class=\"elementor-column elementor-col-50 elementor-inner-column elementor-element elementor-element-1f827a2\" data-id=\"1f827a2\" data-element_type=\"column\">\n\t\t\t<div class=\"elementor-widget-wrap elementor-element-populated\">\n\t\t\t\t\t\t<div class=\"elementor-element elementor-element-a4a23f1 elementor-widget elementor-widget-text-editor\" data-id=\"a4a23f1\" data-element_type=\"widget\" data-settings=\"{&quot;ekit_we_effect_on&quot;:&quot;none&quot;}\" data-widget_type=\"text-editor.default\">\n\t\t\t\t<div class=\"elementor-widget-container\">\n\t\t\t\t\t\t\t\t\t<p>Representatives of important research groups from Turkey, USA, Italy, Canada and UK attended the workshop. Universities such as Georgia Institute of Technology, University of Kentucky, MIT, Southern Illinois University, Michigan State University, University of Nevada, Eastern Mediterranean University, Politecnico di Milano, Bog\u0306azic\u0327i University, Y\u0131ld\u0131z Technical University and California State University as well as representatives from major engineering and architecture firms such as Perkins+Will, Adrian Smith+Gordon Gill, IBM, Paragon International Insurance Brokers, Grontmij, Izocam, Thornton Tomasetti and Avci Architects participated in the workshop. Important international and local or ganizations including the US Green Building Council, C\u0327EDBIK, UNDP, REC, IBM, ULI, Embarq and UIN also contributed to the Workshop.<\/p>\t\t\t\t\t\t\t\t<\/div>\n\t\t\t\t<\/div>\n\t\t\t\t\t<\/div>\n\t\t<\/div>\n\t\t\t\t\t<\/div>\n\t\t<\/section>\n\t\t\t\t<div class=\"elementor-element elementor-element-9354d66 elementor-widget elementor-widget-image\" data-id=\"9354d66\" data-element_type=\"widget\" data-settings=\"{&quot;ekit_we_effect_on&quot;:&quot;none&quot;}\" data-widget_type=\"image.default\">\n\t\t\t\t<div class=\"elementor-widget-container\">\n\t\t\t\t\t\t\t\t\t\t\t\t\t\t\t<img fetchpriority=\"high\" decoding=\"async\" width=\"1146\" height=\"511\" src=\"https:\/\/ozuecem.net\/wp-content\/uploads\/2022\/02\/entegremimarlik.jpg\" class=\"attachment-full size-full wp-image-6491\" alt=\"\" srcset=\"https:\/\/ozuecem.net\/wp-content\/uploads\/2022\/02\/entegremimarlik.jpg 1146w, https:\/\/ozuecem.net\/wp-content\/uploads\/2022\/02\/entegremimarlik-768x342.jpg 768w\" sizes=\"(max-width: 1146px) 100vw, 1146px\" \/>\t\t\t\t\t\t\t\t\t\t\t\t\t\t\t<\/div>\n\t\t\t\t<\/div>\n\t\t\t\t<div class=\"elementor-element elementor-element-6c1efc8 elementor-widget-divider--view-line_icon elementor-view-default elementor-widget-divider--element-align-center elementor-widget elementor-widget-divider\" data-id=\"6c1efc8\" data-element_type=\"widget\" data-settings=\"{&quot;ekit_we_effect_on&quot;:&quot;none&quot;}\" data-widget_type=\"divider.default\">\n\t\t\t\t<div class=\"elementor-widget-container\">\n\t\t\t\t\t\t\t<div class=\"elementor-divider\">\n\t\t\t<span class=\"elementor-divider-separator\">\n\t\t\t\t\t\t\t<div class=\"elementor-icon elementor-divider__element\">\n\t\t\t\t\t<i aria-hidden=\"true\" class=\"icon icon-down-arrow1\"><\/i><\/div>\n\t\t\t\t\t\t<\/span>\n\t\t<\/div>\n\t\t\t\t\t\t<\/div>\n\t\t\t\t<\/div>\n\t\t\t\t\t<\/div>\n\t\t<\/div>\n\t\t\t\t\t<\/div>\n\t\t<\/section>\n\t\t\t\t<section class=\"elementor-section elementor-top-section elementor-element elementor-element-71619f0 elementor-section-boxed elementor-section-height-default elementor-section-height-default\" data-id=\"71619f0\" data-element_type=\"section\">\n\t\t\t\t\t\t<div class=\"elementor-container elementor-column-gap-default\">\n\t\t\t\t\t<div class=\"elementor-column elementor-col-50 elementor-top-column elementor-element elementor-element-f988e60\" data-id=\"f988e60\" data-element_type=\"column\">\n\t\t\t<div class=\"elementor-widget-wrap elementor-element-populated\">\n\t\t\t\t\t\t<div class=\"elementor-element elementor-element-d231f78 elementor-widget elementor-widget-text-editor\" data-id=\"d231f78\" data-element_type=\"widget\" data-settings=\"{&quot;ekit_we_effect_on&quot;:&quot;none&quot;}\" data-widget_type=\"text-editor.default\">\n\t\t\t\t<div class=\"elementor-widget-container\">\n\t\t\t\t\t\t\t\t\t<p>There were a number of topics discussed in the workshop regarding sustainable building design practices. The titles of these studies were; (1) improving methods of verifying performance in sustainable buildings; (2) improving methods of evaluating building performance to increase motivation to build sustainable buildings; (3) raising awareness on renovating the existing buildings rather than demolishing old buildings and building new ones; (4) emphasis on project organization and engineering; (5) creation of integra ted modeling tools; (6) improving the adherence of buildings to their \u201chabitats\u201d so that they can contribute to their communities; (7) developing mechanisms to increase communication between managers, educators and professionals; (8) material selection criteria; (9) development of educational processes that encourage interaction of different disciplines at both undergraduate and graduate levels.<\/p>\t\t\t\t\t\t\t\t<\/div>\n\t\t\t\t<\/div>\n\t\t\t\t\t<\/div>\n\t\t<\/div>\n\t\t\t\t<div class=\"elementor-column elementor-col-50 elementor-top-column elementor-element elementor-element-7e6a163\" data-id=\"7e6a163\" data-element_type=\"column\">\n\t\t\t<div class=\"elementor-widget-wrap elementor-element-populated\">\n\t\t\t\t\t\t<div class=\"elementor-element elementor-element-6ef5d17 elementor-widget elementor-widget-text-editor\" data-id=\"6ef5d17\" data-element_type=\"widget\" data-settings=\"{&quot;ekit_we_effect_on&quot;:&quot;none&quot;}\" data-widget_type=\"text-editor.default\">\n\t\t\t\t<div class=\"elementor-widget-container\">\n\t\t\t\t\t\t\t\t\t<p>After discussing these issues for a week, three action items emerged to enhance the ongoing interaction of participants: (1) developing concrete methods for better exchange of information between stakeholder communities; (2) to develop a plan to promote sustainable design while meeting future housing needs in global communities; and (3) to develop collaborative international partnerships to improve understanding between academic and professional practices.<\/p><p>\u00a0<\/p><p>This week long workshop organized by CEEE, one year after the Zero Istanbul 2050 Workshop, has started extensive discussions in Turkey fort he value of the integrated architecture engineering social sciences initiatives, which resulted in the later transdisciplinary initiatives carried out by CEEE. In addition, energy efficiency was emphasized as the most pressing concept to be considered for future buildings.<\/p>\t\t\t\t\t\t\t\t<\/div>\n\t\t\t\t<\/div>\n\t\t\t\t\t<\/div>\n\t\t<\/div>\n\t\t\t\t\t<\/div>\n\t\t<\/section>\n\t\t\t\t<section class=\"elementor-section elementor-top-section elementor-element elementor-element-284c025 elementor-section-boxed elementor-section-height-default elementor-section-height-default\" data-id=\"284c025\" data-element_type=\"section\">\n\t\t\t\t\t\t<div class=\"elementor-container elementor-column-gap-default\">\n\t\t\t\t\t<div class=\"elementor-column elementor-col-100 elementor-top-column elementor-element elementor-element-2ae7249\" data-id=\"2ae7249\" data-element_type=\"column\">\n\t\t\t<div class=\"elementor-widget-wrap elementor-element-populated\">\n\t\t\t\t\t\t<div class=\"elementor-element elementor-element-bde7ec4 elementor-widget-divider--view-line_icon elementor-view-default elementor-widget-divider--element-align-center elementor-widget elementor-widget-divider\" data-id=\"bde7ec4\" data-element_type=\"widget\" data-settings=\"{&quot;ekit_we_effect_on&quot;:&quot;none&quot;}\" data-widget_type=\"divider.default\">\n\t\t\t\t<div class=\"elementor-widget-container\">\n\t\t\t\t\t\t\t<div class=\"elementor-divider\">\n\t\t\t<span class=\"elementor-divider-separator\">\n\t\t\t\t\t\t\t<div class=\"elementor-icon elementor-divider__element\">\n\t\t\t\t\t<i aria-hidden=\"true\" class=\"icon icon-down-arrow1\"><\/i><\/div>\n\t\t\t\t\t\t<\/span>\n\t\t<\/div>\n\t\t\t\t\t\t<\/div>\n\t\t\t\t<\/div>\n\t\t\t\t\t<\/div>\n\t\t<\/div>\n\t\t\t\t\t<\/div>\n\t\t<\/section>\n\t\t\t\t<section class=\"elementor-section elementor-top-section elementor-element elementor-element-cb117ab elementor-section-boxed elementor-section-height-default elementor-section-height-default\" data-id=\"cb117ab\" data-element_type=\"section\">\n\t\t\t\t\t\t<div class=\"elementor-container elementor-column-gap-default\">\n\t\t\t\t\t<div class=\"elementor-column elementor-col-50 elementor-top-column elementor-element elementor-element-72f217c\" data-id=\"72f217c\" data-element_type=\"column\">\n\t\t\t<div class=\"elementor-widget-wrap elementor-element-populated\">\n\t\t\t\t\t\t<div class=\"elementor-element elementor-element-d96d91b elementor-widget elementor-widget-heading\" data-id=\"d96d91b\" data-element_type=\"widget\" data-settings=\"{&quot;ekit_we_effect_on&quot;:&quot;none&quot;}\" data-widget_type=\"heading.default\">\n\t\t\t\t<div class=\"elementor-widget-container\">\n\t\t\t\t\t<h2 class=\"elementor-heading-title elementor-size-default\">SUSTAINABILITY IN BUILDINGS: FACTS AND FIGURES<\/h2>\t\t\t\t<\/div>\n\t\t\t\t<\/div>\n\t\t\t\t<div class=\"elementor-element elementor-element-ffb6321 elementor-widget elementor-widget-text-editor\" data-id=\"ffb6321\" data-element_type=\"widget\" data-settings=\"{&quot;ekit_we_effect_on&quot;:&quot;none&quot;}\" data-widget_type=\"text-editor.default\">\n\t\t\t\t<div class=\"elementor-widget-container\">\n\t\t\t\t\t\t\t\t\t<p>\u2022 Lisa SHPRITZ (United States Green Buildings Council) What We Know and Why it Matters: How Green Building is the First Best Option for Combating Climate Change, and a Whole Lot More<br \/>\u2022 Haluk SUR (Urban Land Institute) Restructuring the Housing Market for a Sustainable Future: Demographic and Economic Challenges &amp; Opportunities<br \/>\u2022 Rachel MICHELIN (Thornton Tomasetti, Inc.) Sustainable Design Principles for Renovation of the Exterior Envelope of Existing Buildings<br \/>\u2022 Prof. Derya OKTAY (Eastern Mediterranean University) Sustainable Urbanism and Architecture: A Holistic Framework<br \/>\u2022 Dr. P\u0131nar \u00d6ZUYAR (\u00d6zyegin University) Sustainable Buildings in the Context of Global Goals and Ratings<\/p>\t\t\t\t\t\t\t\t<\/div>\n\t\t\t\t<\/div>\n\t\t\t\t\t<\/div>\n\t\t<\/div>\n\t\t\t\t<div class=\"elementor-column elementor-col-50 elementor-top-column elementor-element elementor-element-5d4663a\" data-id=\"5d4663a\" data-element_type=\"column\">\n\t\t\t<div class=\"elementor-widget-wrap elementor-element-populated\">\n\t\t\t\t\t\t<div class=\"elementor-element elementor-element-71ebc03 elementor-widget elementor-widget-heading\" data-id=\"71ebc03\" data-element_type=\"widget\" data-settings=\"{&quot;ekit_we_effect_on&quot;:&quot;none&quot;}\" data-widget_type=\"heading.default\">\n\t\t\t\t<div class=\"elementor-widget-container\">\n\t\t\t\t\t<h2 class=\"elementor-heading-title elementor-size-default\">SUSTAINABILITY THROUGH INTEGRATED DESIGN, CONSTRUCTION AND OPERATION OF BUILDINGS - 1<\/h2>\t\t\t\t<\/div>\n\t\t\t\t<\/div>\n\t\t\t\t<div class=\"elementor-element elementor-element-410cd7c elementor-widget elementor-widget-text-editor\" data-id=\"410cd7c\" data-element_type=\"widget\" data-settings=\"{&quot;ekit_we_effect_on&quot;:&quot;none&quot;}\" data-widget_type=\"text-editor.default\">\n\t\t\t\t<div class=\"elementor-widget-container\">\n\t\t\t\t\t\t\t\t\t<p>Markus LEHTO (Avc\u0131 Architects) Constructing the Right Mental Framework to Realize Broad Spectrum Sustainability<br \/>\u2022 Assoc. Prof. Abbas AMINMANSOUR (University of Illinois) Sustainable Design and Construction of Tall Buildings<br \/>\u2022 Assoc. Prof. Deborah OAKLEY (University of Nevada, Las Vegas) Biomimicry as a Strategy in Sustainable Architectural Design Education<br \/>\u2022 Assist. Prof. Sinem KORKMAZ (Michigan State University) The Delivery Process\/Practices of Sustainable Buildings<br \/>\u2022 Dr. Ajla AKSAMIJA (Perkins+Will) Building Simulations and Sustainability in Architectural Practice: Use of BIM for Integrated Design and Analysis<br \/>\u2022 Ahmet I\u011eDIRLIGIL (Sans Architectural Office) Traditional Use of Materials in Buildings<\/p>\t\t\t\t\t\t\t\t<\/div>\n\t\t\t\t<\/div>\n\t\t\t\t\t<\/div>\n\t\t<\/div>\n\t\t\t\t\t<\/div>\n\t\t<\/section>\n\t\t\t\t<section class=\"elementor-section elementor-top-section elementor-element elementor-element-3ce9d64 elementor-section-boxed elementor-section-height-default elementor-section-height-default\" data-id=\"3ce9d64\" data-element_type=\"section\">\n\t\t\t\t\t\t<div class=\"elementor-container elementor-column-gap-default\">\n\t\t\t\t\t<div class=\"elementor-column elementor-col-50 elementor-top-column elementor-element elementor-element-910e504\" data-id=\"910e504\" data-element_type=\"column\">\n\t\t\t<div class=\"elementor-widget-wrap elementor-element-populated\">\n\t\t\t\t\t\t<div class=\"elementor-element elementor-element-2dbf490 elementor-widget elementor-widget-heading\" data-id=\"2dbf490\" data-element_type=\"widget\" data-settings=\"{&quot;ekit_we_effect_on&quot;:&quot;none&quot;}\" data-widget_type=\"heading.default\">\n\t\t\t\t<div class=\"elementor-widget-container\">\n\t\t\t\t\t<h2 class=\"elementor-heading-title elementor-size-default\">SUSTAINABLE ENERGY FOR BUILDINGS FOR BUILDINGS<\/h2>\t\t\t\t<\/div>\n\t\t\t\t<\/div>\n\t\t\t\t<div class=\"elementor-element elementor-element-04dd557 elementor-widget elementor-widget-text-editor\" data-id=\"04dd557\" data-element_type=\"widget\" data-settings=\"{&quot;ekit_we_effect_on&quot;:&quot;none&quot;}\" data-widget_type=\"text-editor.default\">\n\t\t\t\t<div class=\"elementor-widget-container\">\n\t\t\t\t\t\t\t\t\t<p>\u2022 Prof. Donald COLLIVER (University of Kentucky) Sustainability and Energy Issues Relating to the Built Environment<br \/>\u2022 Gail BORTHWICK (Adrian Smith + Gordon Gill Architecture) Decarbonisation of Our Central Cites, Pilot: Chicago<br \/>\u2022 Prof. Angus ROCKETT (University of Illinois) Building-Integrated Renewable Energy Generation<br \/>\u2022 Prof. M. P\u0131nar MENG\u00dc\u00c7 (\u00d6zyegin University) Innovative and Sustainable Energy Applications<br \/>\u2022 Assoc. Prof. Nilg\u00fcn KIRAN CILIZ (Bogazi\u00e7i University) Energy Conservation Applications for Sustainable Production and Consumption<br \/>\u2022 Prof. Nil\u00fcfer E\u011eRICAN (SUNTEK International) Application of Heat Pumps for Buildings<br \/>\u2022 Dr. Kemal BAYRAKTAR (IZOCAM) Energy Efficiency in Buildings Towards Sustainability<\/p>\t\t\t\t\t\t\t\t<\/div>\n\t\t\t\t<\/div>\n\t\t\t\t\t<\/div>\n\t\t<\/div>\n\t\t\t\t<div class=\"elementor-column elementor-col-50 elementor-top-column elementor-element elementor-element-cb9b99c\" data-id=\"cb9b99c\" data-element_type=\"column\">\n\t\t\t<div class=\"elementor-widget-wrap elementor-element-populated\">\n\t\t\t\t\t\t<div class=\"elementor-element elementor-element-e000925 elementor-widget elementor-widget-heading\" data-id=\"e000925\" data-element_type=\"widget\" data-settings=\"{&quot;ekit_we_effect_on&quot;:&quot;none&quot;}\" data-widget_type=\"heading.default\">\n\t\t\t\t<div class=\"elementor-widget-container\">\n\t\t\t\t\t<h2 class=\"elementor-heading-title elementor-size-default\">SUSTAINABILITY THROUGH INTEGRATED DESIGN, CONSTRUCTION AND OPERATION OF BUILDINGS - 2<\/h2>\t\t\t\t<\/div>\n\t\t\t\t<\/div>\n\t\t\t\t<div class=\"elementor-element elementor-element-d8dd3fe elementor-widget elementor-widget-text-editor\" data-id=\"d8dd3fe\" data-element_type=\"widget\" data-settings=\"{&quot;ekit_we_effect_on&quot;:&quot;none&quot;}\" data-widget_type=\"text-editor.default\">\n\t\t\t\t<div class=\"elementor-widget-container\">\n\t\t\t\t\t\t\t\t\t<p>\u2022 Assoc. Prof. Mary Lynn REALFF (Georgia Institute of Technology) Carpet Lifecycle Phases: From Material Selection to Recycled Products<br \/>\u2022 Dr. Tamer ATABARUT (Bogazi\u00e7i University) Water Efficiency for Sustainable Buildings<br \/>\u2022 Assist. Prof. Serdar \u00c7ELIK (Southern Illinois University) Green Roofs for Sustainable Buildings<br \/>\u2022 Kirsten Ritchie (Gensler) Integrated Design in the Global Context<br \/>\u2022 Sibel B\u00dcLAY (Embarq) Transportation as a Part of Sustainable Cities and Regions<br \/>\u2022 Assist. Prof. Giuliana IANNACCONE (Politecnico di Milano) Innovative Technologies for Smart-Eco Buildings in EU<br \/>\u2022 Assoc. Prof. Birg\u00fcl \u00c7OLAKOGLU (Y\u0131ld\u0131z Technical University) Integrated System Design in Architecture: Green and Transformable Buildings<\/p>\t\t\t\t\t\t\t\t<\/div>\n\t\t\t\t<\/div>\n\t\t\t\t\t<\/div>\n\t\t<\/div>\n\t\t\t\t\t<\/div>\n\t\t<\/section>\n\t\t\t\t<section class=\"elementor-section elementor-top-section elementor-element elementor-element-a4c296d elementor-section-boxed elementor-section-height-default elementor-section-height-default\" data-id=\"a4c296d\" data-element_type=\"section\">\n\t\t\t\t\t\t<div class=\"elementor-container elementor-column-gap-default\">\n\t\t\t\t\t<div class=\"elementor-column elementor-col-50 elementor-top-column elementor-element elementor-element-2510314\" data-id=\"2510314\" data-element_type=\"column\">\n\t\t\t<div class=\"elementor-widget-wrap elementor-element-populated\">\n\t\t\t\t\t\t<div class=\"elementor-element elementor-element-eafb707 elementor-widget elementor-widget-heading\" data-id=\"eafb707\" data-element_type=\"widget\" data-settings=\"{&quot;ekit_we_effect_on&quot;:&quot;none&quot;}\" data-widget_type=\"heading.default\">\n\t\t\t\t<div class=\"elementor-widget-container\">\n\t\t\t\t\t<h2 class=\"elementor-heading-title elementor-size-default\">International Engineering &amp; Architecture Workshop for Sustainable Green Buildings<\/h2>\t\t\t\t<\/div>\n\t\t\t\t<\/div>\n\t\t\t\t<div class=\"elementor-element elementor-element-fbb98b0 elementor-widget elementor-widget-text-editor\" data-id=\"fbb98b0\" data-element_type=\"widget\" data-settings=\"{&quot;ekit_we_effect_on&quot;:&quot;none&quot;}\" data-widget_type=\"text-editor.default\">\n\t\t\t\t<div class=\"elementor-widget-container\">\n\t\t\t\t\t\t\t\t\t<p><a href=\"https:\/\/acrobat.adobe.com\/link\/review?uri=urn:aaid:scds:US:bf6c7b51-6d13-30f5-8547-aa86682b0085\" target=\"_blank\" rel=\"noopener\">See PDF<\/a><\/p>\t\t\t\t\t\t\t\t<\/div>\n\t\t\t\t<\/div>\n\t\t\t\t\t<\/div>\n\t\t<\/div>\n\t\t\t\t<div class=\"elementor-column elementor-col-50 elementor-top-column elementor-element elementor-element-1fe0c7f\" data-id=\"1fe0c7f\" data-element_type=\"column\">\n\t\t\t<div class=\"elementor-widget-wrap\">\n\t\t\t\t\t\t\t<\/div>\n\t\t<\/div>\n\t\t\t\t\t<\/div>\n\t\t<\/section>\n\t\t\t\t<\/div>\n\t\t","protected":false},"excerpt":{"rendered":"<p>CEEE held an International Engineering &amp; Architecture Workshop for sustainable green buildings in Istanbul between 16-19 May 2011. The Workshop was organized jointly with the University of IllinoisUrbana Champaign (USA) and O\u0308zyeg\u0306in University . It was sponsored by the US National Science Foundation (NSF) and the Turkish Science and Technology Council (TU\u0308BI\u0307TAK). The opening speeches [&hellip;]<\/p>\n","protected":false},"author":1,"featured_media":0,"parent":7005,"menu_order":0,"comment_status":"closed","ping_status":"closed","template":"template\/full-width-template.php","meta":{"footnotes":""},"class_list":["post-7018","page","type-page","status-publish","hentry"],"_links":{"self":[{"href":"https:\/\/ozuecem.net\/en\/wp-json\/wp\/v2\/pages\/7018","targetHints":{"allow":["GET"]}}],"collection":[{"href":"https:\/\/ozuecem.net\/en\/wp-json\/wp\/v2\/pages"}],"about":[{"href":"https:\/\/ozuecem.net\/en\/wp-json\/wp\/v2\/types\/page"}],"author":[{"embeddable":true,"href":"https:\/\/ozuecem.net\/en\/wp-json\/wp\/v2\/users\/1"}],"replies":[{"embeddable":true,"href":"https:\/\/ozuecem.net\/en\/wp-json\/wp\/v2\/comments?post=7018"}],"version-history":[{"count":6,"href":"https:\/\/ozuecem.net\/en\/wp-json\/wp\/v2\/pages\/7018\/revisions"}],"predecessor-version":[{"id":11127,"href":"https:\/\/ozuecem.net\/en\/wp-json\/wp\/v2\/pages\/7018\/revisions\/11127"}],"up":[{"embeddable":true,"href":"https:\/\/ozuecem.net\/en\/wp-json\/wp\/v2\/pages\/7005"}],"wp:attachment":[{"href":"https:\/\/ozuecem.net\/en\/wp-json\/wp\/v2\/media?parent=7018"}],"curies":[{"name":"wp","href":"https:\/\/api.w.org\/{rel}","templated":true}]}}