{"id":7034,"date":"2022-02-04T15:33:40","date_gmt":"2022-02-04T15:33:40","guid":{"rendered":"https:\/\/ozuecem.net\/beyond-ceee\/yaklas-2018\/"},"modified":"2025-09-29T17:08:53","modified_gmt":"2025-09-29T17:08:53","slug":"yaklas18","status":"publish","type":"page","link":"https:\/\/ozuecem.net\/en\/beyond-ceee\/yaklas18\/","title":{"rendered":"Yakla\u015f&#8217;18"},"content":{"rendered":"\t\t<div data-elementor-type=\"wp-page\" data-elementor-id=\"7034\" class=\"elementor elementor-7034 elementor-5589\" data-elementor-post-type=\"page\">\n\t\t\t\t\t\t<section class=\"elementor-section elementor-top-section elementor-element elementor-element-5317c8a elementor-section-boxed elementor-section-height-default elementor-section-height-default\" data-id=\"5317c8a\" data-element_type=\"section\">\n\t\t\t\t\t\t<div class=\"elementor-container elementor-column-gap-default\">\n\t\t\t\t\t<div class=\"elementor-column elementor-col-50 elementor-top-column elementor-element elementor-element-d96a7ec\" data-id=\"d96a7ec\" data-element_type=\"column\">\n\t\t\t<div class=\"elementor-widget-wrap elementor-element-populated\">\n\t\t\t\t\t\t<div class=\"elementor-element elementor-element-8974b34 elementor-widget elementor-widget-text-editor\" data-id=\"8974b34\" data-element_type=\"widget\" data-settings=\"{&quot;ekit_we_effect_on&quot;:&quot;none&quot;}\" data-widget_type=\"text-editor.default\">\n\t\t\t\t<div class=\"elementor-widget-container\">\n\t\t\t\t\t\t\t\t\t<p>YAKLAS\u0327\u20192018 event was a reflection of CEEE works to transdisciplinary studies. The TTT team included M. P\u0131nar Mengu\u0308c\u0327, O\u0308zlem Bahad\u0131r Karaog\u0306lu, Go\u0308kc\u0327e Ersel O\u0308tku\u0308n and Dilek Sayg\u0131, and focused on four themes: \u201cThinking inside and outside the box,\u201d \u201cPerformance,\u201d \u201cImpact,\u201d and \u201cAction!\u201d There were four different panels for each of these themes. The first one, \u201cThinking inside and outside the box,\u201d was directed by Mengu\u0308c\u0327 and included the discussions by Alpay Er, O\u0308zge Samanc\u0131, Deniz Sert and Selenga Gu\u0308rmen. Tanju Erdem, Alper U\u0308nlu\u0308 and O\u0308zlem O\u0308zkal discussed the \u201cPerformance\u201d which was moderated by O\u0308zlem Bahad\u0131r Karaog\u0306lu. During the \u201cImpact\u201d session, \u00d6zye\u011fin University former rector Esra Gen\u00e7t\u00fcrk, Eskis\u0327ehir Metropolitan Municipality Mayor Y\u0131lmaz Bu\u0308yu\u0308kers\u0327en and CEEE Director M. P\u0131nar Mengu\u0308c\u0327 discussed what can be done for the society.<\/p>\t\t\t\t\t\t\t\t<\/div>\n\t\t\t\t<\/div>\n\t\t\t\t\t<\/div>\n\t\t<\/div>\n\t\t\t\t<div class=\"elementor-column elementor-col-50 elementor-top-column elementor-element elementor-element-046c2f1\" data-id=\"046c2f1\" data-element_type=\"column\">\n\t\t\t<div class=\"elementor-widget-wrap elementor-element-populated\">\n\t\t\t\t\t\t<div class=\"elementor-element elementor-element-62b2788 elementor-widget elementor-widget-text-editor\" data-id=\"62b2788\" data-element_type=\"widget\" data-settings=\"{&quot;ekit_we_effect_on&quot;:&quot;none&quot;}\" data-widget_type=\"text-editor.default\">\n\t\t\t\t<div class=\"elementor-widget-container\">\n\t\t\t\t\t\t\t\t\t<p>Finally, the \u201cAction!\u201d was moderated by Go\u0308kc\u0327e Ersel O\u0308tku\u0308n, and included O\u0308zlem Yener C\u0327akmut, U\u0308mit O\u0308zlale and Gu\u0308ray Erkol. The most important skill of the 21st century is the ability to work as teams and collaboratively with people from different backgrounds and with different skills.\u00a0 With this in mind, the second day of YAKLAS\u0327\u20192018 event focused on 11 topics with the participation of the 3rd and the 4th year undergraduate students from different disciplines. In these Workshops, mixed disciplinary teams tackled different problems with facilitators, carried out brainstorming sessions and developed a collective strategy. O\u0308zyeg\u0306in University faculty members facilitated the workshops and students from 18 different departments, from law to gastronomy, aviation management and economics, took place in the discussions.<\/p>\t\t\t\t\t\t\t\t<\/div>\n\t\t\t\t<\/div>\n\t\t\t\t\t<\/div>\n\t\t<\/div>\n\t\t\t\t\t<\/div>\n\t\t<\/section>\n\t\t\t\t<section class=\"elementor-section elementor-top-section elementor-element elementor-element-3f570db elementor-section-boxed elementor-section-height-default elementor-section-height-default\" data-id=\"3f570db\" data-element_type=\"section\">\n\t\t\t\t\t\t<div class=\"elementor-container elementor-column-gap-default\">\n\t\t\t\t\t<div class=\"elementor-column elementor-col-50 elementor-top-column elementor-element elementor-element-a54e281\" data-id=\"a54e281\" data-element_type=\"column\">\n\t\t\t<div class=\"elementor-widget-wrap elementor-element-populated\">\n\t\t\t\t\t\t<div class=\"elementor-element elementor-element-011d1f8 elementor-widget elementor-widget-image\" data-id=\"011d1f8\" data-element_type=\"widget\" data-settings=\"{&quot;ekit_we_effect_on&quot;:&quot;none&quot;}\" data-widget_type=\"image.default\">\n\t\t\t\t<div class=\"elementor-widget-container\">\n\t\t\t\t\t\t\t\t\t\t\t\t\t\t\t<img fetchpriority=\"high\" decoding=\"async\" width=\"1890\" height=\"1873\" src=\"https:\/\/ozuecem.net\/wp-content\/uploads\/2022\/02\/yaklas.jpg\" class=\"attachment-large size-large wp-image-6494\" alt=\"\" srcset=\"https:\/\/ozuecem.net\/wp-content\/uploads\/2022\/02\/yaklas.jpg 1890w, https:\/\/ozuecem.net\/wp-content\/uploads\/2022\/02\/yaklas-150x150.jpg 150w, https:\/\/ozuecem.net\/wp-content\/uploads\/2022\/02\/yaklas-768x761.jpg 768w, https:\/\/ozuecem.net\/wp-content\/uploads\/2022\/02\/yaklas-1536x1522.jpg 1536w\" sizes=\"(max-width: 1890px) 100vw, 1890px\" \/>\t\t\t\t\t\t\t\t\t\t\t\t\t\t\t<\/div>\n\t\t\t\t<\/div>\n\t\t\t\t\t<\/div>\n\t\t<\/div>\n\t\t\t\t<div class=\"elementor-column elementor-col-50 elementor-top-column elementor-element elementor-element-aa9c760\" data-id=\"aa9c760\" data-element_type=\"column\">\n\t\t\t<div class=\"elementor-widget-wrap elementor-element-populated\">\n\t\t\t\t\t\t<div class=\"elementor-element elementor-element-06529dc elementor-widget elementor-widget-image\" data-id=\"06529dc\" data-element_type=\"widget\" data-settings=\"{&quot;ekit_we_effect_on&quot;:&quot;none&quot;}\" data-widget_type=\"image.default\">\n\t\t\t\t<div class=\"elementor-widget-container\">\n\t\t\t\t\t\t\t\t\t\t\t\t\t\t\t<img decoding=\"async\" width=\"767\" height=\"409\" src=\"https:\/\/ozuecem.net\/wp-content\/uploads\/2022\/02\/yaklas2.jpg\" class=\"attachment-large size-large wp-image-6495\" alt=\"\" \/>\t\t\t\t\t\t\t\t\t\t\t\t\t\t\t<\/div>\n\t\t\t\t<\/div>\n\t\t\t\t\t<\/div>\n\t\t<\/div>\n\t\t\t\t\t<\/div>\n\t\t<\/section>\n\t\t\t\t<section class=\"elementor-section elementor-top-section elementor-element elementor-element-867df04 elementor-section-boxed elementor-section-height-default elementor-section-height-default\" data-id=\"867df04\" data-element_type=\"section\">\n\t\t\t\t\t\t<div class=\"elementor-container elementor-column-gap-default\">\n\t\t\t\t\t<div class=\"elementor-column elementor-col-25 elementor-top-column elementor-element elementor-element-8049417\" data-id=\"8049417\" data-element_type=\"column\">\n\t\t\t<div class=\"elementor-widget-wrap elementor-element-populated\">\n\t\t\t\t\t\t<div class=\"elementor-element elementor-element-4009208 elementor-widget elementor-widget-image\" data-id=\"4009208\" data-element_type=\"widget\" data-settings=\"{&quot;ekit_we_effect_on&quot;:&quot;none&quot;}\" data-widget_type=\"image.default\">\n\t\t\t\t<div class=\"elementor-widget-container\">\n\t\t\t\t\t\t\t\t\t\t\t\t\t\t\t<img decoding=\"async\" width=\"1440\" height=\"2560\" src=\"https:\/\/ozuecem.net\/wp-content\/uploads\/2022\/02\/04_CERCEVE-DISI-Konusmacilar-scaled.jpg\" class=\"attachment-large size-large wp-image-6496\" alt=\"\" srcset=\"https:\/\/ozuecem.net\/wp-content\/uploads\/2022\/02\/04_CERCEVE-DISI-Konusmacilar-scaled.jpg 1440w, https:\/\/ozuecem.net\/wp-content\/uploads\/2022\/02\/04_CERCEVE-DISI-Konusmacilar-768x1365.jpg 768w, https:\/\/ozuecem.net\/wp-content\/uploads\/2022\/02\/04_CERCEVE-DISI-Konusmacilar-864x1536.jpg 864w, https:\/\/ozuecem.net\/wp-content\/uploads\/2022\/02\/04_CERCEVE-DISI-Konusmacilar-1152x2048.jpg 1152w\" sizes=\"(max-width: 1440px) 100vw, 1440px\" \/>\t\t\t\t\t\t\t\t\t\t\t\t\t\t\t<\/div>\n\t\t\t\t<\/div>\n\t\t\t\t\t<\/div>\n\t\t<\/div>\n\t\t\t\t<div class=\"elementor-column elementor-col-25 elementor-top-column elementor-element elementor-element-fbcc054\" data-id=\"fbcc054\" data-element_type=\"column\">\n\t\t\t<div class=\"elementor-widget-wrap elementor-element-populated\">\n\t\t\t\t\t\t<div class=\"elementor-element elementor-element-25d70e8 elementor-widget elementor-widget-image\" data-id=\"25d70e8\" data-element_type=\"widget\" data-settings=\"{&quot;ekit_we_effect_on&quot;:&quot;none&quot;}\" data-widget_type=\"image.default\">\n\t\t\t\t<div class=\"elementor-widget-container\">\n\t\t\t\t\t\t\t\t\t\t\t\t\t\t\t<img loading=\"lazy\" decoding=\"async\" width=\"1440\" height=\"2560\" src=\"https:\/\/ozuecem.net\/wp-content\/uploads\/2022\/02\/06_PERFORMANS-Konusmacilar-scaled.jpg\" class=\"attachment-large size-large wp-image-6497\" alt=\"\" srcset=\"https:\/\/ozuecem.net\/wp-content\/uploads\/2022\/02\/06_PERFORMANS-Konusmacilar-scaled.jpg 1440w, https:\/\/ozuecem.net\/wp-content\/uploads\/2022\/02\/06_PERFORMANS-Konusmacilar-768x1365.jpg 768w, https:\/\/ozuecem.net\/wp-content\/uploads\/2022\/02\/06_PERFORMANS-Konusmacilar-864x1536.jpg 864w, https:\/\/ozuecem.net\/wp-content\/uploads\/2022\/02\/06_PERFORMANS-Konusmacilar-1152x2048.jpg 1152w\" sizes=\"(max-width: 1440px) 100vw, 1440px\" \/>\t\t\t\t\t\t\t\t\t\t\t\t\t\t\t<\/div>\n\t\t\t\t<\/div>\n\t\t\t\t\t<\/div>\n\t\t<\/div>\n\t\t\t\t<div class=\"elementor-column elementor-col-25 elementor-top-column elementor-element elementor-element-3823225\" data-id=\"3823225\" data-element_type=\"column\">\n\t\t\t<div class=\"elementor-widget-wrap elementor-element-populated\">\n\t\t\t\t\t\t<div class=\"elementor-element elementor-element-ac6cc73 elementor-widget elementor-widget-image\" data-id=\"ac6cc73\" data-element_type=\"widget\" data-settings=\"{&quot;ekit_we_effect_on&quot;:&quot;none&quot;}\" data-widget_type=\"image.default\">\n\t\t\t\t<div class=\"elementor-widget-container\">\n\t\t\t\t\t\t\t\t\t\t\t\t\t\t\t<img loading=\"lazy\" decoding=\"async\" width=\"1440\" height=\"2560\" src=\"https:\/\/ozuecem.net\/wp-content\/uploads\/2022\/02\/10_EYLEM-Konusmacilar-scaled.jpg\" class=\"attachment-large size-large wp-image-6498\" alt=\"\" srcset=\"https:\/\/ozuecem.net\/wp-content\/uploads\/2022\/02\/10_EYLEM-Konusmacilar-scaled.jpg 1440w, https:\/\/ozuecem.net\/wp-content\/uploads\/2022\/02\/10_EYLEM-Konusmacilar-768x1365.jpg 768w, https:\/\/ozuecem.net\/wp-content\/uploads\/2022\/02\/10_EYLEM-Konusmacilar-864x1536.jpg 864w, https:\/\/ozuecem.net\/wp-content\/uploads\/2022\/02\/10_EYLEM-Konusmacilar-1152x2048.jpg 1152w\" sizes=\"(max-width: 1440px) 100vw, 1440px\" \/>\t\t\t\t\t\t\t\t\t\t\t\t\t\t\t<\/div>\n\t\t\t\t<\/div>\n\t\t\t\t\t<\/div>\n\t\t<\/div>\n\t\t\t\t<div class=\"elementor-column elementor-col-25 elementor-top-column elementor-element elementor-element-e338e64\" data-id=\"e338e64\" data-element_type=\"column\">\n\t\t\t<div class=\"elementor-widget-wrap elementor-element-populated\">\n\t\t\t\t\t\t<div class=\"elementor-element elementor-element-7a09b84 elementor-widget elementor-widget-image\" data-id=\"7a09b84\" data-element_type=\"widget\" data-settings=\"{&quot;ekit_we_effect_on&quot;:&quot;none&quot;}\" data-widget_type=\"image.default\">\n\t\t\t\t<div class=\"elementor-widget-container\">\n\t\t\t\t\t\t\t\t\t\t\t\t\t\t\t<img loading=\"lazy\" decoding=\"async\" width=\"1444\" height=\"2560\" src=\"https:\/\/ozuecem.net\/wp-content\/uploads\/2022\/02\/08_ETKI-Konusmacilar-scaled.jpg\" class=\"attachment-large size-large wp-image-6499\" alt=\"\" srcset=\"https:\/\/ozuecem.net\/wp-content\/uploads\/2022\/02\/08_ETKI-Konusmacilar-scaled.jpg 1444w, https:\/\/ozuecem.net\/wp-content\/uploads\/2022\/02\/08_ETKI-Konusmacilar-768x1362.jpg 768w, https:\/\/ozuecem.net\/wp-content\/uploads\/2022\/02\/08_ETKI-Konusmacilar-866x1536.jpg 866w, https:\/\/ozuecem.net\/wp-content\/uploads\/2022\/02\/08_ETKI-Konusmacilar-1155x2048.jpg 1155w\" sizes=\"(max-width: 1444px) 100vw, 1444px\" \/>\t\t\t\t\t\t\t\t\t\t\t\t\t\t\t<\/div>\n\t\t\t\t<\/div>\n\t\t\t\t\t<\/div>\n\t\t<\/div>\n\t\t\t\t\t<\/div>\n\t\t<\/section>\n\t\t\t\t<\/div>\n\t\t","protected":false},"excerpt":{"rendered":"<p>YAKLAS\u0327\u20192018 event was a reflection of CEEE works to transdisciplinary studies. The TTT team included M. P\u0131nar Mengu\u0308c\u0327, O\u0308zlem Bahad\u0131r Karaog\u0306lu, Go\u0308kc\u0327e Ersel O\u0308tku\u0308n and Dilek Sayg\u0131, and focused on four themes: \u201cThinking inside and outside the box,\u201d \u201cPerformance,\u201d \u201cImpact,\u201d and \u201cAction!\u201d There were four different panels for each of these themes. The first one, [&hellip;]<\/p>\n","protected":false},"author":1,"featured_media":0,"parent":7005,"menu_order":0,"comment_status":"closed","ping_status":"closed","template":"template\/full-width-template.php","meta":{"footnotes":""},"class_list":["post-7034","page","type-page","status-publish","hentry"],"_links":{"self":[{"href":"https:\/\/ozuecem.net\/en\/wp-json\/wp\/v2\/pages\/7034","targetHints":{"allow":["GET"]}}],"collection":[{"href":"https:\/\/ozuecem.net\/en\/wp-json\/wp\/v2\/pages"}],"about":[{"href":"https:\/\/ozuecem.net\/en\/wp-json\/wp\/v2\/types\/page"}],"author":[{"embeddable":true,"href":"https:\/\/ozuecem.net\/en\/wp-json\/wp\/v2\/users\/1"}],"replies":[{"embeddable":true,"href":"https:\/\/ozuecem.net\/en\/wp-json\/wp\/v2\/comments?post=7034"}],"version-history":[{"count":6,"href":"https:\/\/ozuecem.net\/en\/wp-json\/wp\/v2\/pages\/7034\/revisions"}],"predecessor-version":[{"id":11154,"href":"https:\/\/ozuecem.net\/en\/wp-json\/wp\/v2\/pages\/7034\/revisions\/11154"}],"up":[{"embeddable":true,"href":"https:\/\/ozuecem.net\/en\/wp-json\/wp\/v2\/pages\/7005"}],"wp:attachment":[{"href":"https:\/\/ozuecem.net\/en\/wp-json\/wp\/v2\/media?parent=7034"}],"curies":[{"name":"wp","href":"https:\/\/api.w.org\/{rel}","templated":true}]}}