{"id":7039,"date":"2022-02-04T15:39:26","date_gmt":"2022-02-04T15:39:26","guid":{"rendered":"https:\/\/ozuecem.net\/beyond-ceee\/yaklas-atolyeler\/"},"modified":"2025-09-29T17:11:09","modified_gmt":"2025-09-29T17:11:09","slug":"yaklas18-workshops","status":"publish","type":"page","link":"https:\/\/ozuecem.net\/en\/beyond-ceee\/yaklas18-workshops\/","title":{"rendered":"Yakla\u015f&#8217;18 Workshops"},"content":{"rendered":"\t\t<div data-elementor-type=\"wp-page\" data-elementor-id=\"7039\" class=\"elementor elementor-7039 elementor-5604\" data-elementor-post-type=\"page\">\n\t\t\t\t\t\t<section class=\"elementor-section elementor-top-section elementor-element elementor-element-5317c8a elementor-section-boxed elementor-section-height-default elementor-section-height-default\" data-id=\"5317c8a\" data-element_type=\"section\">\n\t\t\t\t\t\t<div class=\"elementor-container elementor-column-gap-default\">\n\t\t\t\t\t<div class=\"elementor-column elementor-col-50 elementor-top-column elementor-element elementor-element-d96a7ec\" data-id=\"d96a7ec\" data-element_type=\"column\">\n\t\t\t<div class=\"elementor-widget-wrap elementor-element-populated\">\n\t\t\t\t\t\t<div class=\"elementor-element elementor-element-011d1f8 elementor-widget elementor-widget-image\" data-id=\"011d1f8\" data-element_type=\"widget\" data-settings=\"{&quot;ekit_we_effect_on&quot;:&quot;none&quot;}\" data-widget_type=\"image.default\">\n\t\t\t\t<div class=\"elementor-widget-container\">\n\t\t\t\t\t\t\t\t\t\t\t\t\t\t\t<img decoding=\"async\" src=\"https:\/\/ozuecem.net\/wp-content\/uploads\/elementor\/thumbs\/maviminibus-pk0upr4308obdwog7rplefx9zqx7xq54lseqxteqrk.jpg\" title=\"maviminibus\" alt=\"maviminibus\" loading=\"lazy\" \/>\t\t\t\t\t\t\t\t\t\t\t\t\t\t\t<\/div>\n\t\t\t\t<\/div>\n\t\t\t\t<div class=\"elementor-element elementor-element-8974b34 elementor-widget elementor-widget-text-editor\" data-id=\"8974b34\" data-element_type=\"widget\" data-settings=\"{&quot;ekit_we_effect_on&quot;:&quot;none&quot;}\" data-widget_type=\"text-editor.default\">\n\t\t\t\t<div class=\"elementor-widget-container\">\n\t\t\t\t\t\t\t\t\t<p>The most important skill of the 21st century is the ability to work as teams and collaboratively with people from different backgrounds and with different skills. With this in mind, the second day of YAKLA\u015e\u20192018 event focused on 11 topics with the participation of the 3rd and the 4th year undergraduate students from different disciplines. In these Workshops, mixed-disciplinary teams tackled different problems with facilitators, carried out brainstorming sessions and developed a collective strategy. \u00d6zye\u011fin University faculty members facilitated the workshops and students from 18 different departments, from law to gastronomy, aviation management and economics, took place in the discussions.<\/p>\t\t\t\t\t\t\t\t<\/div>\n\t\t\t\t<\/div>\n\t\t\t\t\t<\/div>\n\t\t<\/div>\n\t\t\t\t<div class=\"elementor-column elementor-col-50 elementor-top-column elementor-element elementor-element-046c2f1\" data-id=\"046c2f1\" data-element_type=\"column\">\n\t\t\t<div class=\"elementor-widget-wrap elementor-element-populated\">\n\t\t\t\t\t\t<div class=\"elementor-element elementor-element-62b2788 elementor-widget elementor-widget-text-editor\" data-id=\"62b2788\" data-element_type=\"widget\" data-settings=\"{&quot;ekit_we_effect_on&quot;:&quot;none&quot;}\" data-widget_type=\"text-editor.default\">\n\t\t\t\t<div class=\"elementor-widget-container\">\n\t\t\t\t\t\t\t\t\t<p><strong>11 complex topics<\/strong><br \/><strong>11 workshops<\/strong><\/p><p>\u00a0<\/p><p><strong>Kanal \u0130stanbul<\/strong> &#8211; \u00d6zlem Alt\u0131nkaya Genel, Mimarl\u0131k Fak.<br \/><strong>Mavi Minib\u00fcs<\/strong> &#8211; \u00c7imen Erkol, \u0130nsan ve Toplum Bilimleri<br \/><strong>Maa\u015f<\/strong> &#8211; Emre Soyer, \u0130\u015fletme Fak\u00fcltesi<br \/><strong>Karn\u0131yar\u0131k<\/strong> &#8211; Ebru Tekin Bilbil, Gastronomi<br \/><strong>Pasaport<\/strong> &#8211; Ay\u015fe Hazar K\u00f6ksal, Tarih, Tasar\u0131m Toplum Teknoloji<br \/><strong>Yeni Medya&amp;Sanat<\/strong> &#8211; Simge Esin Orhun, \u0130leti\u015fim Tasar\u0131m\u0131<br \/><strong>H\u0131zl\u0131&amp;\u00c7ok<\/strong> &#8211; Erhan \u00d6ztop, Bilgisayar Eng.<br \/><strong>Ak\u0131ll\u0131<\/strong> &#8211; Sevil Yaz\u0131c\u0131, Mimarl\u0131k Fak.<br \/><strong>Pet \u015fi\u015fe<\/strong> &#8211; Zeynep Ba\u015faran, \u0130n\u015faat Eng.<br \/><strong>S\u0131n\u0131r<\/strong> &#8211; Ali O.\u0130lhan, End. \u00dcr\u00fcnleri tasar\u0131m\u0131, Sosyoloji<br \/><strong>I\u015f\u0131k<\/strong> &#8211; Altu\u011f Ba\u015fol, M\u00fchendislik Fak\u00fcltesi<\/p>\t\t\t\t\t\t\t\t<\/div>\n\t\t\t\t<\/div>\n\t\t\t\t\t<\/div>\n\t\t<\/div>\n\t\t\t\t\t<\/div>\n\t\t<\/section>\n\t\t\t\t<section class=\"elementor-section elementor-top-section elementor-element elementor-element-9da3661 elementor-section-boxed elementor-section-height-default elementor-section-height-default\" data-id=\"9da3661\" data-element_type=\"section\">\n\t\t\t\t\t\t<div class=\"elementor-container elementor-column-gap-default\">\n\t\t\t\t\t<div class=\"elementor-column elementor-col-50 elementor-top-column elementor-element elementor-element-0aa045d\" data-id=\"0aa045d\" data-element_type=\"column\">\n\t\t\t<div class=\"elementor-widget-wrap elementor-element-populated\">\n\t\t\t\t\t\t<div class=\"elementor-element elementor-element-708f87b elementor-widget elementor-widget-spacer\" data-id=\"708f87b\" data-element_type=\"widget\" data-settings=\"{&quot;ekit_we_effect_on&quot;:&quot;none&quot;}\" data-widget_type=\"spacer.default\">\n\t\t\t\t<div class=\"elementor-widget-container\">\n\t\t\t\t\t\t\t<div class=\"elementor-spacer\">\n\t\t\t<div class=\"elementor-spacer-inner\"><\/div>\n\t\t<\/div>\n\t\t\t\t\t\t<\/div>\n\t\t\t\t<\/div>\n\t\t\t\t<div class=\"elementor-element elementor-element-fd3ea52 elementor-widget elementor-widget-image\" data-id=\"fd3ea52\" data-element_type=\"widget\" data-settings=\"{&quot;ekit_we_effect_on&quot;:&quot;none&quot;}\" data-widget_type=\"image.default\">\n\t\t\t\t<div class=\"elementor-widget-container\">\n\t\t\t\t\t\t\t\t\t\t\t\t\t\t\t<img fetchpriority=\"high\" decoding=\"async\" width=\"1211\" height=\"485\" src=\"https:\/\/ozuecem.net\/wp-content\/uploads\/2022\/02\/yaklasatolye1.jpg\" class=\"attachment-full size-full wp-image-6579\" alt=\"\" srcset=\"https:\/\/ozuecem.net\/wp-content\/uploads\/2022\/02\/yaklasatolye1.jpg 1211w, https:\/\/ozuecem.net\/wp-content\/uploads\/2022\/02\/yaklasatolye1-768x308.jpg 768w\" sizes=\"(max-width: 1211px) 100vw, 1211px\" \/>\t\t\t\t\t\t\t\t\t\t\t\t\t\t\t<\/div>\n\t\t\t\t<\/div>\n\t\t\t\t\t<\/div>\n\t\t<\/div>\n\t\t\t\t<div class=\"elementor-column elementor-col-50 elementor-top-column elementor-element elementor-element-4ddff51\" data-id=\"4ddff51\" data-element_type=\"column\">\n\t\t\t<div class=\"elementor-widget-wrap elementor-element-populated\">\n\t\t\t\t\t\t<div class=\"elementor-element elementor-element-75371bc elementor-widget elementor-widget-image\" data-id=\"75371bc\" data-element_type=\"widget\" data-settings=\"{&quot;ekit_we_effect_on&quot;:&quot;none&quot;}\" data-widget_type=\"image.default\">\n\t\t\t\t<div class=\"elementor-widget-container\">\n\t\t\t\t\t\t\t\t\t\t\t\t\t\t\t<img decoding=\"async\" width=\"1211\" height=\"689\" src=\"https:\/\/ozuecem.net\/wp-content\/uploads\/2022\/02\/yaklasatolye2.jpg\" class=\"attachment-full size-full wp-image-6580\" alt=\"\" srcset=\"https:\/\/ozuecem.net\/wp-content\/uploads\/2022\/02\/yaklasatolye2.jpg 1211w, https:\/\/ozuecem.net\/wp-content\/uploads\/2022\/02\/yaklasatolye2-768x437.jpg 768w\" sizes=\"(max-width: 1211px) 100vw, 1211px\" \/>\t\t\t\t\t\t\t\t\t\t\t\t\t\t\t<\/div>\n\t\t\t\t<\/div>\n\t\t\t\t\t<\/div>\n\t\t<\/div>\n\t\t\t\t\t<\/div>\n\t\t<\/section>\n\t\t\t\t<section class=\"elementor-section elementor-top-section elementor-element elementor-element-3f570db elementor-section-boxed elementor-section-height-default elementor-section-height-default\" data-id=\"3f570db\" data-element_type=\"section\">\n\t\t\t\t\t\t<div class=\"elementor-container elementor-column-gap-default\">\n\t\t\t\t\t<div class=\"elementor-column elementor-col-100 elementor-top-column elementor-element elementor-element-aa9c760\" data-id=\"aa9c760\" data-element_type=\"column\">\n\t\t\t<div class=\"elementor-widget-wrap elementor-element-populated\">\n\t\t\t\t\t\t<div class=\"elementor-element elementor-element-06529dc elementor-widget elementor-widget-image\" data-id=\"06529dc\" data-element_type=\"widget\" data-settings=\"{&quot;ekit_we_effect_on&quot;:&quot;none&quot;}\" data-widget_type=\"image.default\">\n\t\t\t\t<div class=\"elementor-widget-container\">\n\t\t\t\t\t\t\t\t\t\t\t\t\t\t\t<img decoding=\"async\" width=\"964\" height=\"337\" src=\"https:\/\/ozuecem.net\/wp-content\/uploads\/2022\/02\/bag_2_.jpg\" class=\"attachment-large size-large wp-image-6501\" alt=\"\" srcset=\"https:\/\/ozuecem.net\/wp-content\/uploads\/2022\/02\/bag_2_.jpg 964w, https:\/\/ozuecem.net\/wp-content\/uploads\/2022\/02\/bag_2_-768x268.jpg 768w\" sizes=\"(max-width: 964px) 100vw, 964px\" \/>\t\t\t\t\t\t\t\t\t\t\t\t\t\t\t<\/div>\n\t\t\t\t<\/div>\n\t\t\t\t\t<\/div>\n\t\t<\/div>\n\t\t\t\t\t<\/div>\n\t\t<\/section>\n\t\t\t\t<section class=\"elementor-section elementor-top-section elementor-element elementor-element-e821548 elementor-section-boxed elementor-section-height-default elementor-section-height-default\" data-id=\"e821548\" data-element_type=\"section\">\n\t\t\t\t\t\t<div class=\"elementor-container elementor-column-gap-default\">\n\t\t\t\t\t<div class=\"elementor-column elementor-col-16 elementor-top-column elementor-element elementor-element-72ca18b\" data-id=\"72ca18b\" data-element_type=\"column\">\n\t\t\t<div class=\"elementor-widget-wrap elementor-element-populated\">\n\t\t\t\t\t\t<div class=\"elementor-element elementor-element-d6ba08b elementor-widget elementor-widget-text-editor\" data-id=\"d6ba08b\" data-element_type=\"widget\" data-settings=\"{&quot;ekit_we_effect_on&quot;:&quot;none&quot;}\" data-widget_type=\"text-editor.default\">\n\t\t\t\t<div class=\"elementor-widget-container\">\n\t\t\t\t\t\t\t\t\t<p>Gather<\/p>\t\t\t\t\t\t\t\t<\/div>\n\t\t\t\t<\/div>\n\t\t\t\t\t<\/div>\n\t\t<\/div>\n\t\t\t\t<div class=\"elementor-column elementor-col-16 elementor-top-column elementor-element elementor-element-eb1c23b\" data-id=\"eb1c23b\" data-element_type=\"column\">\n\t\t\t<div class=\"elementor-widget-wrap elementor-element-populated\">\n\t\t\t\t\t\t<div class=\"elementor-element elementor-element-03452cc elementor-widget elementor-widget-text-editor\" data-id=\"03452cc\" data-element_type=\"widget\" data-settings=\"{&quot;ekit_we_effect_on&quot;:&quot;none&quot;}\" data-widget_type=\"text-editor.default\">\n\t\t\t\t<div class=\"elementor-widget-container\">\n\t\t\t\t\t\t\t\t\t<p>Build a context<\/p>\t\t\t\t\t\t\t\t<\/div>\n\t\t\t\t<\/div>\n\t\t\t\t\t<\/div>\n\t\t<\/div>\n\t\t\t\t<div class=\"elementor-column elementor-col-16 elementor-top-column elementor-element elementor-element-9708724\" data-id=\"9708724\" data-element_type=\"column\">\n\t\t\t<div class=\"elementor-widget-wrap elementor-element-populated\">\n\t\t\t\t\t\t<div class=\"elementor-element elementor-element-9940fdf elementor-widget elementor-widget-text-editor\" data-id=\"9940fdf\" data-element_type=\"widget\" data-settings=\"{&quot;ekit_we_effect_on&quot;:&quot;none&quot;}\" data-widget_type=\"text-editor.default\">\n\t\t\t\t<div class=\"elementor-widget-container\">\n\t\t\t\t\t\t\t\t\t<p>Approximate<\/p>\t\t\t\t\t\t\t\t<\/div>\n\t\t\t\t<\/div>\n\t\t\t\t\t<\/div>\n\t\t<\/div>\n\t\t\t\t<div class=\"elementor-column elementor-col-16 elementor-top-column elementor-element elementor-element-401600b\" data-id=\"401600b\" data-element_type=\"column\">\n\t\t\t<div class=\"elementor-widget-wrap elementor-element-populated\">\n\t\t\t\t\t\t<div class=\"elementor-element elementor-element-7e1e645 elementor-widget elementor-widget-text-editor\" data-id=\"7e1e645\" data-element_type=\"widget\" data-settings=\"{&quot;ekit_we_effect_on&quot;:&quot;none&quot;}\" data-widget_type=\"text-editor.default\">\n\t\t\t\t<div class=\"elementor-widget-container\">\n\t\t\t\t\t\t\t\t\t<p>Increase the<br \/>connections<\/p>\t\t\t\t\t\t\t\t<\/div>\n\t\t\t\t<\/div>\n\t\t\t\t\t<\/div>\n\t\t<\/div>\n\t\t\t\t<div class=\"elementor-column elementor-col-16 elementor-top-column elementor-element elementor-element-de5eeda\" data-id=\"de5eeda\" data-element_type=\"column\">\n\t\t\t<div class=\"elementor-widget-wrap elementor-element-populated\">\n\t\t\t\t\t\t<div class=\"elementor-element elementor-element-5345df9 elementor-widget elementor-widget-text-editor\" data-id=\"5345df9\" data-element_type=\"widget\" data-settings=\"{&quot;ekit_we_effect_on&quot;:&quot;none&quot;}\" data-widget_type=\"text-editor.default\">\n\t\t\t\t<div class=\"elementor-widget-container\">\n\t\t\t\t\t\t\t\t\t<p>Go Beyond<\/p>\t\t\t\t\t\t\t\t<\/div>\n\t\t\t\t<\/div>\n\t\t\t\t\t<\/div>\n\t\t<\/div>\n\t\t\t\t<div class=\"elementor-column elementor-col-16 elementor-top-column elementor-element elementor-element-60b44b4\" data-id=\"60b44b4\" data-element_type=\"column\">\n\t\t\t<div class=\"elementor-widget-wrap elementor-element-populated\">\n\t\t\t\t\t\t<div class=\"elementor-element elementor-element-38bfc99 elementor-widget elementor-widget-text-editor\" data-id=\"38bfc99\" data-element_type=\"widget\" data-settings=\"{&quot;ekit_we_effect_on&quot;:&quot;none&quot;}\" data-widget_type=\"text-editor.default\">\n\t\t\t\t<div class=\"elementor-widget-container\">\n\t\t\t\t\t\t\t\t\t<p>Apply<\/p>\t\t\t\t\t\t\t\t<\/div>\n\t\t\t\t<\/div>\n\t\t\t\t\t<\/div>\n\t\t<\/div>\n\t\t\t\t\t<\/div>\n\t\t<\/section>\n\t\t\t\t<\/div>\n\t\t","protected":false},"excerpt":{"rendered":"<p>The most important skill of the 21st century is the ability to work as teams and collaboratively with people from different backgrounds and with different skills. With this in mind, the second day of YAKLA\u015e\u20192018 event focused on 11 topics with the participation of the 3rd and the 4th year undergraduate students from different disciplines. [&hellip;]<\/p>\n","protected":false},"author":1,"featured_media":0,"parent":7005,"menu_order":0,"comment_status":"closed","ping_status":"closed","template":"template\/full-width-template.php","meta":{"footnotes":""},"class_list":["post-7039","page","type-page","status-publish","hentry"],"_links":{"self":[{"href":"https:\/\/ozuecem.net\/en\/wp-json\/wp\/v2\/pages\/7039","targetHints":{"allow":["GET"]}}],"collection":[{"href":"https:\/\/ozuecem.net\/en\/wp-json\/wp\/v2\/pages"}],"about":[{"href":"https:\/\/ozuecem.net\/en\/wp-json\/wp\/v2\/types\/page"}],"author":[{"embeddable":true,"href":"https:\/\/ozuecem.net\/en\/wp-json\/wp\/v2\/users\/1"}],"replies":[{"embeddable":true,"href":"https:\/\/ozuecem.net\/en\/wp-json\/wp\/v2\/comments?post=7039"}],"version-history":[{"count":3,"href":"https:\/\/ozuecem.net\/en\/wp-json\/wp\/v2\/pages\/7039\/revisions"}],"predecessor-version":[{"id":11160,"href":"https:\/\/ozuecem.net\/en\/wp-json\/wp\/v2\/pages\/7039\/revisions\/11160"}],"up":[{"embeddable":true,"href":"https:\/\/ozuecem.net\/en\/wp-json\/wp\/v2\/pages\/7005"}],"wp:attachment":[{"href":"https:\/\/ozuecem.net\/en\/wp-json\/wp\/v2\/media?parent=7039"}],"curies":[{"name":"wp","href":"https:\/\/api.w.org\/{rel}","templated":true}]}}