{"id":7048,"date":"2022-02-07T07:28:00","date_gmt":"2022-02-07T07:28:00","guid":{"rendered":"https:\/\/ozuecem.net\/beyond-ceee\/b-aglantilar\/"},"modified":"2022-03-18T10:28:25","modified_gmt":"2022-03-18T10:28:25","slug":"connections","status":"publish","type":"page","link":"https:\/\/ozuecem.net\/en\/beyond-ceee\/connections\/","title":{"rendered":"CONNECTIONS"},"content":{"rendered":"\t\t<div data-elementor-type=\"wp-page\" data-elementor-id=\"7048\" class=\"elementor elementor-7048 elementor-5629\" data-elementor-post-type=\"page\">\n\t\t\t\t\t\t<section class=\"elementor-section elementor-top-section elementor-element elementor-element-5317c8a elementor-section-boxed elementor-section-height-default elementor-section-height-default\" data-id=\"5317c8a\" data-element_type=\"section\">\n\t\t\t\t\t\t<div class=\"elementor-container elementor-column-gap-default\">\n\t\t\t\t\t<div class=\"elementor-column elementor-col-50 elementor-top-column elementor-element elementor-element-d96a7ec\" data-id=\"d96a7ec\" data-element_type=\"column\">\n\t\t\t<div class=\"elementor-widget-wrap elementor-element-populated\">\n\t\t\t\t\t\t<div class=\"elementor-element elementor-element-09d6b20 elementor-widget elementor-widget-image\" data-id=\"09d6b20\" data-element_type=\"widget\" data-settings=\"{&quot;ekit_we_effect_on&quot;:&quot;none&quot;}\" data-widget_type=\"image.default\">\n\t\t\t\t<div class=\"elementor-widget-container\">\n\t\t\t\t\t\t\t\t\t\t\t\t\t\t\t<img fetchpriority=\"high\" decoding=\"async\" width=\"2560\" height=\"1810\" src=\"https:\/\/ozuecem.net\/wp-content\/uploads\/2022\/02\/1_baglantilar-scaled.jpg\" class=\"attachment-large size-large wp-image-6504\" alt=\"\" srcset=\"https:\/\/ozuecem.net\/wp-content\/uploads\/2022\/02\/1_baglantilar-scaled.jpg 2560w, https:\/\/ozuecem.net\/wp-content\/uploads\/2022\/02\/1_baglantilar-768x543.jpg 768w, https:\/\/ozuecem.net\/wp-content\/uploads\/2022\/02\/1_baglantilar-1536x1086.jpg 1536w, https:\/\/ozuecem.net\/wp-content\/uploads\/2022\/02\/1_baglantilar-2048x1448.jpg 2048w\" sizes=\"(max-width: 2560px) 100vw, 2560px\" \/>\t\t\t\t\t\t\t\t\t\t\t\t\t\t\t<\/div>\n\t\t\t\t<\/div>\n\t\t\t\t<div class=\"elementor-element elementor-element-d02b89c elementor-widget elementor-widget-image\" data-id=\"d02b89c\" data-element_type=\"widget\" data-settings=\"{&quot;ekit_we_effect_on&quot;:&quot;none&quot;}\" data-widget_type=\"image.default\">\n\t\t\t\t<div class=\"elementor-widget-container\">\n\t\t\t\t\t\t\t\t\t\t\t\t\t\t\t<img decoding=\"async\" width=\"2560\" height=\"1810\" src=\"https:\/\/ozuecem.net\/wp-content\/uploads\/2022\/02\/2_baglantilar-scaled.jpg\" class=\"attachment-large size-large wp-image-6505\" alt=\"\" srcset=\"https:\/\/ozuecem.net\/wp-content\/uploads\/2022\/02\/2_baglantilar-scaled.jpg 2560w, https:\/\/ozuecem.net\/wp-content\/uploads\/2022\/02\/2_baglantilar-768x543.jpg 768w, https:\/\/ozuecem.net\/wp-content\/uploads\/2022\/02\/2_baglantilar-1536x1086.jpg 1536w, https:\/\/ozuecem.net\/wp-content\/uploads\/2022\/02\/2_baglantilar-2048x1448.jpg 2048w\" sizes=\"(max-width: 2560px) 100vw, 2560px\" \/>\t\t\t\t\t\t\t\t\t\t\t\t\t\t\t<\/div>\n\t\t\t\t<\/div>\n\t\t\t\t<div class=\"elementor-element elementor-element-8974b34 elementor-widget elementor-widget-text-editor\" data-id=\"8974b34\" data-element_type=\"widget\" data-settings=\"{&quot;ekit_we_effect_on&quot;:&quot;none&quot;}\" data-widget_type=\"text-editor.default\">\n\t\t\t\t<div class=\"elementor-widget-container\">\n\t\t\t\t\t\t\t\t\t<p>\u201cB.A\u011e\u2019LANTILAR\u201d (Connections) is the name of the series of coffee talks organized during 2019 Spring Semester under the leadership of M. P\u0131nar Meng\u00fc\u00e7, along with G\u00f6k\u00e7e Ersel \u00d6tkun, \u00d6zlem Bahad\u0131r Karao\u011flu and Dilek Sayg\u0131, who established the original TTT. The objective of these talks was to establish a platform to bring experts from different areas together to discuss today\u2019s unresolved problems. \u201cB.A\u011e\u2019LANTILAR\u201d was a part of the YAKLA\u015e\u201918 event which was conducted to start transdisciplinary thought culture at the University.<\/p>\t\t\t\t\t\t\t\t<\/div>\n\t\t\t\t<\/div>\n\t\t\t\t\t<\/div>\n\t\t<\/div>\n\t\t\t\t<div class=\"elementor-column elementor-col-50 elementor-top-column elementor-element elementor-element-046c2f1\" data-id=\"046c2f1\" data-element_type=\"column\">\n\t\t\t<div class=\"elementor-widget-wrap elementor-element-populated\">\n\t\t\t\t\t\t<div class=\"elementor-element elementor-element-19402ac elementor-widget elementor-widget-image\" data-id=\"19402ac\" data-element_type=\"widget\" data-settings=\"{&quot;ekit_we_effect_on&quot;:&quot;none&quot;}\" data-widget_type=\"image.default\">\n\t\t\t\t<div class=\"elementor-widget-container\">\n\t\t\t\t\t\t\t\t\t\t\t\t\t\t\t<img decoding=\"async\" width=\"2560\" height=\"1810\" src=\"https:\/\/ozuecem.net\/wp-content\/uploads\/2022\/02\/3_baglantilar-scaled.jpg\" class=\"attachment-large size-large wp-image-6506\" alt=\"\" srcset=\"https:\/\/ozuecem.net\/wp-content\/uploads\/2022\/02\/3_baglantilar-scaled.jpg 2560w, https:\/\/ozuecem.net\/wp-content\/uploads\/2022\/02\/3_baglantilar-768x543.jpg 768w, https:\/\/ozuecem.net\/wp-content\/uploads\/2022\/02\/3_baglantilar-1536x1086.jpg 1536w, https:\/\/ozuecem.net\/wp-content\/uploads\/2022\/02\/3_baglantilar-2048x1448.jpg 2048w\" sizes=\"(max-width: 2560px) 100vw, 2560px\" \/>\t\t\t\t\t\t\t\t\t\t\t\t\t\t\t<\/div>\n\t\t\t\t<\/div>\n\t\t\t\t<div class=\"elementor-element elementor-element-c57c067 elementor-widget elementor-widget-image\" data-id=\"c57c067\" data-element_type=\"widget\" data-settings=\"{&quot;ekit_we_effect_on&quot;:&quot;none&quot;}\" data-widget_type=\"image.default\">\n\t\t\t\t<div class=\"elementor-widget-container\">\n\t\t\t\t\t\t\t\t\t\t\t\t\t\t\t<img loading=\"lazy\" decoding=\"async\" width=\"2560\" height=\"1810\" src=\"https:\/\/ozuecem.net\/wp-content\/uploads\/2022\/02\/4_baglantilar-scaled.jpg\" class=\"attachment-large size-large wp-image-6507\" alt=\"\" srcset=\"https:\/\/ozuecem.net\/wp-content\/uploads\/2022\/02\/4_baglantilar-scaled.jpg 2560w, https:\/\/ozuecem.net\/wp-content\/uploads\/2022\/02\/4_baglantilar-768x543.jpg 768w, https:\/\/ozuecem.net\/wp-content\/uploads\/2022\/02\/4_baglantilar-1536x1086.jpg 1536w, https:\/\/ozuecem.net\/wp-content\/uploads\/2022\/02\/4_baglantilar-2048x1448.jpg 2048w\" sizes=\"(max-width: 2560px) 100vw, 2560px\" \/>\t\t\t\t\t\t\t\t\t\t\t\t\t\t\t<\/div>\n\t\t\t\t<\/div>\n\t\t\t\t<div class=\"elementor-element elementor-element-d86eb72 elementor-widget elementor-widget-text-editor\" data-id=\"d86eb72\" data-element_type=\"widget\" data-settings=\"{&quot;ekit_we_effect_on&quot;:&quot;none&quot;}\" data-widget_type=\"text-editor.default\">\n\t\t\t\t<div class=\"elementor-widget-container\">\n\t\t\t\t\t\t\t\t\t<p>The first \u201cB.A\u011e\u2019LANTILAR\u201d seminar was held on March 12, 2019 with the theme Earthquake x Law x Environment, the second was on April 2, 2019 with the theme of Migration x Economy x Transparency . The third event was on April 30, 2019 with the theme Culture x Artificial Intelligence x Future and the last event of the series was held on May 22, 2019 with the theme City x People x Attraction. The participants to each of these discussions are shown below.<\/p>\t\t\t\t\t\t\t\t<\/div>\n\t\t\t\t<\/div>\n\t\t\t\t\t<\/div>\n\t\t<\/div>\n\t\t\t\t\t<\/div>\n\t\t<\/section>\n\t\t\t\t<\/div>\n\t\t","protected":false},"excerpt":{"rendered":"<p>\u201cB.A\u011e\u2019LANTILAR\u201d (Connections) is the name of the series of coffee talks organized during 2019 Spring Semester under the leadership of M. P\u0131nar Meng\u00fc\u00e7, along with G\u00f6k\u00e7e Ersel \u00d6tkun, \u00d6zlem Bahad\u0131r Karao\u011flu and Dilek Sayg\u0131, who established the original TTT. The objective of these talks was to establish a platform to bring experts from different areas [&hellip;]<\/p>\n","protected":false},"author":1,"featured_media":0,"parent":7005,"menu_order":0,"comment_status":"closed","ping_status":"closed","template":"template\/full-width-template.php","meta":{"footnotes":""},"class_list":["post-7048","page","type-page","status-publish","hentry"],"_links":{"self":[{"href":"https:\/\/ozuecem.net\/en\/wp-json\/wp\/v2\/pages\/7048","targetHints":{"allow":["GET"]}}],"collection":[{"href":"https:\/\/ozuecem.net\/en\/wp-json\/wp\/v2\/pages"}],"about":[{"href":"https:\/\/ozuecem.net\/en\/wp-json\/wp\/v2\/types\/page"}],"author":[{"embeddable":true,"href":"https:\/\/ozuecem.net\/en\/wp-json\/wp\/v2\/users\/1"}],"replies":[{"embeddable":true,"href":"https:\/\/ozuecem.net\/en\/wp-json\/wp\/v2\/comments?post=7048"}],"version-history":[{"count":0,"href":"https:\/\/ozuecem.net\/en\/wp-json\/wp\/v2\/pages\/7048\/revisions"}],"up":[{"embeddable":true,"href":"https:\/\/ozuecem.net\/en\/wp-json\/wp\/v2\/pages\/7005"}],"wp:attachment":[{"href":"https:\/\/ozuecem.net\/en\/wp-json\/wp\/v2\/media?parent=7048"}],"curies":[{"name":"wp","href":"https:\/\/api.w.org\/{rel}","templated":true}]}}