{"id":7053,"date":"2022-02-07T07:30:30","date_gmt":"2022-02-07T07:30:30","guid":{"rendered":"https:\/\/ozuecem.net\/beyond-ceee\/ozu-ogrenci-kulupleri\/"},"modified":"2024-09-02T09:39:53","modified_gmt":"2024-09-02T09:39:53","slug":"student-clubs","status":"publish","type":"page","link":"https:\/\/ozuecem.net\/en\/beyond-ceee\/student-clubs\/","title":{"rendered":"Student Clubs"},"content":{"rendered":"\t\t<div data-elementor-type=\"wp-page\" data-elementor-id=\"7053\" class=\"elementor elementor-7053 elementor-5638\" data-elementor-post-type=\"page\">\n\t\t\t\t\t\t<section class=\"elementor-section elementor-top-section elementor-element elementor-element-5317c8a elementor-section-boxed elementor-section-height-default elementor-section-height-default\" data-id=\"5317c8a\" data-element_type=\"section\">\n\t\t\t\t\t\t<div class=\"elementor-container elementor-column-gap-default\">\n\t\t\t\t\t<div class=\"elementor-column elementor-col-100 elementor-top-column elementor-element elementor-element-046c2f1\" data-id=\"046c2f1\" data-element_type=\"column\">\n\t\t\t<div class=\"elementor-widget-wrap elementor-element-populated\">\n\t\t\t\t\t\t<div class=\"elementor-element elementor-element-d86eb72 elementor-widget elementor-widget-text-editor\" data-id=\"d86eb72\" data-element_type=\"widget\" data-settings=\"{&quot;ekit_we_effect_on&quot;:&quot;none&quot;}\" data-widget_type=\"text-editor.default\">\n\t\t\t\t<div class=\"elementor-widget-container\">\n\t\t\t\t\t\t\t\t\t<p>CEEE has always strived to give a chance to undergraduate students in order to encourage them participate to the on-going projects. Burak Sakall\u0131o\u011flu, Dila Altay, Do\u011fukan Albay, Nesli\u015fah Do\u011fan, Ozan Kele\u015f, Sena \u00d6zg\u00fcrcan, \u015eevval Sare G\u00fcld\u00fcren, Tugay \u00c7etinkaya and Tu\u011fba G\u00fcrsoy were among these students who helped CEEE researchers in many ways.<\/p><p>\u00a0<\/p><p>After 2018-2019, CEEE has actively contributed to two new student clubs. The Interdisciplinary Thought Club led by Furkan Y\u0131lmaz, Seda Kurt, from the Faculty of Architecture, and O\u011fuzalp Erkovan, Industrial Engineering students have organized several activities since then. The photographs below show those activities. The posters of some of these events are also<br \/>shown below.<\/p>\t\t\t\t\t\t\t\t<\/div>\n\t\t\t\t<\/div>\n\t\t\t\t\t<\/div>\n\t\t<\/div>\n\t\t\t\t\t<\/div>\n\t\t<\/section>\n\t\t\t\t<section class=\"elementor-section elementor-top-section elementor-element elementor-element-e9844d8 elementor-section-boxed elementor-section-height-default elementor-section-height-default\" data-id=\"e9844d8\" data-element_type=\"section\">\n\t\t\t\t\t\t<div class=\"elementor-container elementor-column-gap-default\">\n\t\t\t\t\t<div class=\"elementor-column elementor-col-100 elementor-top-column elementor-element elementor-element-ab68de2\" data-id=\"ab68de2\" data-element_type=\"column\">\n\t\t\t<div class=\"elementor-widget-wrap elementor-element-populated\">\n\t\t\t\t\t\t<section class=\"elementor-section elementor-inner-section elementor-element elementor-element-5f98a43 elementor-section-boxed elementor-section-height-default elementor-section-height-default\" data-id=\"5f98a43\" data-element_type=\"section\">\n\t\t\t\t\t\t<div class=\"elementor-container elementor-column-gap-default\">\n\t\t\t\t\t<div class=\"elementor-column elementor-col-50 elementor-inner-column elementor-element elementor-element-59a94f5\" data-id=\"59a94f5\" data-element_type=\"column\">\n\t\t\t<div class=\"elementor-widget-wrap elementor-element-populated\">\n\t\t\t\t\t\t<div class=\"elementor-element elementor-element-ea3483d elementor-widget elementor-widget-image\" data-id=\"ea3483d\" data-element_type=\"widget\" data-settings=\"{&quot;ekit_we_effect_on&quot;:&quot;none&quot;}\" data-widget_type=\"image.default\">\n\t\t\t\t<div class=\"elementor-widget-container\">\n\t\t\t\t\t\t\t\t\t\t\t\t\t\t\t<img fetchpriority=\"high\" decoding=\"async\" width=\"1770\" height=\"2481\" src=\"https:\/\/ozuecem.net\/wp-content\/uploads\/2022\/02\/25-Aralik.jpg\" class=\"attachment-large size-large wp-image-6508\" alt=\"\" srcset=\"https:\/\/ozuecem.net\/wp-content\/uploads\/2022\/02\/25-Aralik.jpg 1770w, https:\/\/ozuecem.net\/wp-content\/uploads\/2022\/02\/25-Aralik-768x1077.jpg 768w, https:\/\/ozuecem.net\/wp-content\/uploads\/2022\/02\/25-Aralik-1096x1536.jpg 1096w, https:\/\/ozuecem.net\/wp-content\/uploads\/2022\/02\/25-Aralik-1461x2048.jpg 1461w\" sizes=\"(max-width: 1770px) 100vw, 1770px\" \/>\t\t\t\t\t\t\t\t\t\t\t\t\t\t\t<\/div>\n\t\t\t\t<\/div>\n\t\t\t\t\t<\/div>\n\t\t<\/div>\n\t\t\t\t<div class=\"elementor-column elementor-col-50 elementor-inner-column elementor-element elementor-element-a6e67c2\" data-id=\"a6e67c2\" data-element_type=\"column\">\n\t\t\t<div class=\"elementor-widget-wrap elementor-element-populated\">\n\t\t\t\t\t\t<div class=\"elementor-element elementor-element-6702f85 elementor-widget elementor-widget-image\" data-id=\"6702f85\" data-element_type=\"widget\" data-settings=\"{&quot;ekit_we_effect_on&quot;:&quot;none&quot;}\" data-widget_type=\"image.default\">\n\t\t\t\t<div class=\"elementor-widget-container\">\n\t\t\t\t\t\t\t\t\t\t\t\t\t\t\t<img decoding=\"async\" width=\"358\" height=\"525\" src=\"https:\/\/ozuecem.net\/wp-content\/uploads\/2022\/02\/karpuz.png\" class=\"attachment-large size-large wp-image-6509\" alt=\"\" \/>\t\t\t\t\t\t\t\t\t\t\t\t\t\t\t<\/div>\n\t\t\t\t<\/div>\n\t\t\t\t\t<\/div>\n\t\t<\/div>\n\t\t\t\t\t<\/div>\n\t\t<\/section>\n\t\t\t\t\t<\/div>\n\t\t<\/div>\n\t\t\t\t\t<\/div>\n\t\t<\/section>\n\t\t\t\t<\/div>\n\t\t","protected":false},"excerpt":{"rendered":"<p>CEEE has always strived to give a chance to undergraduate students in order to encourage them participate to the on-going projects. Burak Sakall\u0131o\u011flu, Dila Altay, Do\u011fukan Albay, Nesli\u015fah Do\u011fan, Ozan Kele\u015f, Sena \u00d6zg\u00fcrcan, \u015eevval Sare G\u00fcld\u00fcren, Tugay \u00c7etinkaya and Tu\u011fba G\u00fcrsoy were among these students who helped CEEE researchers in many ways. \u00a0 After 2018-2019, [&hellip;]<\/p>\n","protected":false},"author":1,"featured_media":0,"parent":7005,"menu_order":0,"comment_status":"closed","ping_status":"closed","template":"template\/full-width-template.php","meta":{"footnotes":""},"class_list":["post-7053","page","type-page","status-publish","hentry"],"_links":{"self":[{"href":"https:\/\/ozuecem.net\/en\/wp-json\/wp\/v2\/pages\/7053","targetHints":{"allow":["GET"]}}],"collection":[{"href":"https:\/\/ozuecem.net\/en\/wp-json\/wp\/v2\/pages"}],"about":[{"href":"https:\/\/ozuecem.net\/en\/wp-json\/wp\/v2\/types\/page"}],"author":[{"embeddable":true,"href":"https:\/\/ozuecem.net\/en\/wp-json\/wp\/v2\/users\/1"}],"replies":[{"embeddable":true,"href":"https:\/\/ozuecem.net\/en\/wp-json\/wp\/v2\/comments?post=7053"}],"version-history":[{"count":3,"href":"https:\/\/ozuecem.net\/en\/wp-json\/wp\/v2\/pages\/7053\/revisions"}],"predecessor-version":[{"id":10437,"href":"https:\/\/ozuecem.net\/en\/wp-json\/wp\/v2\/pages\/7053\/revisions\/10437"}],"up":[{"embeddable":true,"href":"https:\/\/ozuecem.net\/en\/wp-json\/wp\/v2\/pages\/7005"}],"wp:attachment":[{"href":"https:\/\/ozuecem.net\/en\/wp-json\/wp\/v2\/media?parent=7053"}],"curies":[{"name":"wp","href":"https:\/\/api.w.org\/{rel}","templated":true}]}}