{"id":7058,"date":"2022-02-07T07:35:01","date_gmt":"2022-02-07T07:35:01","guid":{"rendered":"https:\/\/ozuecem.net\/beyond-ceee\/bm-surdurulebilir-kalkinma-hedefleri\/"},"modified":"2025-09-29T17:09:50","modified_gmt":"2025-09-29T17:09:50","slug":"contributions-to-the-un-sustainable-development-goals","status":"publish","type":"page","link":"https:\/\/ozuecem.net\/en\/beyond-ceee\/contributions-to-the-un-sustainable-development-goals\/","title":{"rendered":"Contributions To The Un Sustainable Development Goals"},"content":{"rendered":"\t\t<div data-elementor-type=\"wp-page\" data-elementor-id=\"7058\" class=\"elementor elementor-7058 elementor-5645\" data-elementor-post-type=\"page\">\n\t\t\t\t\t\t<section class=\"elementor-section elementor-top-section elementor-element elementor-element-5317c8a elementor-section-boxed elementor-section-height-default elementor-section-height-default\" data-id=\"5317c8a\" data-element_type=\"section\">\n\t\t\t\t\t\t<div class=\"elementor-container elementor-column-gap-default\">\n\t\t\t\t\t<div class=\"elementor-column elementor-col-50 elementor-top-column elementor-element elementor-element-d96a7ec\" data-id=\"d96a7ec\" data-element_type=\"column\">\n\t\t\t<div class=\"elementor-widget-wrap elementor-element-populated\">\n\t\t\t\t\t\t<div class=\"elementor-element elementor-element-d86eb72 elementor-widget elementor-widget-text-editor\" data-id=\"d86eb72\" data-element_type=\"widget\" data-settings=\"{&quot;ekit_we_effect_on&quot;:&quot;none&quot;}\" data-widget_type=\"text-editor.default\">\n\t\t\t\t<div class=\"elementor-widget-container\">\n\t\t\t\t\t\t\t\t\t<p>CEEE has actively participated in many \u201cSustainability\u201d and \u201cSustainable Development\u201d related events held in Turkey and overseas since its early days. Many projects completed by CEEE has contributed to the United Nations Sustainable Development Goals (UNDPSDG) directly. The table on the following pages shows which CEEE projects are related to these goals.<\/p><p>\u00a0<\/p><p>Pinar Mengu\u0308c\u0327 is a member of O\u0308zyeg\u0306in University Sustainability Platform and he worked as a Board Member at the UN Sustainable<\/p>\t\t\t\t\t\t\t\t<\/div>\n\t\t\t\t<\/div>\n\t\t\t\t<div class=\"elementor-element elementor-element-b124f79 elementor-widget elementor-widget-image\" data-id=\"b124f79\" data-element_type=\"widget\" data-settings=\"{&quot;ekit_we_effect_on&quot;:&quot;none&quot;}\" data-widget_type=\"image.default\">\n\t\t\t\t<div class=\"elementor-widget-container\">\n\t\t\t\t\t\t\t\t\t\t\t\t\t\t\t<img fetchpriority=\"high\" decoding=\"async\" width=\"864\" height=\"1099\" src=\"https:\/\/ozuecem.net\/wp-content\/uploads\/2022\/02\/bmsurdurulebilir1-1.jpg\" class=\"attachment-large size-large wp-image-6510\" alt=\"\" srcset=\"https:\/\/ozuecem.net\/wp-content\/uploads\/2022\/02\/bmsurdurulebilir1-1.jpg 864w, https:\/\/ozuecem.net\/wp-content\/uploads\/2022\/02\/bmsurdurulebilir1-1-768x977.jpg 768w\" sizes=\"(max-width: 864px) 100vw, 864px\" \/>\t\t\t\t\t\t\t\t\t\t\t\t\t\t\t<\/div>\n\t\t\t\t<\/div>\n\t\t\t\t\t<\/div>\n\t\t<\/div>\n\t\t\t\t<div class=\"elementor-column elementor-col-50 elementor-top-column elementor-element elementor-element-046c2f1\" data-id=\"046c2f1\" data-element_type=\"column\">\n\t\t\t<div class=\"elementor-widget-wrap elementor-element-populated\">\n\t\t\t\t\t\t<div class=\"elementor-element elementor-element-093a494 elementor-widget elementor-widget-text-editor\" data-id=\"093a494\" data-element_type=\"widget\" data-settings=\"{&quot;ekit_we_effect_on&quot;:&quot;none&quot;}\" data-widget_type=\"text-editor.default\">\n\t\t\t\t<div class=\"elementor-widget-container\">\n\t\t\t\t\t\t\t\t\t<p>Development Sustainability Network, which is administered by Bogazici University in Istanbul. Also, with its 11year long efforts, CEEE has played an important role on O\u0308zyeg\u0306in University\u2019s 81st place ranking for the 2019 Clean and Alternative Energy (SDG7) Category of the Times Higher Education (THE) Impact Rankings.<\/p><p>\u00a0<\/p><p>O\u0308zyeg\u0306in University Sustainability Platform (SP) and SDSNTurkey formation under Bog\u0306azic\u0327i University are actively working to make the Sustainability Goals embraced by the society.<\/p>\t\t\t\t\t\t\t\t<\/div>\n\t\t\t\t<\/div>\n\t\t\t\t<div class=\"elementor-element elementor-element-0325591 elementor-widget elementor-widget-image\" data-id=\"0325591\" data-element_type=\"widget\" data-settings=\"{&quot;ekit_we_effect_on&quot;:&quot;none&quot;}\" data-widget_type=\"image.default\">\n\t\t\t\t<div class=\"elementor-widget-container\">\n\t\t\t\t\t\t\t\t\t\t\t\t\t\t\t<img decoding=\"async\" width=\"864\" height=\"1099\" src=\"https:\/\/ozuecem.net\/wp-content\/uploads\/2022\/02\/bmsurdurulebilir2.jpg\" class=\"attachment-large size-large wp-image-6511\" alt=\"\" srcset=\"https:\/\/ozuecem.net\/wp-content\/uploads\/2022\/02\/bmsurdurulebilir2.jpg 864w, https:\/\/ozuecem.net\/wp-content\/uploads\/2022\/02\/bmsurdurulebilir2-768x977.jpg 768w\" sizes=\"(max-width: 864px) 100vw, 864px\" \/>\t\t\t\t\t\t\t\t\t\t\t\t\t\t\t<\/div>\n\t\t\t\t<\/div>\n\t\t\t\t\t<\/div>\n\t\t<\/div>\n\t\t\t\t\t<\/div>\n\t\t<\/section>\n\t\t\t\t<section class=\"elementor-section elementor-top-section elementor-element elementor-element-11b8437 elementor-section-boxed elementor-section-height-default elementor-section-height-default\" data-id=\"11b8437\" data-element_type=\"section\">\n\t\t\t\t\t\t<div class=\"elementor-container elementor-column-gap-default\">\n\t\t\t\t\t<div class=\"elementor-column elementor-col-100 elementor-top-column elementor-element elementor-element-732624d\" data-id=\"732624d\" data-element_type=\"column\">\n\t\t\t<div class=\"elementor-widget-wrap elementor-element-populated\">\n\t\t\t\t\t\t<div class=\"elementor-element elementor-element-f446034 elementor-widget elementor-widget-heading\" data-id=\"f446034\" data-element_type=\"widget\" data-settings=\"{&quot;ekit_we_effect_on&quot;:&quot;none&quot;}\" data-widget_type=\"heading.default\">\n\t\t\t\t<div class=\"elementor-widget-container\">\n\t\t\t\t\t<h4 class=\"elementor-heading-title elementor-size-default\">Some of the more than 30 keynote and invited lectures presented by M. Pinar Mengu\u0308c\u0327 as related to the United Nations Sustainabilty Goals are listed below. <\/h4>\t\t\t\t<\/div>\n\t\t\t\t<\/div>\n\t\t\t\t\t<\/div>\n\t\t<\/div>\n\t\t\t\t\t<\/div>\n\t\t<\/section>\n\t\t\t\t<section class=\"elementor-section elementor-top-section elementor-element elementor-element-7122e25 elementor-section-boxed elementor-section-height-default elementor-section-height-default\" data-id=\"7122e25\" data-element_type=\"section\">\n\t\t\t\t\t\t<div class=\"elementor-container elementor-column-gap-default\">\n\t\t\t\t\t<div class=\"elementor-column elementor-col-50 elementor-top-column elementor-element elementor-element-7412f3a\" data-id=\"7412f3a\" data-element_type=\"column\">\n\t\t\t<div class=\"elementor-widget-wrap elementor-element-populated\">\n\t\t\t\t\t\t<div class=\"elementor-element elementor-element-d647b9a elementor-widget elementor-widget-text-editor\" data-id=\"d647b9a\" data-element_type=\"widget\" data-settings=\"{&quot;ekit_we_effect_on&quot;:&quot;none&quot;}\" data-widget_type=\"text-editor.default\">\n\t\t\t\t<div class=\"elementor-widget-container\">\n\t\t\t\t\t\t\t\t\t<p>\u201cRadiation Heat Transfer and Climate Change\u201d, Solar Future 2010, Istanbul, Turkey. February 14, 2010.<\/p><p><br \/>\u201cZero Istanbul 2050,\u201d \u00d6zye\u011fin University Workshop, Istanbul, May 25, 2010.<\/p><p><br \/>\u201cGreen Buildings,\u201d TOKI Housing Conference, Istanbul, 21 October, 2010,<\/p><p><br \/>\u201cThe crucial role of sustainable logistics in the development and planning of resilient cities\u201d, 3rd Global Forum on Urban Resilience &amp; Adaptation, Bonn-Germany, May 12-15, 2012.<\/p><p><br \/>\u201cEngineering and Climate Change,\u201d Sustainable Development and Climate Change Policies, Y\u0131ld\u0131z Technical University, May 16, 2012.<\/p><p><br \/>\u201cIntegrated Engineering and Architecture Principles for Sustainable Buildings\u201d, Kadir Has University Faculty of Engineering and Natural Sciences, November 16, 2012.<\/p><p><br \/>\u201cGreen Buildings\u2019, Green Business 2013, Organized by Sustainability Academy of Turkey, Istanbul, September 17-18, 2013.<\/p><p><br \/>\u201cSustainable Building Management,\u201d Turkish Green Building Congress and Summit, Istanbul, Turkey, 4-5 February 2016.<\/p><p><br \/>\u201cEnergy Efficiency for Sustainable Buildings,\u201d METU, Northern Cyprus Campus, Girne, Cyprus, 16 May 2016.<\/p><p><br \/>\u201cInnovation for Buildings: From Science to Comfort,\u201d, at the Smart Metropolises: Integrated Solutions for Sustainable Buildings and Cities Conference, Organized by IMSAD Istanbul, October 14 2016.<\/p><p><br \/>\u201cPursue of Low-Carbon Engineering: From Combustion Chambers to Sustainable Buildings,\u201d CleanAir\u20192017, 13th International Conference on Energy for a Clean Environment, \u201cPonta Delgada, Sao Miguel, Azores, Portugal, July 2-6 2017.<\/p>\t\t\t\t\t\t\t\t<\/div>\n\t\t\t\t<\/div>\n\t\t\t\t\t<\/div>\n\t\t<\/div>\n\t\t\t\t<div class=\"elementor-column elementor-col-50 elementor-top-column elementor-element elementor-element-f715970\" data-id=\"f715970\" data-element_type=\"column\">\n\t\t\t<div class=\"elementor-widget-wrap elementor-element-populated\">\n\t\t\t\t\t\t<div class=\"elementor-element elementor-element-e29d6f6 elementor-widget elementor-widget-text-editor\" data-id=\"e29d6f6\" data-element_type=\"widget\" data-settings=\"{&quot;ekit_we_effect_on&quot;:&quot;none&quot;}\" data-widget_type=\"text-editor.default\">\n\t\t\t\t<div class=\"elementor-widget-container\">\n\t\t\t\t\t\t\t\t\t<p>\u201cBringing Sustainability to the Heart of a University through Teaching, Research and Service,\u201d Fourth Greenmetric Workhop, 2018; Semarang, Indonesia, April 10 2018.<\/p><p><br \/>\u201cAdvanced Energy Solutions for Complex Buildings,\u201d EU Sustainable Energy Days Event, TurkeyBuild 2018 at Yapi Fuar\u0131, Istanbul, May 10 2018.<\/p><p><br \/>\u201cSocial-Behavioral Aspects of Energy Consumption,\u2019\u201d EU Sustainable Energy Days Event 2, TurkeyBuild 2018 at Yapi Fuar\u0131, Istanbul, May 10, 2018.<\/p><p><br \/>\u201cSustainable Development and the Missing Piece\u201d 2nd Ilgaz Energy Workshop, Ilgaz, \u00c7ank\u0131r\u0131, 12 May 2018.<\/p><p><br \/>\u201cEnergy Efficiency as a Transdisciplinary Concept: Research and Applications,\u201d New York University, Abu Dhabi, \u2019 Abu Dhabi, 27 October 2019.<\/p><p><br \/>COP25, 2019 United Nations Framework Convention on Climate Change, Madrid, Ispanya \u201cScaling up Climate Action in Turkey \/ Key Opportunities for Transitioning to a Zero Emissions Society\u201d, WWFTurkey Side Event, 9 December 2019.<\/p><p><br \/>&#8211; \u201cImpact of Public, Private Sector and Academia Trilogy for Energy Efficiency Policies and Applications\u201d, Energy and Natural Resources Ministry Turkey Side Event (Moderasyon), Madrid, 10 December 2019.<\/p><p><br \/>Climate Change Conference of Parties (COP\u201925), Moderator and a Speaker at a panel at Turkish Pavillion, \u2018Impact of Public, Private Sector and Academia Trilogy for Energy Efficiency Policies and Applications,\u2019 with O\u011fuz Can, Karsten Lindloff, Onur \u00dcnl\u00fc, and \u00d6zlem \u00dcnl\u00fcer, organized by Turkish Republic, Madrid, December 2019.<\/p><p><br \/>\u201cTowards Near-Zero Energy Buildings by Interdisciplinary and Transdisciplinary Approaches,\u201d Zero Build Forum\u201920 International Conference, Istanbul,On-line; 24 September 2020.<\/p>\t\t\t\t\t\t\t\t<\/div>\n\t\t\t\t<\/div>\n\t\t\t\t\t<\/div>\n\t\t<\/div>\n\t\t\t\t\t<\/div>\n\t\t<\/section>\n\t\t\t\t<section class=\"elementor-section elementor-top-section elementor-element elementor-element-98fa331 elementor-section-boxed elementor-section-height-default elementor-section-height-default\" data-id=\"98fa331\" data-element_type=\"section\">\n\t\t\t\t\t\t<div class=\"elementor-container elementor-column-gap-default\">\n\t\t\t\t\t<div class=\"elementor-column elementor-col-100 elementor-top-column elementor-element elementor-element-69ec386\" data-id=\"69ec386\" data-element_type=\"column\">\n\t\t\t<div class=\"elementor-widget-wrap elementor-element-populated\">\n\t\t\t\t\t\t<div class=\"elementor-element elementor-element-0ece78f elementor-widget elementor-widget-image\" data-id=\"0ece78f\" data-element_type=\"widget\" data-settings=\"{&quot;ekit_we_effect_on&quot;:&quot;none&quot;}\" data-widget_type=\"image.default\">\n\t\t\t\t<div class=\"elementor-widget-container\">\n\t\t\t\t\t\t\t\t\t\t\t\t\t\t\t<img decoding=\"async\" width=\"2560\" height=\"2161\" src=\"https:\/\/ozuecem.net\/wp-content\/uploads\/2022\/03\/contribitions-bm-scaled.jpg\" class=\"attachment-large size-large wp-image-7061\" alt=\"\" srcset=\"https:\/\/ozuecem.net\/wp-content\/uploads\/2022\/03\/contribitions-bm-scaled.jpg 2560w, https:\/\/ozuecem.net\/wp-content\/uploads\/2022\/03\/contribitions-bm-768x648.jpg 768w, https:\/\/ozuecem.net\/wp-content\/uploads\/2022\/03\/contribitions-bm-1536x1297.jpg 1536w, https:\/\/ozuecem.net\/wp-content\/uploads\/2022\/03\/contribitions-bm-2048x1729.jpg 2048w\" sizes=\"(max-width: 2560px) 100vw, 2560px\" \/>\t\t\t\t\t\t\t\t\t\t\t\t\t\t\t<\/div>\n\t\t\t\t<\/div>\n\t\t\t\t\t<\/div>\n\t\t<\/div>\n\t\t\t\t\t<\/div>\n\t\t<\/section>\n\t\t\t\t<\/div>\n\t\t","protected":false},"excerpt":{"rendered":"<p>CEEE has actively participated in many \u201cSustainability\u201d and \u201cSustainable Development\u201d related events held in Turkey and overseas since its early days. Many projects completed by CEEE has contributed to the United Nations Sustainable Development Goals (UNDPSDG) directly. The table on the following pages shows which CEEE projects are related to these goals. \u00a0 Pinar Mengu\u0308c\u0327 [&hellip;]<\/p>\n","protected":false},"author":1,"featured_media":0,"parent":7005,"menu_order":0,"comment_status":"closed","ping_status":"closed","template":"template\/full-width-template.php","meta":{"footnotes":""},"class_list":["post-7058","page","type-page","status-publish","hentry"],"_links":{"self":[{"href":"https:\/\/ozuecem.net\/en\/wp-json\/wp\/v2\/pages\/7058","targetHints":{"allow":["GET"]}}],"collection":[{"href":"https:\/\/ozuecem.net\/en\/wp-json\/wp\/v2\/pages"}],"about":[{"href":"https:\/\/ozuecem.net\/en\/wp-json\/wp\/v2\/types\/page"}],"author":[{"embeddable":true,"href":"https:\/\/ozuecem.net\/en\/wp-json\/wp\/v2\/users\/1"}],"replies":[{"embeddable":true,"href":"https:\/\/ozuecem.net\/en\/wp-json\/wp\/v2\/comments?post=7058"}],"version-history":[{"count":3,"href":"https:\/\/ozuecem.net\/en\/wp-json\/wp\/v2\/pages\/7058\/revisions"}],"predecessor-version":[{"id":11157,"href":"https:\/\/ozuecem.net\/en\/wp-json\/wp\/v2\/pages\/7058\/revisions\/11157"}],"up":[{"embeddable":true,"href":"https:\/\/ozuecem.net\/en\/wp-json\/wp\/v2\/pages\/7005"}],"wp:attachment":[{"href":"https:\/\/ozuecem.net\/en\/wp-json\/wp\/v2\/media?parent=7058"}],"curies":[{"name":"wp","href":"https:\/\/api.w.org\/{rel}","templated":true}]}}