{"id":8435,"date":"2022-12-28T07:42:09","date_gmt":"2022-12-28T07:42:09","guid":{"rendered":"https:\/\/ozuecem.net\/consultancy-services\/international-consultancy-services\/lts-taslak-en-1\/"},"modified":"2025-11-24T12:27:31","modified_gmt":"2025-11-24T12:27:31","slug":"lts","status":"publish","type":"page","link":"https:\/\/ozuecem.net\/en\/consultancy-services\/international-consultancy-services\/lts\/","title":{"rendered":"LTS"},"content":{"rendered":"\t\t<div data-elementor-type=\"wp-page\" data-elementor-id=\"8435\" class=\"elementor elementor-8435 elementor-8429\" data-elementor-post-type=\"page\">\n\t\t\t\t\t\t<section class=\"elementor-section elementor-top-section elementor-element elementor-element-3220780 elementor-section-boxed elementor-section-height-default elementor-section-height-default\" data-id=\"3220780\" data-element_type=\"section\">\n\t\t\t\t\t\t<div class=\"elementor-container elementor-column-gap-default\">\n\t\t\t\t\t<div class=\"elementor-column elementor-col-100 elementor-top-column elementor-element elementor-element-bfa1b28\" data-id=\"bfa1b28\" data-element_type=\"column\">\n\t\t\t<div class=\"elementor-widget-wrap\">\n\t\t\t\t\t\t\t<\/div>\n\t\t<\/div>\n\t\t\t\t\t<\/div>\n\t\t<\/section>\n\t\t\t\t<section class=\"elementor-section elementor-top-section elementor-element elementor-element-a0d2e8f elementor-section-boxed elementor-section-height-default elementor-section-height-default\" data-id=\"a0d2e8f\" data-element_type=\"section\">\n\t\t\t\t\t\t<div class=\"elementor-container elementor-column-gap-default\">\n\t\t\t\t\t<div class=\"elementor-column elementor-col-50 elementor-top-column elementor-element elementor-element-16fc7ba\" data-id=\"16fc7ba\" data-element_type=\"column\">\n\t\t\t<div class=\"elementor-widget-wrap elementor-element-populated\">\n\t\t\t\t\t\t<div class=\"elementor-element elementor-element-ddc8979 elementor-widget elementor-widget-text-editor\" data-id=\"ddc8979\" data-element_type=\"widget\" data-settings=\"{&quot;ekit_we_effect_on&quot;:&quot;none&quot;}\" data-widget_type=\"text-editor.default\">\n\t\t\t\t<div class=\"elementor-widget-container\">\n\t\t\t\t\t\t\t\t\t<p><strong>Project Start-End Date:<\/strong>&nbsp;02\/2022 \u2013 12\/2023<\/p>\n<p><strong>Project Budget:<\/strong>&nbsp;191.400,00 USD<\/p>\n<p><strong>Project Team: <\/strong>M. P\u0131nar Meng\u00fc\u00e7, Cem Keskin, Ruken Karaku\u015f, Damla Kaleli, G\u00f6k\u00e7e Tomruk\u00e7u, Merve Mermerta\u015f, Ay\u015fe Bayaz\u0131t Suba\u015f\u0131<\/p>\n<p><br><\/p>\n<p>Lahore Times Square (LTS), with a total area of 1.13 million m\u00b2 and multi-layered buildings such as residential units, a hospital, offices, a school and a shopping mall, was CEEE\u2019s premier consultancy project. Due to its scale and climatic conditions, the design, construction and operation of the buildings were highly challenging from both technical and sustainability perspectives. In this context, the project shaped CEEE\u2019s future work.<\/p>\n<p>For this purpose, CEEE developed a unique sustainability strategy and carried out several building energy simulations. In addition, passive design and life cycle analyses were conducted. The user experience was designed with ICT and IoT strategies. CEEE\u2019s consultancy services, comprising a total of five work packages, were successfully completed.<\/p>\t\t\t\t\t\t\t\t<\/div>\n\t\t\t\t<\/div>\n\t\t\t\t\t<\/div>\n\t\t<\/div>\n\t\t\t\t<div class=\"elementor-column elementor-col-50 elementor-top-column elementor-element elementor-element-a226aad\" data-id=\"a226aad\" data-element_type=\"column\">\n\t\t\t<div class=\"elementor-widget-wrap elementor-element-populated\">\n\t\t\t\t\t\t<div class=\"elementor-element elementor-element-5994216 elementor-widget elementor-widget-image\" data-id=\"5994216\" data-element_type=\"widget\" data-settings=\"{&quot;ekit_we_effect_on&quot;:&quot;none&quot;}\" data-widget_type=\"image.default\">\n\t\t\t\t<div class=\"elementor-widget-container\">\n\t\t\t\t\t\t\t\t\t\t\t\t\t\t\t<img fetchpriority=\"high\" decoding=\"async\" width=\"1808\" height=\"2560\" src=\"https:\/\/ozuecem.net\/wp-content\/uploads\/2025\/11\/LTS-Poster-jpg-scaled.jpg\" class=\"attachment-large size-large wp-image-11444\" alt=\"\" srcset=\"https:\/\/ozuecem.net\/wp-content\/uploads\/2025\/11\/LTS-Poster-jpg-scaled.jpg 1808w, https:\/\/ozuecem.net\/wp-content\/uploads\/2025\/11\/LTS-Poster-jpg-768x1088.jpg 768w, https:\/\/ozuecem.net\/wp-content\/uploads\/2025\/11\/LTS-Poster-jpg-1085x1536.jpg 1085w, https:\/\/ozuecem.net\/wp-content\/uploads\/2025\/11\/LTS-Poster-jpg-1446x2048.jpg 1446w\" sizes=\"(max-width: 1808px) 100vw, 1808px\" \/>\t\t\t\t\t\t\t\t\t\t\t\t\t\t\t<\/div>\n\t\t\t\t<\/div>\n\t\t\t\t\t<\/div>\n\t\t<\/div>\n\t\t\t\t\t<\/div>\n\t\t<\/section>\n\t\t\t\t<section class=\"elementor-section elementor-top-section elementor-element elementor-element-7161142 elementor-section-boxed elementor-section-height-default elementor-section-height-default\" data-id=\"7161142\" data-element_type=\"section\">\n\t\t\t\t\t\t<div class=\"elementor-container elementor-column-gap-default\">\n\t\t\t\t\t<div class=\"elementor-column elementor-col-100 elementor-top-column elementor-element elementor-element-d03a404\" data-id=\"d03a404\" data-element_type=\"column\">\n\t\t\t<div class=\"elementor-widget-wrap\">\n\t\t\t\t\t\t\t<\/div>\n\t\t<\/div>\n\t\t\t\t\t<\/div>\n\t\t<\/section>\n\t\t\t\t<\/div>\n\t\t","protected":false},"excerpt":{"rendered":"<p>Project Start-End Date:&nbsp;02\/2022 \u2013 12\/2023 Project Budget:&nbsp;191.400,00 USD Project Team: M. P\u0131nar Meng\u00fc\u00e7, Cem Keskin, Ruken Karaku\u015f, Damla Kaleli, G\u00f6k\u00e7e Tomruk\u00e7u, Merve Mermerta\u015f, Ay\u015fe Bayaz\u0131t Suba\u015f\u0131 Lahore Times Square (LTS), with a total area of 1.13 million m\u00b2 and multi-layered buildings such as residential units, a hospital, offices, a school and a shopping mall, was [&hellip;]<\/p>\n","protected":false},"author":21,"featured_media":0,"parent":7137,"menu_order":0,"comment_status":"closed","ping_status":"closed","template":"","meta":{"footnotes":""},"class_list":["post-8435","page","type-page","status-publish","hentry"],"_links":{"self":[{"href":"https:\/\/ozuecem.net\/en\/wp-json\/wp\/v2\/pages\/8435","targetHints":{"allow":["GET"]}}],"collection":[{"href":"https:\/\/ozuecem.net\/en\/wp-json\/wp\/v2\/pages"}],"about":[{"href":"https:\/\/ozuecem.net\/en\/wp-json\/wp\/v2\/types\/page"}],"author":[{"embeddable":true,"href":"https:\/\/ozuecem.net\/en\/wp-json\/wp\/v2\/users\/21"}],"replies":[{"embeddable":true,"href":"https:\/\/ozuecem.net\/en\/wp-json\/wp\/v2\/comments?post=8435"}],"version-history":[{"count":6,"href":"https:\/\/ozuecem.net\/en\/wp-json\/wp\/v2\/pages\/8435\/revisions"}],"predecessor-version":[{"id":11461,"href":"https:\/\/ozuecem.net\/en\/wp-json\/wp\/v2\/pages\/8435\/revisions\/11461"}],"up":[{"embeddable":true,"href":"https:\/\/ozuecem.net\/en\/wp-json\/wp\/v2\/pages\/7137"}],"wp:attachment":[{"href":"https:\/\/ozuecem.net\/en\/wp-json\/wp\/v2\/media?parent=8435"}],"curies":[{"name":"wp","href":"https:\/\/api.w.org\/{rel}","templated":true}]}}