{"id":9429,"date":"2023-10-07T12:05:54","date_gmt":"2023-10-07T12:05:54","guid":{"rendered":"https:\/\/ozuecem.net\/?page_id=9429"},"modified":"2023-10-07T12:11:44","modified_gmt":"2023-10-07T12:11:44","slug":"ceee-ecem-10-year-book","status":"publish","type":"page","link":"https:\/\/ozuecem.net\/en\/ceee-ecem-10-year-book\/","title":{"rendered":"CEEE\/E\u00c7EM 10 (+) Year Book"},"content":{"rendered":"\t\t<div data-elementor-type=\"wp-page\" data-elementor-id=\"9429\" class=\"elementor elementor-9429\" data-elementor-post-type=\"page\">\n\t\t\t\t\t\t<section class=\"elementor-section elementor-top-section elementor-element elementor-element-3357d26 elementor-section-boxed elementor-section-height-default elementor-section-height-default\" data-id=\"3357d26\" data-element_type=\"section\">\n\t\t\t\t\t\t<div class=\"elementor-container elementor-column-gap-default\">\n\t\t\t\t\t<div class=\"elementor-column elementor-col-100 elementor-top-column elementor-element elementor-element-f0ca385\" data-id=\"f0ca385\" data-element_type=\"column\">\n\t\t\t<div class=\"elementor-widget-wrap elementor-element-populated\">\n\t\t\t\t\t\t<div class=\"elementor-element elementor-element-5f84b6b elementor-widget elementor-widget-text-editor\" data-id=\"5f84b6b\" data-element_type=\"widget\" data-settings=\"{&quot;ekit_we_effect_on&quot;:&quot;none&quot;}\" data-widget_type=\"text-editor.default\">\n\t\t\t\t<div class=\"elementor-widget-container\">\n\t\t\t\t\t\t\t\t\t<p><span style=\"font-family: georgia, palatino, serif; font-size: 12pt;\">This booklet summarizes the first ten (+one) years of the Center for Energy, Environment and Economy (CEEE\/E\u00c7EM), which was established in 2009 as the first research and application center of \u00d6zye\u011fin University. You can access the booklet here;<\/span><\/p><p>\u00a0<\/p><p><span style=\"font-family: georgia, palatino, serif; font-size: 12pt;\"><a href=\"https:\/\/www.ozyegin.edu.tr\/pdfviewer\/ECEM-NanodanGigaya.php\" target=\"_blank\" rel=\"noopener\">CEEE\/E\u00c7EM Nano&#8217;dan Giga&#8217;ya Ara\u015ft\u0131rmalar ve Uygulamalar: 2009-20<\/a>21<\/span><\/p><p style=\"text-align: justify;\">\u00a0<\/p>\t\t\t\t\t\t\t\t<\/div>\n\t\t\t\t<\/div>\n\t\t\t\t\t<\/div>\n\t\t<\/div>\n\t\t\t\t\t<\/div>\n\t\t<\/section>\n\t\t\t\t<\/div>\n\t\t","protected":false},"excerpt":{"rendered":"<p>This booklet summarizes the first ten (+one) years of the Center for Energy, Environment and Economy (CEEE\/E\u00c7EM), which was established in 2009 as the first research and application center of \u00d6zye\u011fin University. You can access the booklet here; \u00a0 CEEE\/E\u00c7EM Nano&#8217;dan Giga&#8217;ya Ara\u015ft\u0131rmalar ve Uygulamalar: 2009-2021 \u00a0<\/p>\n","protected":false},"author":21,"featured_media":0,"parent":0,"menu_order":0,"comment_status":"closed","ping_status":"closed","template":"template\/full-width-template.php","meta":{"footnotes":""},"class_list":["post-9429","page","type-page","status-publish","hentry"],"_links":{"self":[{"href":"https:\/\/ozuecem.net\/en\/wp-json\/wp\/v2\/pages\/9429","targetHints":{"allow":["GET"]}}],"collection":[{"href":"https:\/\/ozuecem.net\/en\/wp-json\/wp\/v2\/pages"}],"about":[{"href":"https:\/\/ozuecem.net\/en\/wp-json\/wp\/v2\/types\/page"}],"author":[{"embeddable":true,"href":"https:\/\/ozuecem.net\/en\/wp-json\/wp\/v2\/users\/21"}],"replies":[{"embeddable":true,"href":"https:\/\/ozuecem.net\/en\/wp-json\/wp\/v2\/comments?post=9429"}],"version-history":[{"count":0,"href":"https:\/\/ozuecem.net\/en\/wp-json\/wp\/v2\/pages\/9429\/revisions"}],"wp:attachment":[{"href":"https:\/\/ozuecem.net\/en\/wp-json\/wp\/v2\/media?parent=9429"}],"curies":[{"name":"wp","href":"https:\/\/api.w.org\/{rel}","templated":true}]}}